{"id":29864,"date":"2025-03-17T05:48:19","date_gmt":"2025-03-17T04:48:19","guid":{"rendered":"https:\/\/smania.store\/lv\/preces\/akvarija-tirisanas-lidzeklis-algacure\/"},"modified":"2025-10-23T06:34:17","modified_gmt":"2025-10-23T04:34:17","slug":"akvarija-tirisanas-lidzeklis-algacure","status":"publish","type":"product","link":"https:\/\/smania.store\/lv\/preces\/akvarija-tirisanas-lidzeklis-algacure\/","title":{"rendered":"Akv\u0101rija t\u012br\u012b\u0161anas l\u012bdzeklis AlgaCure (70 g)"},"content":{"rendered":"<div class=\"smania_landing_description_title\">Jaunums! AlgaCure &#8211; efekt\u012bvs risin\u0101jums pret a\u013c\u0123\u0113m un net\u012brumiem<\/div>\n<div class=\"smania_landing_description_txt\">Uzturiet savu akv\u0101riju sp\u012bd\u012bgu, svaigu un bez smak\u0101m!<\/div>\n<div class=\"smania_landing_description_subtitle\">Vai esat noguris no du\u013c\u0137aina \u016bdens, sp\u012bt\u012bg\u0101m a\u013c\u0123\u0113m un nepat\u012bkam\u0101m smak\u0101m sav\u0101 akv\u0101rij\u0101? Ar AlgaCure j\u016bs varat izbaud\u012bt mirdzo\u0161i t\u012bru, vesel\u012bgu un l\u012bdzsvarotu \u016bdens vidi &#8211; bez nebeidzamas t\u012br\u012b\u0161anas vai \u016bdens mai\u0146as.<\/div>\n<div class=\"smania_landing_description_list\">\n<ul>\n<li>Nov\u0113r\u0161 a\u013c\u0123u un organisko nogul\u0161\u0146u veido\u0161anos &#8211; dabiski no\u0101rda liek\u0101s a\u013c\u0123es, atmiru\u0161os augus un gru\u017eus<\/li>\n<li>Neitraliz\u0113 sliktas smakas &#8211; atst\u0101j tvertni svaigu, t\u012bru un krist\u0101ldzidru<\/li>\n<li>Uztur vesel\u012bgu l\u012bdzsvaru &#8211; atbalsta dabisko mikrobu harmoniju, lai akv\u0101rijs b\u016btu stabils un nepras\u012btu lielu apkopi<\/li>\n<li>Nevajag vairs t\u012br\u012bt ar rok\u0101m &#8211; vienk\u0101r\u0161i pievienojiet to \u016bdenim un \u013caujiet formulai dar\u012bt savu darbu<\/li>\n<li>Uzlabo zivju vesel\u012bbu &#8211; t\u012br\u0101ks \u016bdens noz\u012bm\u0113 laim\u012bg\u0101kas un akt\u012bv\u0101kas zivis<\/li>\n<\/ul><\/div>\n","protected":false},"excerpt":{"rendered":"<p>Nav nepiecie\u0161ama manu\u0101la t\u012br\u012b\u0161ana|Uztur stabilu vesel\u012bbas l\u012bdzsvaru akv\u0101rij\u0101|Uzlabota biolo\u0123isk\u0101 formula|Izgatavots no dro\u0161iem un netoksiskiem savienojumiem|Nekait\u012bgs \u016bdens organismiem un augiem|Saturs: 70 g<\/p>\n","protected":false},"featured_media":31475,"template":"","meta":[],"product_cat":[1594,1597],"product_tag":[],"acf":[],"_links":{"self":[{"href":"https:\/\/smania.store\/lv\/wp-json\/wp\/v2\/product\/29864"}],"collection":[{"href":"https:\/\/smania.store\/lv\/wp-json\/wp\/v2\/product"}],"about":[{"href":"https:\/\/smania.store\/lv\/wp-json\/wp\/v2\/types\/product"}],"wp:featuredmedia":[{"embeddable":true,"href":"https:\/\/smania.store\/lv\/wp-json\/wp\/v2\/media\/31475"}],"wp:attachment":[{"href":"https:\/\/smania.store\/lv\/wp-json\/wp\/v2\/media?parent=29864"}],"wp:term":[{"taxonomy":"product_cat","embeddable":true,"href":"https:\/\/smania.store\/lv\/wp-json\/wp\/v2\/product_cat?post=29864"},{"taxonomy":"product_tag","embeddable":true,"href":"https:\/\/smania.store\/lv\/wp-json\/wp\/v2\/product_tag?post=29864"}],"curies":[{"name":"wp","href":"https:\/\/api.w.org\/{rel}","templated":true}]}}