{"id":29815,"date":"2025-03-05T05:25:10","date_gmt":"2025-03-05T04:25:10","guid":{"rendered":"https:\/\/smania.store\/lv\/preces\/salokams-apavu-skapis-shoemaster-6-limeni\/"},"modified":"2025-03-05T05:25:10","modified_gmt":"2025-03-05T04:25:10","slug":"salokams-apavu-skapis-shoemaster-6-limeni","status":"publish","type":"product","link":"https:\/\/smania.store\/lv\/preces\/salokams-apavu-skapis-shoemaster-6-limeni\/","title":{"rendered":"Salok\u0101ms apavu skapis ShoeMaster\u2122 (6 l\u012bme\u0146i)"},"content":{"rendered":"<div class=\"smania_landing_description_title\">JAUNUMS: sak\u0101rtojiet savus apavus vai citus priek\u0161metus stil\u012bgi!<\/div>\n<div class=\"smania_landing_description_txt\">Sak\u0101rtojiet apavus un ieviesiet k\u0101rt\u012bbu sav\u0101 telp\u0101<\/div>\n<div class=\"smania_landing_description_subtitle\">Salok\u0101mais apavu skapis ShoeMaster\u2122 ir elegantas un k\u0101rt\u012bgas ieejas nosl\u0113pums! Ar modernu un praktisku stilu tas lieliski iederas jebkur\u0101 telp\u0101. Salok\u0101mais dizains, caursp\u012bd\u012bg\u0101s durvis un ventil\u0101cijas atveres padar\u012bs j\u016bsu apavu k\u0101rto\u0161anu par br\u012bzem! Ietaupiet vietu un organiz\u0113jiet to ar eleganci.<\/div>\n<div class=\"smania_landing_description_list\">\n<ul>\n<li>\u0100tra mont\u0101\u017ea, nav nepiecie\u0161ami instrumenti<\/li>\n<li>Ietilp\u012bba l\u012bdz 12 apavu p\u0101riem<\/li>\n<li>Moderns, minim\u0101listisks dizains gai\u0161i b\u0113\u0161\u0101 kr\u0101s\u0101<\/li>\n<li>Vieta augstiem z\u0101bakiem apak\u0161\u0113j\u0101 lielaj\u0101 re\u017e\u0123\u012b<\/li>\n<li>Iztur\u012bgs plastmasas materi\u0101ls PP + PET<\/li>\n<li>Caursp\u012bd\u012bgas durvis \u0113rtai piek\u013cuvei<\/li>\n<\/ul><\/div>\n","protected":false},"excerpt":{"rendered":"<p>Viegli uzst\u0101d\u012bt vai salok\u0101ms, kad tas netiek lietots|Magn\u0113tiskas durvis ar ventil\u0101cijas atver\u0113m|Stabila un cieta strukt\u016bra|Viegli t\u012br\u0101ms un p\u0101rvietojams|Ide\u0101li piem\u0113rots ieejai, virtuvei, ve\u013cas telpai, gar\u0101\u017eai utt.|Piem\u0113rots apaviem vai citiem priek\u0161metiem|Liela nestsp\u0113ja|Ietilp\u012bba: 12 apavu p\u0101ri (6 plaukti)|Izm\u0113ri st\u0101vot: 118 x 44 x 34,5 cm|Izm\u0113ri saloc\u012bt\u0101 veid\u0101: 20 x 44 x 34,5 cm|Plauktu izm\u0113ri: 18,5 x 44 x 34,5 cm (5x mazs), 30 x 44 x 34,5 cm (liels)|Materi\u0101ls: PP, PET (plastmasa)<\/p>\n","protected":false},"featured_media":29804,"template":"","meta":[],"product_cat":[1594],"product_tag":[1950],"acf":[],"_links":{"self":[{"href":"https:\/\/smania.store\/lv\/wp-json\/wp\/v2\/product\/29815"}],"collection":[{"href":"https:\/\/smania.store\/lv\/wp-json\/wp\/v2\/product"}],"about":[{"href":"https:\/\/smania.store\/lv\/wp-json\/wp\/v2\/types\/product"}],"wp:featuredmedia":[{"embeddable":true,"href":"https:\/\/smania.store\/lv\/wp-json\/wp\/v2\/media\/29804"}],"wp:attachment":[{"href":"https:\/\/smania.store\/lv\/wp-json\/wp\/v2\/media?parent=29815"}],"wp:term":[{"taxonomy":"product_cat","embeddable":true,"href":"https:\/\/smania.store\/lv\/wp-json\/wp\/v2\/product_cat?post=29815"},{"taxonomy":"product_tag","embeddable":true,"href":"https:\/\/smania.store\/lv\/wp-json\/wp\/v2\/product_tag?post=29815"}],"curies":[{"name":"wp","href":"https:\/\/api.w.org\/{rel}","templated":true}]}}