{"id":27844,"date":"2023-07-19T11:33:38","date_gmt":"2023-07-19T09:33:38","guid":{"rendered":"https:\/\/smania.store\/lv\/preces\/skapja-organizatoru-komplekts-tidix\/"},"modified":"2023-07-19T11:33:42","modified_gmt":"2023-07-19T09:33:42","slug":"skapja-organizatoru-komplekts-tidix","status":"publish","type":"product","link":"https:\/\/smania.store\/lv\/preces\/skapja-organizatoru-komplekts-tidix\/","title":{"rendered":"Skapja organizatoru komplekts TidiX"},"content":{"rendered":"<div class=\"smania_landing_description_title\">JAUNUMS! Skapja organizators TidiX<\/div>\n<div class=\"smania_landing_description_txt\">Piln\u012bb\u0101 izmanto pieejamo vietu sav\u0101 skap\u012b!<\/div>\n<div class=\"smania_landing_description_subtitle\">Sak\u0101rto savas iecien\u012bt\u0101k\u0101s apak\u0161bikes, ze\u0137es, kr\u016b\u0161turus vai aksesu\u0101rus ar daudzpus\u012bgo TidiX skapja organizatoru. Regul\u0113jami nodal\u012bjumi, kompakts izm\u0113rs un nav nepiecie\u0161ams urbt caurumus, lai uzst\u0101d\u012btu \u2013 \u0161\u012bs elegant\u0101s un iztur\u012bg\u0101s uzglab\u0101\u0161anas kastes ir lieliski piem\u0113rotas, lai pal\u012bdz\u0113tu glab\u0101t vair\u0101k tav\u0101 skap\u012b vai kumod\u0113.<\/div>\n<div class=\"smania_landing_description_list\">\n<ul>\n<li>Elegants un caursp\u012bd\u012bgs dizains<\/li>\n<li>6 regul\u0113jami glab\u0101\u0161anas nodal\u012bjumi<\/li>\n<li>Var ievietot vair\u0101kas apak\u0161bikses, ze\u0137es vai kr\u016b\u0161turus<\/li>\n<li>Uzst\u0101d\u012b\u0161anai nav nepiecie\u0161ams veikt urbumus<\/li>\n<li>Pieejams 3 kr\u0101s\u0101s k\u0101 komplekts ar 4 kast\u0113m<\/li>\n<\/ul><\/div>\n","protected":false},"excerpt":{"rendered":"<p>6 nodal\u012bjumi|Iz\u0146emamas starpsieni\u0146as|Viegli izvelkams|Ietaupa vietu tav\u0101 skap\u012b|Piem\u0113rots vadiem, rotasliet\u0101m, gar\u0161viel\u0101m un citiem maziem priek\u0161metiem|Uzst\u0101d\u012b\u0161ana bez urb\u0161anas|Iztur\u012bgs pret putek\u013ciem un \u016bdeni|Materi\u0101ls: HIPS, PET|Izm\u0113rs: 36 \u00d7 8,3 \u00d7 10,7 cm|Svars: 400 g (1 kaste)<\/p>\n","protected":false},"featured_media":27835,"template":"","meta":[],"product_cat":[1594],"product_tag":[1950],"acf":[],"_links":{"self":[{"href":"https:\/\/smania.store\/lv\/wp-json\/wp\/v2\/product\/27844"}],"collection":[{"href":"https:\/\/smania.store\/lv\/wp-json\/wp\/v2\/product"}],"about":[{"href":"https:\/\/smania.store\/lv\/wp-json\/wp\/v2\/types\/product"}],"wp:featuredmedia":[{"embeddable":true,"href":"https:\/\/smania.store\/lv\/wp-json\/wp\/v2\/media\/27835"}],"wp:attachment":[{"href":"https:\/\/smania.store\/lv\/wp-json\/wp\/v2\/media?parent=27844"}],"wp:term":[{"taxonomy":"product_cat","embeddable":true,"href":"https:\/\/smania.store\/lv\/wp-json\/wp\/v2\/product_cat?post=27844"},{"taxonomy":"product_tag","embeddable":true,"href":"https:\/\/smania.store\/lv\/wp-json\/wp\/v2\/product_tag?post=27844"}],"curies":[{"name":"wp","href":"https:\/\/api.w.org\/{rel}","templated":true}]}}