{"id":27124,"date":"2023-06-02T09:54:32","date_gmt":"2023-06-02T07:54:32","guid":{"rendered":"https:\/\/smania.store\/lv\/preces\/parnesajams-brillu-organizators-eyego\/"},"modified":"2023-06-02T09:54:35","modified_gmt":"2023-06-02T07:54:35","slug":"parnesajams-brillu-organizators-eyego","status":"publish","type":"product","link":"https:\/\/smania.store\/lv\/preces\/parnesajams-brillu-organizators-eyego\/","title":{"rendered":"P\u0101rn\u0113s\u0101jams bri\u013c\u013cu organizators EyeGo"},"content":{"rendered":"<div class=\"smania_landing_description_title\">Jaunums! P\u0101rn\u0113s\u0101jams bri\u013c\u013cu organizators EyeGo<\/div>\n<div class=\"smania_landing_description_txt\">Ieliec brilles, sarull\u0113, ieliec som\u0101 un dodies ce\u013c\u0101!<\/div>\n<div class=\"smania_landing_description_subtitle\">EyeGo ir praktisks un stil\u012bgs dizains, kam ir pietiekami daudz vietas jebkur\u0101 \u010demod\u0101n\u0101 un mugursom\u0101, padarot to ide\u0101li piem\u0113rotu ce\u013co\u0161anai. Tam ir 6 atsevi\u0161\u0137i nodal\u012bjumi brill\u0113m, t\u0101p\u0113c tev nav j\u0101uztraucas par boj\u0101jumiem.<\/div>\n<div class=\"smania_landing_description_list\">\n<ul>\n<li>Piem\u0113rots visu izm\u0113ru brill\u0113m<\/li>\n<li>Kl\u0101ts ar zam\u0161\u0101du aizsardz\u012bbai<\/li>\n<li>Unik\u0101ls dizains<\/li>\n<li>6 nodal\u012bjumi glab\u0101\u0161anai<\/li>\n<li>Ide\u0101li piem\u0113rots ce\u013co\u0161anai<\/li>\n<\/ul><\/div>\n","protected":false},"excerpt":{"rendered":"<p>Glab\u0101 l\u012bdz 6 brill\u0113m |Unik\u0101ls dizains, kas ietaupa vietu|Praktiskais rokturis \u013cauj to n\u0113s\u0101t vai piek\u0101rt pie sienas|Dro\u0161a tr\u012bs pogu aizdare |Vari to izmantot ar\u012b pulkste\u0146u, rotaslietu, kosm\u0113tikas un citu mazu priek\u0161metu uzglab\u0101\u0161anai|Pasarg\u0101 tavas brilles no putek\u013ciem un boj\u0101jumiem|Pieejams 2 elegant\u0101s kr\u0101s\u0101s|Izm\u0113rs: 16,5 \u00d7 16,2 \u00d7 14,5 cm<\/p>\n","protected":false},"featured_media":27116,"template":"","meta":[],"product_cat":[1599],"product_tag":[1721],"acf":[],"_links":{"self":[{"href":"https:\/\/smania.store\/lv\/wp-json\/wp\/v2\/product\/27124"}],"collection":[{"href":"https:\/\/smania.store\/lv\/wp-json\/wp\/v2\/product"}],"about":[{"href":"https:\/\/smania.store\/lv\/wp-json\/wp\/v2\/types\/product"}],"wp:featuredmedia":[{"embeddable":true,"href":"https:\/\/smania.store\/lv\/wp-json\/wp\/v2\/media\/27116"}],"wp:attachment":[{"href":"https:\/\/smania.store\/lv\/wp-json\/wp\/v2\/media?parent=27124"}],"wp:term":[{"taxonomy":"product_cat","embeddable":true,"href":"https:\/\/smania.store\/lv\/wp-json\/wp\/v2\/product_cat?post=27124"},{"taxonomy":"product_tag","embeddable":true,"href":"https:\/\/smania.store\/lv\/wp-json\/wp\/v2\/product_tag?post=27124"}],"curies":[{"name":"wp","href":"https:\/\/api.w.org\/{rel}","templated":true}]}}