{"id":27075,"date":"2023-06-02T09:10:18","date_gmt":"2023-06-02T07:10:18","guid":{"rendered":"https:\/\/smania.store\/lv\/preces\/ieslucenes-beachies\/"},"modified":"2024-03-19T12:57:25","modified_gmt":"2024-03-19T11:57:25","slug":"ieslucenes-beachies","status":"publish","type":"product","link":"https:\/\/smania.store\/lv\/preces\/ieslucenes-beachies\/","title":{"rendered":"Ie\u0161\u013c\u016bcenes Beachies"},"content":{"rendered":"<div class=\"smania_landing_description_title\">Jaunums! Ie\u0161\u013c\u016bcenes Beachies<\/div>\n<div class=\"smania_landing_description_txt\">Izbaudi vasaras ko\u0161umu!<\/div>\n<div class=\"smania_landing_description_subtitle\">Uzvelc \u0161\u012bs modern\u0101s pludmales sandales un izbaudi vasaru ar stilu. To nesl\u012bdo\u0161\u0101 \u0101rzole nodro\u0161ina labu sa\u0137eri uz slapj\u0101m virsm\u0101m, padarot t\u0101s ide\u0101li piem\u0113rotas piedz\u012bvojumiem pludmal\u0113 un basein\u0101.<\/div>\n<div class=\"smania_landing_description_list\">\n<ul>\n<li>Unik\u0101ls un moderns izskats<\/li>\n<li>Lieliski piem\u0113rotas karst\u0101m vasaras dien\u0101m<\/li>\n<li>Praktisks ie\u0161\u013c\u016bce\u0146u dizains<\/li>\n<li>Vieglas, m\u012bkstas un neticami \u0113rtas<\/li>\n<li>Ide\u0101las valk\u0101\u0161anai basein\u0101 vai pludmal\u0113<\/li>\n<\/ul>\n<\/div>\n","protected":false},"excerpt":{"rendered":"<p>Spilgtas kr\u0101sas|Stil\u012bgs dizains|Lieliski piem\u0113rotas valk\u0101\u0161anai ikdien\u0101|Nesl\u012bdo\u0161a zole|M\u012bkstas un \u0113rtas|Ie\u0161\u013c\u016bce\u0146u dizains|Materi\u0101ls: 95% PVC + 5% poliuret\u0101ns|Pieejamie izm\u0113ri: 36\u201341<\/p>\n","protected":false},"featured_media":27066,"template":"","meta":[],"product_cat":[1942,1783,1600],"product_tag":[1657,1948,1658],"acf":[],"_links":{"self":[{"href":"https:\/\/smania.store\/lv\/wp-json\/wp\/v2\/product\/27075"}],"collection":[{"href":"https:\/\/smania.store\/lv\/wp-json\/wp\/v2\/product"}],"about":[{"href":"https:\/\/smania.store\/lv\/wp-json\/wp\/v2\/types\/product"}],"wp:featuredmedia":[{"embeddable":true,"href":"https:\/\/smania.store\/lv\/wp-json\/wp\/v2\/media\/27066"}],"wp:attachment":[{"href":"https:\/\/smania.store\/lv\/wp-json\/wp\/v2\/media?parent=27075"}],"wp:term":[{"taxonomy":"product_cat","embeddable":true,"href":"https:\/\/smania.store\/lv\/wp-json\/wp\/v2\/product_cat?post=27075"},{"taxonomy":"product_tag","embeddable":true,"href":"https:\/\/smania.store\/lv\/wp-json\/wp\/v2\/product_tag?post=27075"}],"curies":[{"name":"wp","href":"https:\/\/api.w.org\/{rel}","templated":true}]}}