{"id":26699,"date":"2023-05-10T10:08:43","date_gmt":"2023-05-10T08:08:43","guid":{"rendered":"https:\/\/smania.store\/lv\/preces\/burtu-iespiedejs-gala-sizzler\/"},"modified":"2023-05-10T10:08:43","modified_gmt":"2023-05-10T08:08:43","slug":"burtu-iespiedejs-gala-sizzler","status":"publish","type":"product","link":"https:\/\/smania.store\/lv\/preces\/burtu-iespiedejs-gala-sizzler\/","title":{"rendered":"Burtu iespied\u0113js ga\u013c\u0101 Sizzler"},"content":{"rendered":"<div class=\"smania_landing_description_title\">JAUNUMS! Burtu iespied\u0113js ga\u013c\u0101 Sizzler<\/div>\n<div class=\"smania_landing_description_txt\">P\u0101rsteidz savus viesus ar personaliz\u0113tu \u0113dienu!<\/div>\n<div class=\"smania_landing_description_subtitle\">Padari aizraujo\u0161\u0101ku savu n\u0101kamo grila pas\u0101kumu ar m\u016bsu kvalitat\u012bvo burtu iespied\u0113ju ga\u013c\u0101 Sizzler. Pateicoties 55 burtiem un 8 atstarp\u0113m, iespiest neaizmirstamu v\u0113st\u012bjumu, v\u0101rdus vai jokus uz steika, \u0161a\u0161lika, burgera, vistas ga\u013cas un pat d\u0101rze\u0146iem ir \u013coti viegli. Ieg\u0101d\u0101jies savu Sizzler burtu iespied\u0113ju ga\u013c\u0101 t\u016bl\u012bt un k\u013c\u016bsti par neaizmirstamu gril\u0113t\u0101ju!<\/div>\n<div class=\"smania_landing_description_list\">\n<ul>\n<li>Unik\u0101li v\u0113st\u012bjumi, v\u0101rdi un joki<\/li>\n<li>Viegla burtu nomain\u012b\u0161ana<\/li>\n<li>Jautr\u0101ka gril\u0113\u0161ana ar draugiem<\/li>\n<li>Lieliski piem\u0113rots steikiem, \u0161a\u0161likam, burgeriem, vistas ga\u013cai un pat d\u0101rze\u0146iem<\/li>\n<li>Izgatavots no kvalitat\u012bviem un iztur\u012bgiem materi\u0101liem<\/li>\n<\/ul><\/div>\n","protected":false},"excerpt":{"rendered":"<p>Karstumiztur\u012bgs koka rokturis|Viegls un p\u0101rn\u0113s\u0101jams|Lieliska d\u0101vana barbekj\u016b cien\u012bt\u0101jiem un gril\u0113t\u0101jiem|Komplekt\u0101 55 burti un 8 atstarpes|Viegli lietojams un t\u012br\u0101ms|Iztur\u012bgs un ilgm\u016b\u017e\u012bgs|Materi\u0101ls: alum\u012bnija sakaus\u0113jums, koks|Iespied\u0113ja izm\u0113rs: 43,5 \u00d7 8,7 cm<\/p>\n","protected":false},"featured_media":26689,"template":"","meta":[],"product_cat":[1783,1602],"product_tag":[1647],"acf":[],"_links":{"self":[{"href":"https:\/\/smania.store\/lv\/wp-json\/wp\/v2\/product\/26699"}],"collection":[{"href":"https:\/\/smania.store\/lv\/wp-json\/wp\/v2\/product"}],"about":[{"href":"https:\/\/smania.store\/lv\/wp-json\/wp\/v2\/types\/product"}],"wp:featuredmedia":[{"embeddable":true,"href":"https:\/\/smania.store\/lv\/wp-json\/wp\/v2\/media\/26689"}],"wp:attachment":[{"href":"https:\/\/smania.store\/lv\/wp-json\/wp\/v2\/media?parent=26699"}],"wp:term":[{"taxonomy":"product_cat","embeddable":true,"href":"https:\/\/smania.store\/lv\/wp-json\/wp\/v2\/product_cat?post=26699"},{"taxonomy":"product_tag","embeddable":true,"href":"https:\/\/smania.store\/lv\/wp-json\/wp\/v2\/product_tag?post=26699"}],"curies":[{"name":"wp","href":"https:\/\/api.w.org\/{rel}","templated":true}]}}