{"id":26535,"date":"2023-04-26T12:05:27","date_gmt":"2023-04-26T10:05:27","guid":{"rendered":"https:\/\/smania.store\/lv\/preces\/mazula-barosanas-komplekts-nomnom\/"},"modified":"2023-05-04T09:02:20","modified_gmt":"2023-05-04T07:02:20","slug":"mazula-barosanas-komplekts-nomnom","status":"publish","type":"product","link":"https:\/\/smania.store\/lv\/preces\/mazula-barosanas-komplekts-nomnom\/","title":{"rendered":"Mazu\u013ca baro\u0161anas komplekts NomNom"},"content":{"rendered":"<div class=\"smania_landing_description_title\">Jaunums! Mazu\u013ca baro\u0161anas komplekts NomNom<\/div>\n<div class=\"smania_landing_description_txt\">Tavs mazais vienm\u0113r v\u0113l\u0113sies \u0113st!<\/div>\n<div class=\"smania_landing_description_subtitle\">Ciet\u0101s p\u0101rtikas ievie\u0161ana ir aizraujo\u0161s pav\u0113rsiens, ta\u010du tas ar\u012b m\u0113dz sag\u0101d\u0101t daudz nek\u0101rt\u012bbas. NomNom mazu\u013ca baro\u0161anas komplekts ir izstr\u0101d\u0101ts, \u0146emot v\u0113r\u0101 to, kas padara \u0113\u0161anu t\u012br\u0101ku, viegl\u0101ku un jautr\u0101ku.<\/div>\n<div class=\"smania_landing_description_list\">\n<ul>\n<li>M\u0101ca tavam mazajam \u0113st past\u0101v\u012bgi<\/li>\n<li>Sp\u0113c\u012bgs pies\u016bceknis uz \u0161\u0137\u012bvja un b\u013codas dibena<\/li>\n<li>M\u012bkstas un lok\u0101mas karotes un dak\u0161i\u0146as<\/li>\n<li>Lac\u012bte ne\u013cauj \u0113dienam un dz\u0113rienam nok\u013c\u016bt uz gr\u012bdas vai dr\u0113b\u0113m<\/li>\n<li>Komplekt\u0101: \u0161\u0137\u012bvis, b\u013coda, lac\u012bte, 2 dak\u0161as, 2 karotes<\/li>\n<\/ul><\/div>\n","protected":false},"excerpt":{"rendered":"<p>Lieliski piem\u0113rots, lai mazulis \u0113stu past\u0101v\u012bgi|Jauks dizains ar apa\u013c\u0101m mal\u0101m|Dro\u0161i materi\u0101li, kas nav toksiski|Dro\u0161a lieto\u0161ana trauku mazg\u0101jamaj\u0101 ma\u0161\u012bn\u0101, cepe\u0161kr\u0101sn\u012b, mikrovi\u013c\u0146u kr\u0101sn\u012b un sald\u0113tav\u0101|Da\u017e\u0101das burv\u012bgas kr\u0101sas|Piem\u0113rots maziem b\u0113rniem no 6 m\u0113ne\u0161u vecuma|\u0160\u0137\u012bvja izm\u0113rs: 24,2 \u00d7 18,5 \u00d7 3,3 cm (2 \u00d7 300 + 150 ml)|B\u013codas izm\u0113rs: 8 \u00d7 12 \u00d7 12 cm (350 ml)|Lac\u012btes izm\u0113rs: 29 \u00d7 22 cm|Galda piederumu izm\u0113ri: apt. 13,5 \u00d7 3,5 cm|Materi\u0101ls: silikons, kas nesatur BPA|Komplekt\u0101: \u0161\u0137\u012bvis, b\u013coda, lac\u012bte, 2 dak\u0161as un 2 karotes<\/p>\n","protected":false},"featured_media":26527,"template":"","meta":[],"product_cat":[1595,1783],"product_tag":[1628,1605,1622],"acf":[],"_links":{"self":[{"href":"https:\/\/smania.store\/lv\/wp-json\/wp\/v2\/product\/26535"}],"collection":[{"href":"https:\/\/smania.store\/lv\/wp-json\/wp\/v2\/product"}],"about":[{"href":"https:\/\/smania.store\/lv\/wp-json\/wp\/v2\/types\/product"}],"wp:featuredmedia":[{"embeddable":true,"href":"https:\/\/smania.store\/lv\/wp-json\/wp\/v2\/media\/26527"}],"wp:attachment":[{"href":"https:\/\/smania.store\/lv\/wp-json\/wp\/v2\/media?parent=26535"}],"wp:term":[{"taxonomy":"product_cat","embeddable":true,"href":"https:\/\/smania.store\/lv\/wp-json\/wp\/v2\/product_cat?post=26535"},{"taxonomy":"product_tag","embeddable":true,"href":"https:\/\/smania.store\/lv\/wp-json\/wp\/v2\/product_tag?post=26535"}],"curies":[{"name":"wp","href":"https:\/\/api.w.org\/{rel}","templated":true}]}}