{"id":25610,"date":"2023-02-17T13:54:49","date_gmt":"2023-02-17T12:54:49","guid":{"rendered":"https:\/\/smania.store\/lv\/preces\/piesprauzama-matu-zirgaste\/"},"modified":"2023-04-21T07:50:05","modified_gmt":"2023-04-21T05:50:05","slug":"piesprauzama-matu-zirgaste","status":"publish","type":"product","link":"https:\/\/smania.store\/lv\/preces\/piesprauzama-matu-zirgaste\/","title":{"rendered":"Piesprau\u017eama matu zirgaste"},"content":{"rendered":"<div class=\"smania_landing_description_title\">JAUNUMS!Piesprau\u017eama matu zirgaste<\/div>\n<div class=\"smania_landing_description_txt\">K\u013c\u016bsti par garmatainu skaistuli da\u017e\u0101s sekund\u0113s!<\/div>\n<div class=\"smania_landing_description_subtitle\">Ja vai v\u0113lies skaistus un garus matus, bet tavi mati vienk\u0101r\u0161i nev\u0113las augt, m\u016bsu mati pieaudz\u0113\u0161anai ir \u012bstais risin\u0101jums tie\u0161i tev! Veido savus matus ikdienas dz\u012bvei vai \u012bpa\u0161iem notikumiem un k\u013c\u016bsti par elpu aizraujo\u0161u skaistuli tikai da\u017eu sekun\u017eu laik\u0101.<\/div>\n<div class=\"smania_landing_description_list\">\n<ul>\n<li>Bl\u012bvi, m\u012bksti, kvalitat\u012bvi un dabiska izskata mati<\/li>\n<li>P\u0101rveido savu friz\u016bru un izskatu da\u017eu sekun\u017eu laik\u0101<\/li>\n<li>Neticami viegli lietojami<\/li>\n<li>Taisni vai lokaini mati pieejami 6 da\u017e\u0101d\u0101s kr\u0101s\u0101s<\/li>\n<li>Ide\u0101li piem\u0113roti ikdienai un \u012bpa\u0161iem notikumiem<\/li>\n<\/ul><\/div>\n","protected":false},"excerpt":{"rendered":"<p>Gar\u0101kai, bl\u012bv\u0101kai zirgastei, kas pie\u0161\u0137ir \u0101rk\u0101rt\u012bgi pievilc\u012bgu un elegantu izskatu|Ide\u0101li piem\u0113roti \u012bpa\u0161iem notikumiem, ball\u012bt\u0113m vai ikdienai|Z\u012bdaini gludi un m\u012bksti \u2013 k\u0101 \u012bsti mati|\u0100tri un neticami viegli piesprau\u017eami|Iztur\u012bgi pret \u016bdeni|Bez l\u012bmes, kas var kait\u0113t taviem matiem|Garums: 60 cm|Svars: 90 g|Materi\u0101ls: kvalitat\u012bva sint\u0113tisk\u0101 \u0161\u0137iedra<\/p>\n","protected":false},"featured_media":25597,"template":"","meta":[],"product_cat":[1783,1598],"product_tag":[1738,1658],"acf":[],"_links":{"self":[{"href":"https:\/\/smania.store\/lv\/wp-json\/wp\/v2\/product\/25610"}],"collection":[{"href":"https:\/\/smania.store\/lv\/wp-json\/wp\/v2\/product"}],"about":[{"href":"https:\/\/smania.store\/lv\/wp-json\/wp\/v2\/types\/product"}],"wp:featuredmedia":[{"embeddable":true,"href":"https:\/\/smania.store\/lv\/wp-json\/wp\/v2\/media\/25597"}],"wp:attachment":[{"href":"https:\/\/smania.store\/lv\/wp-json\/wp\/v2\/media?parent=25610"}],"wp:term":[{"taxonomy":"product_cat","embeddable":true,"href":"https:\/\/smania.store\/lv\/wp-json\/wp\/v2\/product_cat?post=25610"},{"taxonomy":"product_tag","embeddable":true,"href":"https:\/\/smania.store\/lv\/wp-json\/wp\/v2\/product_tag?post=25610"}],"curies":[{"name":"wp","href":"https:\/\/api.w.org\/{rel}","templated":true}]}}