{"id":24605,"date":"2022-11-24T10:56:52","date_gmt":"2022-11-24T09:56:52","guid":{"rendered":"https:\/\/smania.store\/lv\/preces\/sega-ar-piedurknem-snughug\/"},"modified":"2023-12-23T21:22:47","modified_gmt":"2023-12-23T20:22:47","slug":"sega-ar-piedurknem-snughug","status":"publish","type":"product","link":"https:\/\/smania.store\/lv\/preces\/sega-ar-piedurknem-snughug\/","title":{"rendered":"Sega ar piedurkn\u0113m SnugHug"},"content":{"rendered":"<div class=\"smania_landing_description_title\">Jauns interneta veikala pied\u0101v\u0101jums! Fl\u012bsa sega ar piedurkn\u0113m SnugHug<\/div>\n<div class=\"smania_landing_description_txt\">Izbaudi SnugHug segas ar piedurkn\u0113m silto apsk\u0101vienu!<\/div>\n<div class=\"smania_landing_description_subtitle\">Uzvelc silto SnugHug segu un izbaudi pat aukst\u0101k\u0101s gada dienas. Lielisk\u0101 kvalit\u0101te kop\u0101 ar pievilc\u012bgo dizainu par\u016bp\u0113sies par tavu komfortu gan m\u0101j\u0101s, gan aukst\u0101s nakt\u012bs zem zvaigzn\u0113m.<\/div>\n<div class=\"smania_landing_description_list\">\n<ul>\n<li>Izgatavota no silta, kvalitat\u012bva fl\u012bsa<\/li>\n<li>M\u012bksta un \u0113rta<\/li>\n<li>Ir gan kapuce, gan piedurknes, lai nov\u0113rstu aukstumu<\/li>\n<li>Vari izv\u0113l\u0113ties da\u017e\u0101das kr\u0101sas<\/li>\n<li>Izmanto\u0161anai gan iek\u0161telp\u0101s, gan \u0101r\u0101<\/li>\n<\/ul><\/div>\n","protected":false},"excerpt":{"rendered":"<p>Apbr\u012bnojams dizains|Neticami silta|Augstas kvalit\u0101tes produkts|Vari izv\u0113l\u0113ties da\u017e\u0101das kr\u0101sas|Materi\u0101ls: 100% poliestera \u0161\u0137iedras|Neticams komforts|Viens izm\u0113rs, kas der ikvienam|Ide\u0101la d\u0101vana ziem\u0101<\/p>\n","protected":false},"featured_media":24673,"template":"","meta":[],"product_cat":[1942,1600],"product_tag":[1657,1948,1658,1637,1610],"acf":[],"_links":{"self":[{"href":"https:\/\/smania.store\/lv\/wp-json\/wp\/v2\/product\/24605"}],"collection":[{"href":"https:\/\/smania.store\/lv\/wp-json\/wp\/v2\/product"}],"about":[{"href":"https:\/\/smania.store\/lv\/wp-json\/wp\/v2\/types\/product"}],"wp:featuredmedia":[{"embeddable":true,"href":"https:\/\/smania.store\/lv\/wp-json\/wp\/v2\/media\/24673"}],"wp:attachment":[{"href":"https:\/\/smania.store\/lv\/wp-json\/wp\/v2\/media?parent=24605"}],"wp:term":[{"taxonomy":"product_cat","embeddable":true,"href":"https:\/\/smania.store\/lv\/wp-json\/wp\/v2\/product_cat?post=24605"},{"taxonomy":"product_tag","embeddable":true,"href":"https:\/\/smania.store\/lv\/wp-json\/wp\/v2\/product_tag?post=24605"}],"curies":[{"name":"wp","href":"https:\/\/api.w.org\/{rel}","templated":true}]}}