{"id":23546,"date":"2022-09-09T12:55:07","date_gmt":"2022-09-09T10:55:07","guid":{"rendered":"https:\/\/smania.store\/lv\/preces\/diyart-3d-sienu-dekors\/"},"modified":"2024-12-05T08:25:10","modified_gmt":"2024-12-05T07:25:10","slug":"diyart-3d-sienu-dekors","status":"publish","type":"product","link":"https:\/\/smania.store\/lv\/preces\/diyart-3d-sienu-dekors\/","title":{"rendered":"DiyArt 3D sienu dekors"},"content":{"rendered":"<div class=\"smania_landing_description_title\">JAUNUMS!  DiyArt 3D sienu dekors <\/div>\n<div class=\"smania_landing_description_txt\">Izrot\u0101 savu sienu tikai da\u017eu min\u016b\u0161u laik\u0101!<\/div>\n<div class=\"smania_landing_description_subtitle\">Vai esi gatavs uzlabot savu interjeru ar elpu aizraujo\u0161iem sienas \u0137ie\u0123e\u013ciem? DiyArt 3D sienas panelis ir ide\u0101la izv\u0113le ikvienam m\u0101jas \u012bpa\u0161niekam, kur\u0161 v\u0113las ieg\u016bt satrieco\u0161u sienu dekoru, net\u0113r\u0113jot daudz ener\u0123ijas!<\/div>\n<div class=\"smania_landing_description_list\">\n<ul>\n<li>Izstr\u0101d\u0101ts, lai rad\u012btu pareizo atmosf\u0113ru, izmantojot tikai l\u012bmi<\/li>\n<li>Piem\u0113rots gu\u013camistabai, virtuvei, viesistabai, b\u0113rnu istabai<\/li>\n<li>Nav nepiecie\u0161ami z\u0101\u0123i vai lieljaudas instrumenti<\/li>\n<li>Dari pats &#8211; piel\u012bm\u0113 to pie sienas <\/li>\n<li>Iedves dz\u012bv\u012bbu sav\u0101s sien\u0101s!<\/li>\n<\/ul><\/div>\n","protected":false},"excerpt":{"rendered":"<p>Viegla uzst\u0101d\u012b\u0161ana un no\u0146em\u0161ana|Izgatavots no augstas kvalit\u0101tes XPE put\u0101m|\u016adens un mitruma iztur\u012bgs|Ska\u0146as izol\u0101cija|Viegla t\u012br\u012b\u0161ana un uzkop\u0161ana ar mitru dr\u0101nu|Da\u017e\u0101das kr\u0101sas|Izm\u0113rs: 340 \u00d7 380 mm |Neuzst\u0101d\u012bt du\u0161\u0101<\/p>\n","protected":false},"featured_media":29777,"template":"","meta":[],"product_cat":[1594,1783],"product_tag":[1684],"acf":[],"_links":{"self":[{"href":"https:\/\/smania.store\/lv\/wp-json\/wp\/v2\/product\/23546"}],"collection":[{"href":"https:\/\/smania.store\/lv\/wp-json\/wp\/v2\/product"}],"about":[{"href":"https:\/\/smania.store\/lv\/wp-json\/wp\/v2\/types\/product"}],"wp:featuredmedia":[{"embeddable":true,"href":"https:\/\/smania.store\/lv\/wp-json\/wp\/v2\/media\/29777"}],"wp:attachment":[{"href":"https:\/\/smania.store\/lv\/wp-json\/wp\/v2\/media?parent=23546"}],"wp:term":[{"taxonomy":"product_cat","embeddable":true,"href":"https:\/\/smania.store\/lv\/wp-json\/wp\/v2\/product_cat?post=23546"},{"taxonomy":"product_tag","embeddable":true,"href":"https:\/\/smania.store\/lv\/wp-json\/wp\/v2\/product_tag?post=23546"}],"curies":[{"name":"wp","href":"https:\/\/api.w.org\/{rel}","templated":true}]}}