{"id":22894,"date":"2022-08-23T09:04:32","date_gmt":"2022-08-23T07:04:32","guid":{"rendered":"https:\/\/smania.store\/lv\/preces\/parnesajams-piknika-paklajs-relaxnow\/"},"modified":"2023-08-30T14:40:37","modified_gmt":"2023-08-30T12:40:37","slug":"parnesajams-piknika-paklajs-relaxnow","status":"publish","type":"product","link":"https:\/\/smania.store\/lv\/preces\/parnesajams-piknika-paklajs-relaxnow\/","title":{"rendered":"P\u0101rn\u0113s\u0101jams pludmales pakl\u0101ji\u0146\u0161 RelaxNow"},"content":{"rendered":"<div class=\"smania_landing_description_title\">JAUNUMS! P\u0101rn\u0113s\u0101jams pludmales pakl\u0101ji\u0146\u0161 RelaxNow<\/div>\n<div class=\"smania_landing_description_txt\">J\u016bties \u0113rti, izbaudot laiku pludmal\u0113!<\/div>\n<div class=\"smania_landing_description_subtitle\">Izbaudi visus pludmales priekus, neuztraucoties par nepat\u012bkamaj\u0101m smilt\u012bm vai \u016bdeni. Izv\u0113lies k\u0101du no m\u016bsu pretsmil\u0161u un \u016bdensnecaurlaid\u012bgajiem mode\u013ciem un s\u0101c savu piedz\u012bvojumu pilno vasaras ball\u012bti!<\/div>\n<div class=\"smania_landing_description_list\">\n<ul>\n<li>P\u0101rn\u0113s\u0101jams un kompakts dizains \u0113rtai uzglab\u0101\u0161anai <\/li>\n<li>Izgatavots no \u012bpa\u0161i iztur\u012bga TPU un poliestera ikdienas lieto\u0161anai<\/li>\n<li>Ietver 4 tapas pakl\u0101ji\u0146a nostiprin\u0101\u0161anai viet\u0101 <\/li>\n<li>Lieliski piem\u0113rots kempingiem un pludmales piedz\u012bvojumiem vai k\u0101 rota\u013cu pakl\u0101ji\u0146\u0161 <\/li>\n<li>Atbr\u012bvojies no kaitino\u0161\u0101m smilt\u012bm ar vienu rokas kust\u012bbu<\/li>\n<\/ul><\/div>\n","protected":false},"excerpt":{"rendered":"<p>Pietiekami liels visai \u0123imenei|\u0100tri atbr\u012bvojies no smilt\u012bm|\u016adeni atgr\u016bdo\u0161s p\u0101rkl\u0101jums|Viegls un iztur\u012bgs|Vari izmantot gan iek\u0161telp\u0101s, gan atp\u016btai pie dabas|Audums, kas ir iztur\u012bgs pret skr\u0101p\u0113jumiem|Salok\u0101ms un viegli p\u0101rn\u0113s\u0101jams|Komplekt\u0101 iek\u013cautas 4 tapas|Viegli t\u012br\u0101ms|Materi\u0101ls: Poliesters un TPU<\/p>\n","protected":false},"featured_media":28100,"template":"","meta":[],"product_cat":[1783,1600],"product_tag":[1685],"acf":[],"_links":{"self":[{"href":"https:\/\/smania.store\/lv\/wp-json\/wp\/v2\/product\/22894"}],"collection":[{"href":"https:\/\/smania.store\/lv\/wp-json\/wp\/v2\/product"}],"about":[{"href":"https:\/\/smania.store\/lv\/wp-json\/wp\/v2\/types\/product"}],"wp:featuredmedia":[{"embeddable":true,"href":"https:\/\/smania.store\/lv\/wp-json\/wp\/v2\/media\/28100"}],"wp:attachment":[{"href":"https:\/\/smania.store\/lv\/wp-json\/wp\/v2\/media?parent=22894"}],"wp:term":[{"taxonomy":"product_cat","embeddable":true,"href":"https:\/\/smania.store\/lv\/wp-json\/wp\/v2\/product_cat?post=22894"},{"taxonomy":"product_tag","embeddable":true,"href":"https:\/\/smania.store\/lv\/wp-json\/wp\/v2\/product_tag?post=22894"}],"curies":[{"name":"wp","href":"https:\/\/api.w.org\/{rel}","templated":true}]}}