{"id":22473,"date":"2022-08-19T13:35:46","date_gmt":"2022-08-19T11:35:46","guid":{"rendered":"https:\/\/smania.store\/lv\/preces\/motorzagu-kezu-asinamais-powersharp\/"},"modified":"2023-10-13T14:21:58","modified_gmt":"2023-10-13T12:21:58","slug":"motorzagu-kezu-asinamais-powersharp","status":"publish","type":"product","link":"https:\/\/smania.store\/lv\/preces\/motorzagu-kezu-asinamais-powersharp\/","title":{"rendered":"Motorz\u0101\u0123u asin\u0101t\u0101ja stiprin\u0101jums PowerSharp"},"content":{"rendered":"<div class=\"smania_landing_description_title\">JAUNUMS! Motorz\u0101\u0123u asin\u0101t\u0101ja stiprin\u0101jums PowerSharp<\/div>\n<div class=\"smania_landing_description_txt\">Asini savu motorz\u0101\u0123i k\u0101 \u012bsts meistars!<\/div>\n<div class=\"smania_landing_description_subtitle\">Vai ir probl\u0113mas ar motorz\u0101\u0123a \u0137\u0113des asin\u0101\u0161anu? Ar PowerSharp motorz\u0101\u0123u \u0137\u0113\u017eu asin\u0101mo tu vari aizmirst par to visu! Vienk\u0101r\u0161i pievieno savu motorz\u0101\u0123i asin\u0101majam, un tas uzreiz b\u016bs k\u0101 jauns!<\/div>\n<div class=\"smania_landing_description_list\">\n<ul>\n<li>T\u0113rauda sl\u012bp\u0113\u0161anas galvi\u0146as un prec\u012bzu vadot\u0146u kombin\u0101cija nodro\u0161ina izcilus rezult\u0101tus<\/li>\n<li>Piem\u0113rots visu veidu motorz\u0101\u0123iem<\/li>\n<li>Viegli lietojams ar elektrisko asin\u0101mo (nav iek\u013cauts)<\/li>\n<li>\u0100rk\u0101rt\u012bga ciet\u012bba un lieliska karstumiztur\u012bba<\/li>\n<li>Regul\u0113jams sl\u012bp\u0113\u0161anas le\u0146\u0137is<\/li>\n<\/ul><\/div>\n","protected":false},"excerpt":{"rendered":"<p>Viegli lietojams|Var izmantot ar elektrisko asin\u0101mo (nav iek\u013cauts)|Ide\u0101la d\u0101vana visiem meistariem|Izgatavots no augstas kvalit\u0101tes materi\u0101liem|Izm\u0113ri: 70 \u00d7 50 mm|Iepakojum\u0101 ir: 1 \u00d7 motorz\u0101\u0123u asin\u0101t\u0101ja stiprin\u0101jums, 3 \u00d7 sl\u012bp\u0113\u0161anas stie\u0146i, 1 \u00d7 uzgrie\u017e\u0146u atsl\u0113ga<\/p>\n","protected":false},"featured_media":28724,"template":"","meta":[],"product_cat":[1603,1783],"product_tag":[1619],"acf":[],"_links":{"self":[{"href":"https:\/\/smania.store\/lv\/wp-json\/wp\/v2\/product\/22473"}],"collection":[{"href":"https:\/\/smania.store\/lv\/wp-json\/wp\/v2\/product"}],"about":[{"href":"https:\/\/smania.store\/lv\/wp-json\/wp\/v2\/types\/product"}],"wp:featuredmedia":[{"embeddable":true,"href":"https:\/\/smania.store\/lv\/wp-json\/wp\/v2\/media\/28724"}],"wp:attachment":[{"href":"https:\/\/smania.store\/lv\/wp-json\/wp\/v2\/media?parent=22473"}],"wp:term":[{"taxonomy":"product_cat","embeddable":true,"href":"https:\/\/smania.store\/lv\/wp-json\/wp\/v2\/product_cat?post=22473"},{"taxonomy":"product_tag","embeddable":true,"href":"https:\/\/smania.store\/lv\/wp-json\/wp\/v2\/product_tag?post=22473"}],"curies":[{"name":"wp","href":"https:\/\/api.w.org\/{rel}","templated":true}]}}