{"id":34724,"date":"2026-05-08T08:49:34","date_gmt":"2026-05-08T06:49:34","guid":{"rendered":"https:\/\/smania.store\/lt\/prekes\/augalu-trasos-floravita\/"},"modified":"2026-05-11T14:39:19","modified_gmt":"2026-05-11T12:39:19","slug":"augalu-trasos-floravita","status":"publish","type":"product","link":"https:\/\/smania.store\/lt\/prekes\/augalu-trasos-floravita\/","title":{"rendered":"Augal\u0173 tr\u0105\u0161os Floravita"},"content":{"rendered":"<div class=\"smania_landing_description_title\">NAUJIENA! Floravita &#8211; atgaivinkite savo augalus<\/div>\n<div class=\"smania_landing_description_txt\">Revoliucin\u0117s tr\u0105\u0161os stipresniems ir sveikesniems augalams<\/div>\n<div class=\"smania_landing_description_subtitle\">Norite, kad j\u016bs\u0173 augalai augt\u0173 grei\u010diau, b\u016bt\u0173 sveikesni ir \u017eyd\u0117t\u0173 kaip niekada anks\u010diau? Floravita &#8211; tai novatori\u0161kos tr\u0105\u0161os, sukurtos geriausi\u0173 ekspert\u0173, kad j\u016bs\u0173 augalai b\u016bt\u0173 puikiai pri\u017ei\u016brimi ir spar\u010diau augt\u0173.<\/div>\n<div class=\"smania_landing_description_list\">\n<ul>\n<li>Spartesnis augimas: Floravita leid\u017eia augalams augti iki 2 kart\u0173 grei\u010diau nei naudojant kitas rinkoje esan\u010dias tr\u0105\u0161as<\/li>\n<li>Geresnis \u012fsisavinimas: Skatina \u0161aknis geriau \u012fsisavinti vanden\u012f ir maisting\u0105sias med\u017eiagas, didina augimo efektyvum\u0105<\/li>\n<li>Apsauga nuo kenk\u0117j\u0173: Sukuria nat\u016bral\u0173 barjer\u0105, kuris atbaido kenk\u0117jus, tod\u0117l augalai gali netrukdomai augti<\/li>\n<li>Lengva naudoti: Tiesiog sumai\u0161ykite rekomenduojam\u0105 doz\u0119 su vandeniu ir apipurk\u0161kite augalus &#8211; jokio vargo<\/li>\n<li>Saugus aplinkai: Sud\u0117tyje n\u0117ra kenksming\u0173 chemini\u0173 med\u017eiag\u0173 ar sintetini\u0173 pried\u0173, galin\u010di\u0173 pakenkti aplinkai<\/li>\n<\/ul><\/div>\n","protected":false},"excerpt":{"rendered":"<p>Greitas ir sveikas augimas: J\u016bs\u0173 augalai augs grei\u010diau, bus stipresni ir atsparesni|Ilgalaik\u0117 apsauga: Efektyviai atbaido kenk\u0117jus ir saugo j\u016bs\u0173 augalus|Tinka visiems augalams: Naudinga tiek kambariniams, tiek lauko augalams ir g\u0117l\u0117ms|Ekologi\u0161kas: Formul\u0117 be kenksming\u0173 chemini\u0173 med\u017eiag\u0173, saugi aplinkai ir j\u016bs\u0173 namams|T\u016bris: 200 ml koncentratas daugkartiniam naudojimui|Paprastas naudojimas: Sumai\u0161ykite su vandeniu ir i\u0161purk\u0161kite dirv\u0105 aplink augalus|Tinka kambariniams ir lauko augalams: Idealiai tinka bet kokiam sodininkyst\u0117s projektui|Puiki prie\u017ei\u016bra: Formul\u0117, u\u017etikrinanti, kad j\u016bs\u0173 augalai spind\u0117t\u0173 visu savo gro\u017eiu<\/p>\n","protected":false},"featured_media":34714,"template":"","meta":[],"product_cat":[1594],"product_tag":[],"acf":[],"_links":{"self":[{"href":"https:\/\/smania.store\/lt\/wp-json\/wp\/v2\/product\/34724"}],"collection":[{"href":"https:\/\/smania.store\/lt\/wp-json\/wp\/v2\/product"}],"about":[{"href":"https:\/\/smania.store\/lt\/wp-json\/wp\/v2\/types\/product"}],"wp:featuredmedia":[{"embeddable":true,"href":"https:\/\/smania.store\/lt\/wp-json\/wp\/v2\/media\/34714"}],"wp:attachment":[{"href":"https:\/\/smania.store\/lt\/wp-json\/wp\/v2\/media?parent=34724"}],"wp:term":[{"taxonomy":"product_cat","embeddable":true,"href":"https:\/\/smania.store\/lt\/wp-json\/wp\/v2\/product_cat?post=34724"},{"taxonomy":"product_tag","embeddable":true,"href":"https:\/\/smania.store\/lt\/wp-json\/wp\/v2\/product_tag?post=34724"}],"curies":[{"name":"wp","href":"https:\/\/api.w.org\/{rel}","templated":true}]}}