{"id":34626,"date":"2026-05-08T08:23:33","date_gmt":"2026-05-08T06:23:33","guid":{"rendered":"https:\/\/smania.store\/lt\/prekes\/rust-cleaner-rudziu-salinimo-purskiklis\/"},"modified":"2026-05-12T08:17:31","modified_gmt":"2026-05-12T06:17:31","slug":"rust-cleaner-rudziu-salinimo-purskiklis","status":"publish","type":"product","link":"https:\/\/smania.store\/lt\/prekes\/rust-cleaner-rudziu-salinimo-purskiklis\/","title":{"rendered":"Rust Cleaner R\u016bd\u017ei\u0173 \u0161alinimo pur\u0161kiklis"},"content":{"rendered":"<div class=\"smania_landing_description_title\">Visi\u0161kai naujas r\u016bd\u017ei\u0173 \u0161alinimo lygis!<\/div>\n<div class=\"smania_landing_description_txt\">Per kelias minutes pa\u0161alina \u012fsisen\u0117jusias r\u016bdis!<\/div>\n<div class=\"smania_landing_description_subtitle\">Purk\u0161kite, \u0161veiskite ir u\u017ebaigkite! R\u016bd\u017ei\u0173 valikliu lengva atkurti sur\u016bdijusius pavir\u0161ius. Jis greitai i\u0161tirpina \u012fsisen\u0117jusias r\u016bdis, atkuria \u0161var\u0173 ir lyg\u0173 pavir\u0161i\u0173, \u0161alindamas r\u016bd\u017ei\u0173 d\u0117mes suformuoja apsaugin\u0119 pl\u0117vel\u0119 ir apsaugo metal\u0105 nuo pakartotinio r\u016bdijimo, tod\u0117l j\u016bs\u0173 daiktai tarnaus ilgiau.<\/div>\n<div class=\"smania_landing_description_list\">\n<ul>\n<li>5X r\u016bd\u017ei\u0173 \u0161alinimo galia: \u0161i didelio atsparumo skys\u010dio formul\u0117 visi\u0161kai i\u0161tirpina r\u016bd\u017ei\u0173 d\u0117mes be \u0161veitimo<\/li>\n<li>Akimirksniu i\u0161tirpina sunkias r\u016bdis: Lengvai pa\u0161alina sunkias r\u016bdis nuo vis\u0173 metalini\u0173 ir chromuot\u0173 pavir\u0161i\u0173 per 3 minutes!<\/li>\n<li>Ilgalaik\u0117 3 met\u0173 apsauga: Pa\u0161alina r\u016bdis ir apsaugo metal\u0105 nuo r\u016bd\u017ei\u0173 3 metus<\/li>\n<li>Lengva purk\u0161ti, nereikia plauti: Papras\u010diausiai purk\u0161kite ir u\u017etepkite ant sur\u016bdijusio pavir\u0161iaus, nereikia liesti ar naudoti apsaugini\u0173 priemoni\u0173!<\/li>\n<li>Universalus: puikiai tinka vonios kambariams, tualetams, virtuv\u0117s reikmenims ir metaliniams automobili\u0173 pavir\u0161iams<\/li>\n<\/ul><\/div>\n","protected":false},"excerpt":{"rendered":"<p>Lengvai ir akimirksniu pa\u0161alina r\u016bdis, atkuria blizges\u012f|Apsaugo pavir\u0161i\u0173 nuo oksidacijos, kad poveikis b\u016bt\u0173 ilgalaikis|Saugu naudoti beveik visiems pavir\u0161iams|T\u016bris: 400 ml|Galiojimo laikas: 3 metai|Laikymas: 3,5 m ilgio, 3,5 m ilgio, 3,5 m ilgio: Laikykite v\u0117sioje, pav\u0117singoje vietoje<\/p>\n","protected":false},"featured_media":34627,"template":"","meta":[],"product_cat":[1596,1594,2167],"product_tag":[],"acf":[],"_links":{"self":[{"href":"https:\/\/smania.store\/lt\/wp-json\/wp\/v2\/product\/34626"}],"collection":[{"href":"https:\/\/smania.store\/lt\/wp-json\/wp\/v2\/product"}],"about":[{"href":"https:\/\/smania.store\/lt\/wp-json\/wp\/v2\/types\/product"}],"wp:featuredmedia":[{"embeddable":true,"href":"https:\/\/smania.store\/lt\/wp-json\/wp\/v2\/media\/34627"}],"wp:attachment":[{"href":"https:\/\/smania.store\/lt\/wp-json\/wp\/v2\/media?parent=34626"}],"wp:term":[{"taxonomy":"product_cat","embeddable":true,"href":"https:\/\/smania.store\/lt\/wp-json\/wp\/v2\/product_cat?post=34626"},{"taxonomy":"product_tag","embeddable":true,"href":"https:\/\/smania.store\/lt\/wp-json\/wp\/v2\/product_tag?post=34626"}],"curies":[{"name":"wp","href":"https:\/\/api.w.org\/{rel}","templated":true}]}}