{"id":34586,"date":"2026-05-06T13:39:54","date_gmt":"2026-05-06T11:39:54","guid":{"rendered":"https:\/\/smania.store\/lt\/prekes\/easyborder-plastikinis-vejos-bordiuras-su-vinimis-10m\/"},"modified":"2026-05-06T13:39:54","modified_gmt":"2026-05-06T11:39:54","slug":"easyborder-plastikinis-vejos-bordiuras-su-vinimis-10m","status":"publish","type":"product","link":"https:\/\/smania.store\/lt\/prekes\/easyborder-plastikinis-vejos-bordiuras-su-vinimis-10m\/","title":{"rendered":"EasyBorder\u2122 plastikinis vejos bordi\u016bras su vinimis &#8211; 10m"},"content":{"rendered":"<div class=\"smania_landing_description_title\">NAUJIENA: Lengvai formuokite savo kra\u0161tovaizd\u012f<\/div>\n<div class=\"smania_landing_description_txt\">Tiksl\u016bs Sieneliai Tvarkingam Sode<\/div>\n<div class=\"smania_landing_description_subtitle\">EasyBorder\u2122 leid\u017eia lengvai sukurti \u0161varius, apibr\u0117\u017etus sodo kra\u0161tus \u2013 be kasimo, be netvarkos, be \u012franki\u0173. Sukurtas k\u016brybiniam kra\u0161tovaizd\u017eio dizainui, \u0161is lankstus kra\u0161tas lengvai lenkiasi, kad sekt\u0173 tiesias linijas arba skland\u017eias kreives, suteikdamas j\u016bs\u0173 sodui i\u0161baigt\u0105, profesional\u0173 i\u0161vaizd\u0105 per kelias minutes.<\/div>\n<div class=\"smania_landing_description_list\">\n<ul>\n<li>Patvarus PE materilas u\u017etikrina ilgaam\u017ei\u0161kum\u0105 <\/li>\n<li>Lankstus dizainas pritaikytam i\u0161d\u0117stymui <\/li>\n<li>Lengvas montavimas \u2013 nereikia kastis <\/li>\n<li>Siun\u010diamoje komplektacijoje 30 nag\u0173 stabilumui <\/li>\n<li>Pasiekiamas 10 m ilgio, 5 cm auk\u0161\u010dio <\/li>\n<li>Oro s\u0105lygoms atsparus ir patvarus<\/li>\n<\/ul><\/div>\n","protected":false},"excerpt":{"rendered":"<p>Be vargo neleid\u017eia \u017eolei plisti |Lankstus prisitaikymas prie bet kokios formos |Tvirtinama su pridedamais nagais |Lengva kirpti, kad puikiai tilpt\u0173|Spalva: Juoda |I\u0161matavimai: 10 m ilgis, 5 cm auk\u0161tis |Med\u017eiaga: Didelio tankio polietilenas (HDPE) |Pakuot\u0117je yra: 1x 10 m ilgio plastikin\u0117 gazono tvora, 30x vini\u0173<\/p>\n","protected":false},"featured_media":34573,"template":"","meta":[],"product_cat":[1594],"product_tag":[1688],"acf":[],"_links":{"self":[{"href":"https:\/\/smania.store\/lt\/wp-json\/wp\/v2\/product\/34586"}],"collection":[{"href":"https:\/\/smania.store\/lt\/wp-json\/wp\/v2\/product"}],"about":[{"href":"https:\/\/smania.store\/lt\/wp-json\/wp\/v2\/types\/product"}],"wp:featuredmedia":[{"embeddable":true,"href":"https:\/\/smania.store\/lt\/wp-json\/wp\/v2\/media\/34573"}],"wp:attachment":[{"href":"https:\/\/smania.store\/lt\/wp-json\/wp\/v2\/media?parent=34586"}],"wp:term":[{"taxonomy":"product_cat","embeddable":true,"href":"https:\/\/smania.store\/lt\/wp-json\/wp\/v2\/product_cat?post=34586"},{"taxonomy":"product_tag","embeddable":true,"href":"https:\/\/smania.store\/lt\/wp-json\/wp\/v2\/product_tag?post=34586"}],"curies":[{"name":"wp","href":"https:\/\/api.w.org\/{rel}","templated":true}]}}