{"id":34425,"date":"2026-05-04T07:52:51","date_gmt":"2026-05-04T05:52:51","guid":{"rendered":"https:\/\/smania.store\/lt\/prekes\/babytower-medine-reguliuojama-mokymosi-bokstas\/"},"modified":"2026-05-04T08:47:38","modified_gmt":"2026-05-04T06:47:38","slug":"babytower-medine-reguliuojama-mokymosi-bokstas","status":"publish","type":"product","link":"https:\/\/smania.store\/lt\/prekes\/babytower-medine-reguliuojama-mokymosi-bokstas\/","title":{"rendered":"BabyTower\u2122 medin\u0117 reguliuojama mokymosi bok\u0161tas"},"content":{"rendered":"<div class=\"smania_landing_description_title\">Nauja: Pakelkite savo virtuv\u0117s interjer\u0105<\/div>\n<div class=\"smania_landing_description_txt\">Pakelkite j\u0173 pasaul\u012f. Saugiai.<\/div>\n<div class=\"smania_landing_description_subtitle\">BabyTower\u2122 yra tvirtas medinis mokymosi bok\u0161tas, kuris pakelia j\u016bs\u0173 vaik\u0105 iki stalvir\u0161io auk\u0161\u010dio, leid\u017eiant jam saugiai tyrin\u0117ti, mokytis ir pad\u0117ti \u0161alia j\u016bs\u0173. Su sulankstomu r\u0117mu ir 3 reguliuojamais platform\u0173 auk\u0161\u010diais, jis auga kartu su j\u016bs\u0173 vaiku nuo pirm\u0173j\u0173 \u017eingsni\u0173 iki pasitikin\u010di\u0173 virtuv\u0117s pagalbinink\u0173.<\/div>\n<div class=\"smania_landing_description_list\">\n<ul>\n<li>Lankstus dizainas taupo viet\u0105 ir lengvai telpa ma\u017eose virtuv\u0117se <\/li>\n<li>Trys reguliuojami auk\u0161\u010diai prisitaiko prie j\u016bs\u0173 vaiko augimo nuo 1 iki 6 met\u0173 <\/li>\n<li>Plati stov\u0117jimo platforma i\u0161laiko vaikus stabiliai ir saugiai, kol jie \u017eaid\u017eia ar padeda <\/li>\n<li>Tvirtas medinis konstrukcija u\u017etikrina ilgalaik\u012f stiprum\u0105 ir saugum\u0105 <\/li>\n<li>Sukurtos su suapvalintais kra\u0161tais ir apsaugine danga, kad b\u016bt\u0173 u\u017etikrintas vaikui saugus dizainas<\/li>\n<\/ul><\/div>\n","protected":false},"excerpt":{"rendered":"<p>Sulankstomas, viet\u0105 taupantis dizainas |3 reguliuojamos auk\u0161\u010dio lygiai |Stabilus platus stov\u0117jimo pagrindas |Saugi apvali kra\u0161tai |Konditerijos pagalbininkas, \u017eaidim\u0173 bok\u0161tas, mokymosi veikl\u0173 bok\u0161tas|Med\u017eiaga: Auk\u0161tos kokyb\u0117s fanera su vaikams saugiu laku |Am\u017eiaus grup\u0117: Nuo 12 m\u0117nesi\u0173 iki 6 met\u0173 |I\u0161skleistas dydis: 90 x 58 x 50 cm |Parama: \u0160onin\u0117s stabilizatoriai + galin\u0117 atrama papildomam stabilumui |Saugaus naudojimo pastaba: Vienas vaikas vienu metu; b\u016btina suaugusi\u0173j\u0173 prie\u017ei\u016bra<\/p>\n","protected":false},"featured_media":34511,"template":"","meta":[],"product_cat":[1595],"product_tag":[1880],"acf":[],"_links":{"self":[{"href":"https:\/\/smania.store\/lt\/wp-json\/wp\/v2\/product\/34425"}],"collection":[{"href":"https:\/\/smania.store\/lt\/wp-json\/wp\/v2\/product"}],"about":[{"href":"https:\/\/smania.store\/lt\/wp-json\/wp\/v2\/types\/product"}],"wp:featuredmedia":[{"embeddable":true,"href":"https:\/\/smania.store\/lt\/wp-json\/wp\/v2\/media\/34511"}],"wp:attachment":[{"href":"https:\/\/smania.store\/lt\/wp-json\/wp\/v2\/media?parent=34425"}],"wp:term":[{"taxonomy":"product_cat","embeddable":true,"href":"https:\/\/smania.store\/lt\/wp-json\/wp\/v2\/product_cat?post=34425"},{"taxonomy":"product_tag","embeddable":true,"href":"https:\/\/smania.store\/lt\/wp-json\/wp\/v2\/product_tag?post=34425"}],"curies":[{"name":"wp","href":"https:\/\/api.w.org\/{rel}","templated":true}]}}