{"id":34412,"date":"2026-05-04T07:46:47","date_gmt":"2026-05-04T05:46:47","guid":{"rendered":"https:\/\/smania.store\/lt\/prekes\/bouncepro-sulankstomas-trampolinas-su-reguliuojamu-tureklu\/"},"modified":"2026-05-04T08:52:59","modified_gmt":"2026-05-04T06:52:59","slug":"bouncepro-sulankstomas-trampolinas-su-reguliuojamu-tureklu","status":"publish","type":"product","link":"https:\/\/smania.store\/lt\/prekes\/bouncepro-sulankstomas-trampolinas-su-reguliuojamu-tureklu\/","title":{"rendered":"BouncePro\u2122 sulankstomas trampolinas su reguliuojamu tur\u0117klu"},"content":{"rendered":"<div class=\"smania_landing_description_title\">NAUJIENA: Pagerinkite savo treniruo\u010di\u0173 rutin\u0105<\/div>\n<div class=\"smania_landing_description_txt\">Sukurkite greitai, \u0161okin\u0117kite dar grei\u010diau!<\/div>\n<div class=\"smania_landing_description_subtitle\"> Sustiprinkite savo nam\u0173 treniruotes su BouncePro\u2122! Sukurtas saugiam, intensyviam treniravimuisi, jis pagerina \u0161irdies ir kraujagysli\u0173 sistem\u0105, pusiausvyr\u0105 ir j\u0117g\u0105\u2014sukuria kompakti\u0161k\u0105 fitneso erdv\u0119 visoms am\u017eiaus grup\u0117ms.<\/div>\n<div class=\"smania_landing_description_list\">\n<ul>\n<li>Lengvai sulankstoma konstrukcija patogiam saugojimui <\/li>\n<li>Reguliuojami porankiai suteikia papildom\u0105 saugum\u0105 <\/li>\n<li>Mink\u0161tas atsparumas suma\u017eina s\u0105nari\u0173 \u012ftamp\u0105 <\/li>\n<li>Tylios gumin\u0117s pagalv\u0117l\u0117s palaiko ramyb\u0119 <\/li>\n<li>Tinka tiek vidaus, tiek lauko treniruot\u0117ms <\/li>\n<li>Tvirta plieno konstrukcija su tiksliai subalansuota strukt\u016bra<\/li>\n<\/ul><\/div>\n","protected":false},"excerpt":{"rendered":"<p>Sudegink kalorijas su kiekvienu \u0161uoliuku |U\u017etikrina ram\u0173 ir taik\u0173 sportavim\u0105 |Atsparus \u012fbr\u0117\u017eimams, patvarus med\u017eiaga |Skatina raumen\u0173 augim\u0105 be pastang\u0173|Ne\u0161amosios apkrovos diapazonas: iki 250 kg |I\u0161matavimai: 100 x 92-115 cm |Koj\u0173 auk\u0161tis: 22 cm |Med\u017eiaga: PP \u0161uolio audinys, poliesterio audinio tinklas, mink\u0161ta guma, sustiprinta plienin\u0117 vamzd\u017eio dalis<\/p>\n","protected":false},"featured_media":34523,"template":"","meta":[],"product_cat":[1600],"product_tag":[1677],"acf":[],"_links":{"self":[{"href":"https:\/\/smania.store\/lt\/wp-json\/wp\/v2\/product\/34412"}],"collection":[{"href":"https:\/\/smania.store\/lt\/wp-json\/wp\/v2\/product"}],"about":[{"href":"https:\/\/smania.store\/lt\/wp-json\/wp\/v2\/types\/product"}],"wp:featuredmedia":[{"embeddable":true,"href":"https:\/\/smania.store\/lt\/wp-json\/wp\/v2\/media\/34523"}],"wp:attachment":[{"href":"https:\/\/smania.store\/lt\/wp-json\/wp\/v2\/media?parent=34412"}],"wp:term":[{"taxonomy":"product_cat","embeddable":true,"href":"https:\/\/smania.store\/lt\/wp-json\/wp\/v2\/product_cat?post=34412"},{"taxonomy":"product_tag","embeddable":true,"href":"https:\/\/smania.store\/lt\/wp-json\/wp\/v2\/product_tag?post=34412"}],"curies":[{"name":"wp","href":"https:\/\/api.w.org\/{rel}","templated":true}]}}