{"id":34306,"date":"2026-04-14T09:37:34","date_gmt":"2026-04-14T07:37:34","guid":{"rendered":"https:\/\/smania.store\/lt\/prekes\/pawbrella-reguliuojama-sunu-pavadzio-sketis\/"},"modified":"2026-04-14T20:51:35","modified_gmt":"2026-04-14T18:51:35","slug":"pawbrella-reguliuojama-sunu-pavadzio-sketis","status":"publish","type":"product","link":"https:\/\/smania.store\/lt\/prekes\/pawbrella-reguliuojama-sunu-pavadzio-sketis\/","title":{"rendered":"PawBrella\u2122 reguliuojama \u0161un\u0173 pavad\u017eio sk\u0117tis"},"content":{"rendered":"<div class=\"smania_landing_description_title\">NAUJA: Auk\u0161\u010diausios klas\u0117s va\u017eiavimo nuotykis<\/div>\n<div class=\"smania_landing_description_txt\">Laikyk savo \u0161un\u012f saus\u0105, nepaisant oro s\u0105lyg\u0173!<\/div>\n<div class=\"smania_landing_description_subtitle\">M\u0117gaukit\u0117s patogiu pasivaik\u0161\u010diojimu su savo \u0161uniu lietuje su PawBrella\u2122, reguliuojama pavad\u0117lio sk\u0117\u010diu, skirtu ma\u017eiems gyv\u016bnams i\u0161laikyti sausai ir apsaugoti. Su sukamuoju ranken\u0117le, permatomu sk\u0117\u010diu ir reguliuojamu pavad\u0117lio ilgiu, lietingi pasivaik\u0161\u010diojimai tapo paprastesni jums abiem.<\/div>\n<div class=\"smania_landing_description_list\">\n<ul>\n<li>Idealiai tinka ma\u017eiems \u0161unims \u2013 Sukurtas ma\u017eiems veisl\u0117ms, u\u017etikrinantis piln\u0105 apsaug\u0105 nuo lietaus <\/li>\n<li>Ai\u0161kus kupolas = Ma\u017eiau baim\u0117s \u2013 Permatomas sk\u0117tis leid\u017eia augintiniams matyti aplink\u0105 ir i\u0161likti ramiais per lietingus pasivaik\u0161\u010diojimus <\/li>\n<li>Visk\u0105 galima reguliuoti \u2013 Sukamas rankena + reguliuojamo ilgio velenas + pavad\u017eio ilgis leid\u017eia komforti\u0161kai vaik\u0161\u010dioti bet kokiu atstumu <\/li>\n<li>Lengvas savaranki\u0161kas surinkimas \u2013 Greitas nustatymas per kelias minutes (spragtel\u0117jimas, u\u017erakinimas) <\/li>\n<li>Oro s\u0105lygoms atsparus konstrukcija \u2013 Patvarus kupolas ir stiprus metalinis velenas u\u017etikrina patikim\u0105 veikim\u0105 lietaus ar v\u0117jo s\u0105lygomis<\/li>\n<\/ul><\/div>\n","protected":false},"excerpt":{"rendered":"<p>Reguliuojama rankena ir pavad\u0117lis |Ai\u0161ki sk\u0117tis patogumui |Tinka ma\u017eiems \u0161unims |Atsparus vandeniui ir v\u0117jui|Kop\u0117\u010di\u0173 skersmuo: 70 cm |Rankena: C formos rankena, sukiojama\/reguliuojama |Pavad\u0117lis: Integruotas juodas pavad\u0117lis |Med\u017eiaga: Permatomas vandeniui atsparus kupolas + metalinis velenas<\/p>\n","protected":false},"featured_media":34292,"template":"","meta":[],"product_cat":[1597],"product_tag":[],"acf":[],"_links":{"self":[{"href":"https:\/\/smania.store\/lt\/wp-json\/wp\/v2\/product\/34306"}],"collection":[{"href":"https:\/\/smania.store\/lt\/wp-json\/wp\/v2\/product"}],"about":[{"href":"https:\/\/smania.store\/lt\/wp-json\/wp\/v2\/types\/product"}],"wp:featuredmedia":[{"embeddable":true,"href":"https:\/\/smania.store\/lt\/wp-json\/wp\/v2\/media\/34292"}],"wp:attachment":[{"href":"https:\/\/smania.store\/lt\/wp-json\/wp\/v2\/media?parent=34306"}],"wp:term":[{"taxonomy":"product_cat","embeddable":true,"href":"https:\/\/smania.store\/lt\/wp-json\/wp\/v2\/product_cat?post=34306"},{"taxonomy":"product_tag","embeddable":true,"href":"https:\/\/smania.store\/lt\/wp-json\/wp\/v2\/product_tag?post=34306"}],"curies":[{"name":"wp","href":"https:\/\/api.w.org\/{rel}","templated":true}]}}