{"id":34271,"date":"2026-04-07T09:15:19","date_gmt":"2026-04-07T07:15:19","guid":{"rendered":"https:\/\/smania.store\/lt\/prekes\/rockyslide-5-in-1-mazylio-ciuozimo-ir-supyniu-zaislas\/"},"modified":"2026-04-07T09:15:34","modified_gmt":"2026-04-07T07:15:34","slug":"rockyslide-5-in-1-mazylio-ciuozimo-ir-supyniu-zaislas","status":"publish","type":"product","link":"https:\/\/smania.store\/lt\/prekes\/rockyslide-5-in-1-mazylio-ciuozimo-ir-supyniu-zaislas\/","title":{"rendered":"RockySlide\u2122 5-in-1 ma\u017eylio \u010diuo\u017eimo ir s\u016bpyni\u0173 \u017eaislas"},"content":{"rendered":"<div class=\"smania_landing_description_title\">NAUJIENA: Galutinis Nusileidimo Nuotykis<\/div>\n<div class=\"smania_landing_description_txt\">Vienas \u017eaislas. Begalin\u0117s nuotykiai.<\/div>\n<div class=\"smania_landing_description_subtitle\">RockySlide\u2122 sujungia penkis jaudinan\u010dius \u017eaidimus viename tvirte, vaikams pritaikytame \u017eaidim\u0173 komplekse\u2014slys\u010diojimas, s\u016bpyn\u0117s, lipimas, krep\u0161inio lankas ir \u017eied\u0173 m\u0117tymas. Sukurtas nuolatiniam jud\u0117jimui ir k\u016brybingam linksminimui, tai viskas viename \u017eaislas, kuris i\u0161laiko vaikus aktyvius, laimingus ir saugiai u\u017eimtus.<\/div>\n<div class=\"smania_landing_description_list\">\n<ul>\n<li>Penki viename: \u010diuo\u017eykla, s\u016bpuokl\u0117s, mini kopimo strukt\u016bra, krep\u0161inio lankas ir \u017eied\u0173 metimo \u017eaidimas <\/li>\n<li>Tvirta, stabili konstrukcija su saugiu ir neslystan\u010diu pagrindu, palaikan\u010diu iki 50 kg <\/li>\n<li>\u0160velnus s\u016bpavimas su integruota saugos ribotuvu, kad b\u016bt\u0173 u\u017ekirstas kelias perdideliam s\u016bpavimui <\/li>\n<li>\u010ciuo\u017eykla turi tur\u0117klus, stabil\u0173 starto zon\u0105, skland\u017ei\u0105 grei\u010dio sekcij\u0105 ir mink\u0161t\u0105 nusileidimo zon\u0105 <\/li>\n<li>Puikiai tinka \u017eaisti viduje arba lauke, lengva perkelti, kai reikia<\/li>\n<\/ul><\/div>\n","protected":false},"excerpt":{"rendered":"<p>5-in-1 multifunkcinis \u017eaidimas |Saugus s\u016bpavimo kampas |Stabilus ir atsparus apvirtimui |Lygus, ma\u017eyliams draugi\u0161kas \u010diuo\u017eykla |Naudojimas viduje ir lauke|Spalvos: Ro\u017ein\u0117 arba \u017dalia |Svorio talpa: Iki 50 kg |\u012etraukti priedai: Krep\u0161inio lankas, pripu\u010diamas kamuolys, 4 \u017eiedai, nuimamas suolas |Funkcijos: Kalniukas, s\u016bpyn\u0117s, lipimo vieta, \u017eied\u0173 metimas, mini krep\u0161inis |Rekomenduojamas am\u017eius: 3+ met\u0173<\/p>\n","protected":false},"featured_media":34255,"template":"","meta":[],"product_cat":[1595],"product_tag":[1621],"acf":[],"_links":{"self":[{"href":"https:\/\/smania.store\/lt\/wp-json\/wp\/v2\/product\/34271"}],"collection":[{"href":"https:\/\/smania.store\/lt\/wp-json\/wp\/v2\/product"}],"about":[{"href":"https:\/\/smania.store\/lt\/wp-json\/wp\/v2\/types\/product"}],"wp:featuredmedia":[{"embeddable":true,"href":"https:\/\/smania.store\/lt\/wp-json\/wp\/v2\/media\/34255"}],"wp:attachment":[{"href":"https:\/\/smania.store\/lt\/wp-json\/wp\/v2\/media?parent=34271"}],"wp:term":[{"taxonomy":"product_cat","embeddable":true,"href":"https:\/\/smania.store\/lt\/wp-json\/wp\/v2\/product_cat?post=34271"},{"taxonomy":"product_tag","embeddable":true,"href":"https:\/\/smania.store\/lt\/wp-json\/wp\/v2\/product_tag?post=34271"}],"curies":[{"name":"wp","href":"https:\/\/api.w.org\/{rel}","templated":true}]}}