{"id":34233,"date":"2026-04-01T11:48:09","date_gmt":"2026-04-01T09:48:09","guid":{"rendered":"https:\/\/smania.store\/lt\/prekes\/beejar-biciu-dizaino-medaus-indas-su-sauksteliu\/"},"modified":"2026-04-01T11:48:09","modified_gmt":"2026-04-01T09:48:09","slug":"beejar-biciu-dizaino-medaus-indas-su-sauksteliu","status":"publish","type":"product","link":"https:\/\/smania.store\/lt\/prekes\/beejar-biciu-dizaino-medaus-indas-su-sauksteliu\/","title":{"rendered":"BeeJar\u2122 bi\u010di\u0173 dizaino medaus indas su \u0161auk\u0161teliu"},"content":{"rendered":"<div class=\"smania_landing_description_title\">NAUJIENA: Lengvas bat\u0173 saugojimas po lova<\/div>\n<div class=\"smania_landing_description_txt\">Elegancija susitinka su saldumu<\/div>\n<div class=\"smania_landing_description_subtitle\"> Pakelkite savo stal\u0105 su BeeJar\u2122, puikiai pagaminta medaus d\u0117\u017eute su juodu ir auksiniu bit\u0117s dangteliu ir atitinkan\u010dia \u0161auk\u0161teliu. Puikiai tinka kaip funkcionali talpa arba dekoratyvinis centras, ji suteikia prabangos ir \u017eavesio bet kuriai virtuvei, valgomojo stalui ar arbatos rinkinui.<\/div>\n<div class=\"smania_landing_description_list\">\n<ul>\n<li>Elegantus bi\u010di\u0173 dizainas \u2013 Juodai auksin\u0117 bi\u010di\u0173 dangtelis prideda i\u0161skirtinumo bet kuriam stalui <\/li>\n<li>Kokybi\u0161kos med\u017eiagos \u2013 Skaidrus stiklinis indas kartu su poliruotais metaliniais akcentais suteikia prabangos \u012fsp\u016bd\u012f <\/li>\n<li>Funkcionalus ir stilingas \u2013 Puikiai tinka medui, cukrui ar d\u017eemams, taip pat tarnauja kaip dekoracija <\/li>\n<li>Pridedama atitinkama \u0161auk\u0161telis \u2013 Suderintas \u0161auk\u0161telis palengvina servavim\u0105 ir suteikia rafinuotumo <\/li>\n<li>Puiki dovanos id\u0117ja \u2013 Gra\u017eus daiktas arbat\u0173 m\u0117g\u0117jams, nam\u0173 dekoro entuziastams ar ypatingoms progoms<\/li>\n<\/ul><\/div>\n","protected":false},"excerpt":{"rendered":"<p>Eleganti\u0161ka juoda ir auksin\u0117 apdaila |Atspari stiklo konstrukcija |\u012eeina suderinta \u0161auk\u0161telis |Puikiai tinka pateikimui arba ekspozicijai|Med\u017eiaga: Stiklinis indas + poliruota metalin\u0117 dangtelis |Tema: Bit\u0117 \/ prabangus gyv\u016bn\u0173 dekoras |Spalva: Juoda ir auksin\u0117 |\u012etraukta: Atitinkama \u0161auk\u0161telis<\/p>\n","protected":false},"featured_media":34221,"template":"","meta":[],"product_cat":[1594],"product_tag":[1973],"acf":[],"_links":{"self":[{"href":"https:\/\/smania.store\/lt\/wp-json\/wp\/v2\/product\/34233"}],"collection":[{"href":"https:\/\/smania.store\/lt\/wp-json\/wp\/v2\/product"}],"about":[{"href":"https:\/\/smania.store\/lt\/wp-json\/wp\/v2\/types\/product"}],"wp:featuredmedia":[{"embeddable":true,"href":"https:\/\/smania.store\/lt\/wp-json\/wp\/v2\/media\/34221"}],"wp:attachment":[{"href":"https:\/\/smania.store\/lt\/wp-json\/wp\/v2\/media?parent=34233"}],"wp:term":[{"taxonomy":"product_cat","embeddable":true,"href":"https:\/\/smania.store\/lt\/wp-json\/wp\/v2\/product_cat?post=34233"},{"taxonomy":"product_tag","embeddable":true,"href":"https:\/\/smania.store\/lt\/wp-json\/wp\/v2\/product_tag?post=34233"}],"curies":[{"name":"wp","href":"https:\/\/api.w.org\/{rel}","templated":true}]}}