{"id":34204,"date":"2026-03-30T06:50:40","date_gmt":"2026-03-30T04:50:40","guid":{"rendered":"https:\/\/smania.store\/lt\/prekes\/rattanbloom-lauko-stovintys-rotango-geliu-vazonai\/"},"modified":"2026-03-30T06:50:40","modified_gmt":"2026-03-30T04:50:40","slug":"rattanbloom-lauko-stovintys-rotango-geliu-vazonai","status":"publish","type":"product","link":"https:\/\/smania.store\/lt\/prekes\/rattanbloom-lauko-stovintys-rotango-geliu-vazonai\/","title":{"rendered":"RattanBloom\u2122 lauko stovintys rotango g\u0117li\u0173 vazonai"},"content":{"rendered":"<div class=\"smania_landing_description_title\">NAUJA: \u017dygis ant va\u017eiuojam\u0173j\u0173 \u017eaisl\u0173<\/div>\n<div class=\"smania_landing_description_txt\">I\u0161skirtinis nat\u016bralus stilius<\/div>\n<div class=\"smania_landing_description_subtitle\">RattanBloom\u2122 yra trij\u0173 dali\u0173 grind\u0173 vazon\u0173 rinkinys, sukurtas pary\u0161kinti j\u016bs\u0173 augalus \u0161variu, nat\u016braliu stiliumi. Su trimis skirtingais auk\u0161\u010diais jis i\u0161kart suteikia pusiausvyr\u0105, \u0161ilum\u0105 ir vizualin\u012f poveik\u012f bet kuriai patalpai.<\/div>\n<div class=\"smania_landing_description_list\">\n<ul>\n<li>Trys koordinuoti vazonai leid\u017eia jums i\u0161d\u0117styti augalus skirtingais auk\u0161\u010diais, kad suteiktum\u0117te stiling\u0105, modern\u0173 \u012fvaizd\u012f <\/li>\n<li>Lengvas, bet stabilus konstrukcija u\u017etikrina, kad j\u016bs\u0173 augalai b\u016bt\u0173 saugiai laikomi vietoje <\/li>\n<li>Puikiai tinka svetain\u0117se, koridoriuose, miegamuosiuose, balkonuose, biuruose ir jaukiuose skaitymo kampeliuose <\/li>\n<li>Greitai paver\u010dia bet kuri\u0105 tu\u0161\u010di\u0105 kamp\u0105 dekoratyviu augal\u0173 ekspozicija <\/li>\n<li>Lengva surinkti ir perkelti, leid\u017eiant jums atnaujinti savo i\u0161d\u0117stym\u0105, kada tik norite<\/li>\n<\/ul><\/div>\n","protected":false},"excerpt":{"rendered":"<p>Trys dali\u0173 derinys |Stabilus stovintis dizainas |Neutralus nat\u016bralus \u012fvaizdis |Tinka bet kuriai patalpai |Lengvas surinkimas|Rinkinys: 3 auk\u0161tai stovintys vazonai |Med\u017eiaga: Rattan tipo krep\u0161ys + mediniai kojos |Naudojimas: Vidin\u0117s ar u\u017edarose lauko erdv\u0117se |Tikslas: Augal\u0173 eksponavimas + dekoratyvinis laikymas |I\u0161eigos dyd\u017eiai: S= 32.5 x 21.5 cm; M= 43.5 x 24.5 cm; L= 62 x 27.5 cm<\/p>\n","protected":false},"featured_media":34189,"template":"","meta":[],"product_cat":[1594],"product_tag":[1973],"acf":[],"_links":{"self":[{"href":"https:\/\/smania.store\/lt\/wp-json\/wp\/v2\/product\/34204"}],"collection":[{"href":"https:\/\/smania.store\/lt\/wp-json\/wp\/v2\/product"}],"about":[{"href":"https:\/\/smania.store\/lt\/wp-json\/wp\/v2\/types\/product"}],"wp:featuredmedia":[{"embeddable":true,"href":"https:\/\/smania.store\/lt\/wp-json\/wp\/v2\/media\/34189"}],"wp:attachment":[{"href":"https:\/\/smania.store\/lt\/wp-json\/wp\/v2\/media?parent=34204"}],"wp:term":[{"taxonomy":"product_cat","embeddable":true,"href":"https:\/\/smania.store\/lt\/wp-json\/wp\/v2\/product_cat?post=34204"},{"taxonomy":"product_tag","embeddable":true,"href":"https:\/\/smania.store\/lt\/wp-json\/wp\/v2\/product_tag?post=34204"}],"curies":[{"name":"wp","href":"https:\/\/api.w.org\/{rel}","templated":true}]}}