{"id":34160,"date":"2026-03-26T08:40:29","date_gmt":"2026-03-26T07:40:29","guid":{"rendered":"https:\/\/smania.store\/lt\/prekes\/pianorack-pianino-klavisu-medinis-kabykla\/"},"modified":"2026-03-26T08:40:45","modified_gmt":"2026-03-26T07:40:45","slug":"pianorack-pianino-klavisu-medinis-kabykla","status":"publish","type":"product","link":"https:\/\/smania.store\/lt\/prekes\/pianorack-pianino-klavisu-medinis-kabykla\/","title":{"rendered":"PianoRack\u2122 pianino klavi\u0161\u0173 medinis kabykla"},"content":{"rendered":"<div class=\"smania_landing_description_title\">NAUJA: Transformuokite erdv\u0119 per kelias sekundes<\/div>\n<div class=\"smania_landing_description_txt\">Pasiekite tobul\u0105 stiliaus ir saugojimo harmonij\u0105<\/div>\n<div class=\"smania_landing_description_subtitle\"> Pakelkite savo gyvenam\u0105j\u0105 erdv\u0119 su nuostabiu PianoRack\u2122! Tai daugiau nei paprastas pakabos stovas, tai \u017eavingas meno ir funkcijos derinys. Pagamintas i\u0161 tvirto rie\u0161utmed\u017eio, jo unikali pianino klavi\u0161\u0173 forma tarnauja ir kaip stilingas dekoras. Nuleiskite kabliuk\u0105, kai jo reikia; pakelkite, kai jo nereikia.<\/div>\n<div class=\"smania_landing_description_list\">\n<ul>\n<li>Stilingas pianino klavi\u0161\u0173 dizainas prideda \u017eavesio <\/li>\n<li>Magnetizuoti kabliukai neleid\u017eia nety\u010dia atsidaryti <\/li>\n<li>Rank\u0173 darbo i\u0161 tvirto, patvaraus graikinio rie\u0161uto <\/li>\n<li>Universalus naudojimas skrybel\u0117ms, paltams, perukams <\/li>\n<li>Autonominis atstumas su besitraukian\u010diais kabliukais <\/li>\n<li>10 prakti\u0161k\u0173 kabliuk\u0173 rinkinys, skirtas kasdieniniam organizuotam naudojimui<\/li>\n<\/ul><\/div>\n","protected":false},"excerpt":{"rendered":"<p>Pagerina bet kurios patalpos interjer\u0105 |Taupo viet\u0105, didina funkcionalum\u0105 |Lengvai montuojama ant bet kurios sienos |Inovatyvi magnetin\u0117 u\u017edarymo technologija|Spalv\u0173 variacijos: Tamsiai arba \u0161viesiai ruda |I\u0161matavimai: 71 x 14.5 x 3.5 cm |Kabli\u0173 skai\u010dius: 10 |Med\u017eiaga: Medis<\/p>\n","protected":false},"featured_media":34145,"template":"","meta":[],"product_cat":[1594],"product_tag":[],"acf":[],"_links":{"self":[{"href":"https:\/\/smania.store\/lt\/wp-json\/wp\/v2\/product\/34160"}],"collection":[{"href":"https:\/\/smania.store\/lt\/wp-json\/wp\/v2\/product"}],"about":[{"href":"https:\/\/smania.store\/lt\/wp-json\/wp\/v2\/types\/product"}],"wp:featuredmedia":[{"embeddable":true,"href":"https:\/\/smania.store\/lt\/wp-json\/wp\/v2\/media\/34145"}],"wp:attachment":[{"href":"https:\/\/smania.store\/lt\/wp-json\/wp\/v2\/media?parent=34160"}],"wp:term":[{"taxonomy":"product_cat","embeddable":true,"href":"https:\/\/smania.store\/lt\/wp-json\/wp\/v2\/product_cat?post=34160"},{"taxonomy":"product_tag","embeddable":true,"href":"https:\/\/smania.store\/lt\/wp-json\/wp\/v2\/product_tag?post=34160"}],"curies":[{"name":"wp","href":"https:\/\/api.w.org\/{rel}","templated":true}]}}