{"id":34079,"date":"2026-03-16T06:21:55","date_gmt":"2026-03-16T05:21:55","guid":{"rendered":"https:\/\/smania.store\/lt\/prekes\/spinrack-sukimosi-stovas-4-lygiai\/"},"modified":"2026-03-16T06:22:01","modified_gmt":"2026-03-16T05:22:01","slug":"spinrack-sukimosi-stovas-4-lygiai","status":"publish","type":"product","link":"https:\/\/smania.store\/lt\/prekes\/spinrack-sukimosi-stovas-4-lygiai\/","title":{"rendered":"SpinRack\u2122 sukimosi stovas &#8211; 4 lygiai"},"content":{"rendered":"<div class=\"smania_landing_description_title\">NAUJA: Organizavimas be pastang\u0173, per\u0117jimas be trikd\u017ei\u0173<\/div>\n<div class=\"smania_landing_description_txt\">I\u0161manus saugojimas, kuris juda kartu su jumis!<\/div>\n<div class=\"smania_landing_description_subtitle\">\u012ene\u0161kite tvark\u0105 \u012f bet kuri\u0105 patalp\u0105 su moderniu SpinRack\u2122 sukamuoju stovo ve\u017eim\u0117liu. Jo 4 sluoksni\u0173 dizainas u\u017etikrina lengv\u0105 organizavim\u0105 j\u016bs\u0173 namuose. Su skland\u017eiu 360\u00b0 sukimu, patvaria metaline konstrukcija ir erdvia saugojimo vieta, jis i\u0161laiko visk\u0105 lengvai pasiekiam\u0105 \u2014 puikiai tinka virtuv\u0117ms, vonios kambariams ar bet kuriam kampui, kuriam reikia \u0161iek tiek tvarkos ir stiliaus.<\/div>\n<div class=\"smania_landing_description_list\">\n<ul>\n<li>Didel\u0117 4 sluoksni\u0173 saugojimo sistema laiko j\u016bs\u0173 erdv\u0119 tvarking\u0105 ir be netvarkos <\/li>\n<li>Kv\u0117puojantis tinklas u\u017etikrina, kad daiktai i\u0161likt\u0173 \u0161vie\u017ei ir saug\u016bs <\/li>\n<li>360\u00b0 sukimosi ratai u\u017etikrina lengv\u0105 navigacij\u0105 <\/li>\n<li>Kompakti\u0161kas dizainas puikiai telpa bet kurioje siauroje erdv\u0117je <\/li>\n<li>Sukurta kasdieniam naudojimui \u2014 stipri, stabili ir lengvai valoma <\/li>\n<li>Pagerina j\u016bs\u0173 interjer\u0105 su modernia funkcionalumu<\/li>\n<\/ul><\/div>\n","protected":false},"excerpt":{"rendered":"<p>4 judrios krep\u0161ys |360\u00b0 sukamojoj ratukai |Storis r\u0117mai papildomam saugumui|Med\u017eiaga: Anglinis plienas |I\u0161matavimai: 80 \u00d7 26.5 cm |Spalva: Juoda<\/p>\n","protected":false},"featured_media":34065,"template":"","meta":[],"product_cat":[1594,1602],"product_tag":[1973,1657],"acf":[],"_links":{"self":[{"href":"https:\/\/smania.store\/lt\/wp-json\/wp\/v2\/product\/34079"}],"collection":[{"href":"https:\/\/smania.store\/lt\/wp-json\/wp\/v2\/product"}],"about":[{"href":"https:\/\/smania.store\/lt\/wp-json\/wp\/v2\/types\/product"}],"wp:featuredmedia":[{"embeddable":true,"href":"https:\/\/smania.store\/lt\/wp-json\/wp\/v2\/media\/34065"}],"wp:attachment":[{"href":"https:\/\/smania.store\/lt\/wp-json\/wp\/v2\/media?parent=34079"}],"wp:term":[{"taxonomy":"product_cat","embeddable":true,"href":"https:\/\/smania.store\/lt\/wp-json\/wp\/v2\/product_cat?post=34079"},{"taxonomy":"product_tag","embeddable":true,"href":"https:\/\/smania.store\/lt\/wp-json\/wp\/v2\/product_tag?post=34079"}],"curies":[{"name":"wp","href":"https:\/\/api.w.org\/{rel}","templated":true}]}}