{"id":34060,"date":"2026-03-16T05:19:25","date_gmt":"2026-03-16T04:19:25","guid":{"rendered":"https:\/\/smania.store\/lt\/prekes\/dinopop-3d-iskylanti-dinozauru-enciklopedija\/"},"modified":"2026-03-16T05:19:25","modified_gmt":"2026-03-16T04:19:25","slug":"dinopop-3d-iskylanti-dinozauru-enciklopedija","status":"publish","type":"product","link":"https:\/\/smania.store\/lt\/prekes\/dinopop-3d-iskylanti-dinozauru-enciklopedija\/","title":{"rendered":"DinoPop\u2122 3D i\u0161kylanti dinozaur\u0173 enciklopedija"},"content":{"rendered":"<div class=\"smania_landing_description_title\">NAUJA, Lengvas valymas kiekvienai pavir\u0161iai<\/div>\n<div class=\"smania_landing_description_txt\">Knyga, kuri sugr\u0105\u017eina dinozaurus<\/div>\n<div class=\"smania_landing_description_subtitle\">DinoPop\u2122 atgaivina dinozaur\u0173 pasaul\u012f su mil\u017eini\u0161komis 3D pop-up knygel\u0117mis, kurios \u0161oka i\u0161 knygos stulbinan\u010diu detalumu. Pilna \u012fdomi\u0173 fakt\u0173, humoro ir \u012fsp\u016bdingos popierin\u0117s in\u017einerijos, ji paver\u010dia mokym\u0105si nepamir\u0161tama nuotykiu.<\/div>\n<div class=\"smania_landing_description_list\">\n<ul>\n<li>Did\u017eiuliai 3D pop-up elementai, kurie atsiskleid\u017eia \u012f gyvybi\u0161kus dinosaus <\/li>\n<li>\u012etraukti T. rex, raptojus, ilgakaklius mil\u017einus, \u0161arvuotus dinozaurus ir daugel\u012f ma\u017eiau \u017einom\u0173 r\u016b\u0161i\u0173 <\/li>\n<li>Ma\u017ei pop-up bukletai atskleid\u017eia papildomas faktus, istorijas ir netik\u0117tus prie\u0161istorinius detales <\/li>\n<li>Mokomoji med\u017eiaga ir \u017eaismingas humoras pritraukia tiek vaikus, tiek suaugusius <\/li>\n<li>Pagaminta i\u0161 auk\u0161tos kokyb\u0117s popieriaus in\u017einerijos, skirtos nustebinti, mokyti ir tarnauti met\u0173 metus<\/li>\n<\/ul><\/div>\n","protected":false},"excerpt":{"rendered":"<p>Dideli 3D i\u0161kilimai |I\u0161silavinimui ir pramogai |Gyvybingi iliustracijos |\u012etraukti daugyb\u0117 r\u016b\u0161i\u0173 |Puiki dovana dinozaur\u0173 m\u0117g\u0117jams|Formatas: 3D i\u0161\u0161okan\u010dioji enciklopedija |Puslapiai: 6 dideli puslapiai su keliomis mini i\u0161\u0161okan\u010diomis dalimis |Turinys: Faktai, prie\u0161istorin\u0117 istorija, paleontologijos pasakojimai |Am\u017eius: 4+ (puikiai tinka ir kolekcininkams bei suaugusiems) |Dydis: 25 x 20 x 2,5 cm<\/p>\n","protected":false},"featured_media":34047,"template":"","meta":[],"product_cat":[1595],"product_tag":[1636],"acf":[],"_links":{"self":[{"href":"https:\/\/smania.store\/lt\/wp-json\/wp\/v2\/product\/34060"}],"collection":[{"href":"https:\/\/smania.store\/lt\/wp-json\/wp\/v2\/product"}],"about":[{"href":"https:\/\/smania.store\/lt\/wp-json\/wp\/v2\/types\/product"}],"wp:featuredmedia":[{"embeddable":true,"href":"https:\/\/smania.store\/lt\/wp-json\/wp\/v2\/media\/34047"}],"wp:attachment":[{"href":"https:\/\/smania.store\/lt\/wp-json\/wp\/v2\/media?parent=34060"}],"wp:term":[{"taxonomy":"product_cat","embeddable":true,"href":"https:\/\/smania.store\/lt\/wp-json\/wp\/v2\/product_cat?post=34060"},{"taxonomy":"product_tag","embeddable":true,"href":"https:\/\/smania.store\/lt\/wp-json\/wp\/v2\/product_tag?post=34060"}],"curies":[{"name":"wp","href":"https:\/\/api.w.org\/{rel}","templated":true}]}}