{"id":34010,"date":"2026-02-27T10:10:29","date_gmt":"2026-02-27T09:10:29","guid":{"rendered":"https:\/\/smania.store\/lt\/prekes\/peelpro-automatinis-darzoviu-ir-vaisiu-lupiklis\/"},"modified":"2026-03-07T09:33:42","modified_gmt":"2026-03-07T08:33:42","slug":"peelpro-automatinis-darzoviu-ir-vaisiu-lupiklis","status":"publish","type":"product","link":"https:\/\/smania.store\/lt\/prekes\/peelpro-automatinis-darzoviu-ir-vaisiu-lupiklis\/","title":{"rendered":"PeelPro\u2122 automatinis dar\u017eovi\u0173 ir vaisi\u0173 lupiklis"},"content":{"rendered":"<div class=\"smania_landing_description_title\"> Nauja: Greitas lupimas per kelias sekundes <\/div>\n<div class=\"smania_landing_description_txt\"> Protingesnis lupimas prasideda \u010dia! <\/div>\n<div class=\"smania_landing_description_subtitle\"> Sakykite sudie nepatogiam lupimui ir labas dienas grynai virtuv\u0117s d\u017eiaugsmui! PeelPro lupina vaisius ir \u010desnakus per sekundes \u2014 greitai, tiksliai ir be atliek\u0173. Patirkite greitesnio, \u0161varesnio virimo ateit\u012f \u0161iandien! <\/div>\n<div class=\"smania_landing_description_list\">\n<ul>\n<li>Puikiai lupasi per kelias sekundes \u2014 nei\u0161meta mink\u0161timo, joki\u0173 atliek\u0173 <\/li>\n<li>Didelio grei\u010dio precizija u\u017etikrina skland\u017eius ir \u0161varius rezultatus kiekvien\u0105 kart\u0105 <\/li>\n<li>Kompakti\u0161kas ir \u012fkroviamas \u2014 telpa bet kur ir visada pasiruo\u0161\u0119s, kur tik jo prireikia <\/li>\n<li>Palengvina luptim\u0105 namuose arba lauke <\/li>\n<li>Greitai valomas su visi\u0161kai nuimamais komponentais <\/li>\n<li>Laiko j\u016bs\u0173 virtuv\u0119 tvarking\u0105, \u0161vie\u017ei\u0105 ir higieni\u0161k\u0105 <\/li>\n<li>Saugus, paprastas ir smagus naudoti visiems<\/li>\n<\/ul><\/div>\n","protected":false},"excerpt":{"rendered":"<p>\u012eskelia per vos 20 sekund\u017ei\u0173 |Iki 2+ valand\u0173 bevielis naudojimas |Vieno mygtuko automatinis valdymas |Lengvas 0,8 kg dizainas patogiam naudojimui |Atspar\u016bs ner\u016bdijan\u010dio plieno peiliai ilgaam\u017ei\u0161kumui|Med\u017eiaga: Polipropilenas (PP) |Dydis: 20 \u00d7 22 cm |Baterijos talpa: 1300mAh (\u012fkraunama) |Krovimo metodas: USB (\u012fkrovimo laidas pridedamas) |Prie\u017ei\u016bra: Galima plauti indaplov\u0117je<\/p>\n","protected":false},"featured_media":33997,"template":"","meta":[],"product_cat":[1602],"product_tag":[1626],"acf":[],"_links":{"self":[{"href":"https:\/\/smania.store\/lt\/wp-json\/wp\/v2\/product\/34010"}],"collection":[{"href":"https:\/\/smania.store\/lt\/wp-json\/wp\/v2\/product"}],"about":[{"href":"https:\/\/smania.store\/lt\/wp-json\/wp\/v2\/types\/product"}],"wp:featuredmedia":[{"embeddable":true,"href":"https:\/\/smania.store\/lt\/wp-json\/wp\/v2\/media\/33997"}],"wp:attachment":[{"href":"https:\/\/smania.store\/lt\/wp-json\/wp\/v2\/media?parent=34010"}],"wp:term":[{"taxonomy":"product_cat","embeddable":true,"href":"https:\/\/smania.store\/lt\/wp-json\/wp\/v2\/product_cat?post=34010"},{"taxonomy":"product_tag","embeddable":true,"href":"https:\/\/smania.store\/lt\/wp-json\/wp\/v2\/product_tag?post=34010"}],"curies":[{"name":"wp","href":"https:\/\/api.w.org\/{rel}","templated":true}]}}