{"id":33977,"date":"2026-02-27T09:51:23","date_gmt":"2026-02-27T08:51:23","guid":{"rendered":"https:\/\/smania.store\/lt\/prekes\/fluffybox-kvadrato-formos-pukuotas-kaciu-lova\/"},"modified":"2026-02-27T09:51:35","modified_gmt":"2026-02-27T08:51:35","slug":"fluffybox-kvadrato-formos-pukuotas-kaciu-lova","status":"publish","type":"product","link":"https:\/\/smania.store\/lt\/prekes\/fluffybox-kvadrato-formos-pukuotas-kaciu-lova\/","title":{"rendered":"FluffyBox\u2122 kvadrato formos p\u016bkuotas ka\u010di\u0173 lova"},"content":{"rendered":"<div class=\"smania_landing_description_title\">Nauja: Daugiafunkcinis greitis ir \u0161varus energijos \u0161altinis<\/div>\n<div class=\"smania_landing_description_txt\">Patogiausia u\u017ekand\u017ei\u0173 d\u0117\u017eut\u0117 &#8211; lova, \u012f kuri\u0105 j\u016bs\u0173 kat\u0117 kada nors \u012f\u0161oks!<\/div>\n<div class=\"smania_landing_description_subtitle\">Apgaubkite savo kat\u0119 \u0161iluma ir komfortu su FluffyBox\u2122, mink\u0161ta d\u0117\u017eut\u0117s stiliaus lova, \u012fkv\u0117pta u\u017ekand\u017ei\u0173 d\u0117\u017ei\u0173 dizaino. Mink\u0161ta, u\u017edara ir raminanti, ji suteikia gyv\u016bnams priva\u010di\u0105 viet\u0105, kurioje jie jau\u010diasi saug\u016bs, ram\u016bs ir jauk\u016bs visus metus.<\/div>\n<div class=\"smania_landing_description_list\">\n<ul>\n<li>\u0160iltas ir Raminantis Prieglaudos Kampelis \u2013 Mink\u0161ti, p\u016bkuoti sienos ir jaukus u\u017epildas sukuria raminan\u010di\u0105 erdv\u0119, kurioje kat\u0117s jau\u010diasi saugios ir atsipalaidavusios <\/li>\n<li>\u017davus D\u0117\u017eut\u0117s Inspiruotas Dizainas \u2013 Linksmas u\u017ekand\u017ei\u0173 d\u0117\u017eut\u0117s stilius daro \u0161i\u0105 lov\u0105 miel\u0105 ir dekoratyvi\u0105 bet kurioje patalpoje <\/li>\n<li>Vis\u0173 Sezon\u0173 Patogumas \u2013 Specialiai apdorotas u\u017epildas \u017eiem\u0105 i\u0161lieka \u0161iltas, o vasar\u0105 \u2013 maloniai v\u0117sus <\/li>\n<li>Odai Palaikantis ir Patvarus \u2013 Pagaminta i\u0161 mink\u0161to, kv\u0117puojan\u010dio p\u016bko, kuris \u0161velnus kat\u0117s letenoms ir ilgaam\u017eis <\/li>\n<li>Nuimamas ir Lengvai Valomas \u2013 Lengva konstrukcija su nuimamais komponentais palengvina valym\u0105 ir saugojim\u0105<\/li>\n<\/ul><\/div>\n","protected":false},"excerpt":{"rendered":"<p>\u0160iltas, raminantis mink\u0161tas interjeras |Mielas u\u017ekand\u017ei\u0173 d\u0117\u017eut\u0117s dizainas |\u0160velnus ir augintiniams draugi\u0161kas |Lengva valyti|Variacijos: M\u0117lyna \/ Raudona |Dydis: L \u2013 55 \u00d7 45 \u00d7 20 cm |Med\u017eiaga: Mink\u0161ta ply\u0161in\u0117 med\u017eiaga + palaikantis u\u017epildas |Dizainas: D\u0117\u017eut\u0117s formos, u\u017edara, nuimami komponentai<\/p>\n","protected":false},"featured_media":33964,"template":"","meta":[],"product_cat":[1597],"product_tag":[],"acf":[],"_links":{"self":[{"href":"https:\/\/smania.store\/lt\/wp-json\/wp\/v2\/product\/33977"}],"collection":[{"href":"https:\/\/smania.store\/lt\/wp-json\/wp\/v2\/product"}],"about":[{"href":"https:\/\/smania.store\/lt\/wp-json\/wp\/v2\/types\/product"}],"wp:featuredmedia":[{"embeddable":true,"href":"https:\/\/smania.store\/lt\/wp-json\/wp\/v2\/media\/33964"}],"wp:attachment":[{"href":"https:\/\/smania.store\/lt\/wp-json\/wp\/v2\/media?parent=33977"}],"wp:term":[{"taxonomy":"product_cat","embeddable":true,"href":"https:\/\/smania.store\/lt\/wp-json\/wp\/v2\/product_cat?post=33977"},{"taxonomy":"product_tag","embeddable":true,"href":"https:\/\/smania.store\/lt\/wp-json\/wp\/v2\/product_tag?post=33977"}],"curies":[{"name":"wp","href":"https:\/\/api.w.org\/{rel}","templated":true}]}}