{"id":33912,"date":"2026-02-19T11:04:15","date_gmt":"2026-02-19T10:04:15","guid":{"rendered":"https:\/\/smania.store\/lt\/prekes\/woodydraw-stalvirsio-organizatorius-su-stalciumi\/"},"modified":"2026-02-19T11:04:15","modified_gmt":"2026-02-19T10:04:15","slug":"woodydraw-stalvirsio-organizatorius-su-stalciumi","status":"publish","type":"product","link":"https:\/\/smania.store\/lt\/prekes\/woodydraw-stalvirsio-organizatorius-su-stalciumi\/","title":{"rendered":"WoodyDraw\u2122 stalvir\u0161io organizatorius su stal\u010diumi"},"content":{"rendered":"<div class=\"smania_landing_description_title\">NAUJAS, J\u016bs\u0173 Kampo Organizatoriaus Wizard<\/div>\n<div class=\"smania_landing_description_txt\">I\u0161manus saugojimas, kuris suteikia ramyb\u0119 j\u016bs\u0173 stalvir\u0161iui.<\/div>\n<div class=\"smania_landing_description_subtitle\">Atne\u0161kite nesud\u0117ting\u0105 tvark\u0105 ir nat\u016bral\u0173 elegancij\u0105 savo namams su \u0161iuo stilingu stalvir\u0161io organizatoriumi. Pagamintas i\u0161 tvirt\u0173 med\u017eiag\u0173, jis suteikia ne tik gro\u017e\u012f, bet ir ilgaam\u017ei\u0161kum\u0105, tuo pa\u010diu i\u0161laikydamas j\u016bs\u0173 svarbiausius daiktus tvarkingai. Erdvus stal\u010dius u\u017etikrina patog\u0173 pritaikym\u0105 ir papildom\u0105 viet\u0105 kasdieniams daiktams, taip padarydamas j\u016bs\u0173 erdv\u0119 tvarkingesn\u0119, ramesn\u0119 ir idealiai sutvarkyt\u0105.<\/div>\n<div class=\"smania_landing_description_list\">\n<ul>\n<li>Laiko ma\u017eus b\u016btiniausius daiktus tvarkingai organizuotus ir visada po ranka <\/li>\n<li>Pagaminta i\u0161 tvirt\u0173 med\u017eiag\u0173, u\u017etikrinan\u010di\u0173 ilgaam\u017ei\u0161kum\u0105 ir stabilum\u0105 <\/li>\n<li>Sujungia nat\u016brali\u0105 \u0161ilum\u0105 ir modern\u0173 minimalizm\u0105, kad pakelt\u0173 bet kurio kambario dekor\u0105 <\/li>\n<li>Maksimaliai i\u0161naudoja j\u016bs\u0173 stalvir\u0161io erdv\u0119, tuo pa\u010diu palaikydama j\u016bs\u0173 namus tvarkingus ir eleganti\u0161kus <\/li>\n<li>Tinka kasdieniams daiktams laikyti virtuv\u0117je, vonios kambaryje, biure ar koridoriuje<\/li>\n<\/ul><\/div>\n","protected":false},"excerpt":{"rendered":"<p>Stal\u010dius: I\u0161traukiamas |Montavimas: Savaranki\u0161kas ir lengvai judinamas |Strukt\u016bra: Stabili konstrukcija|Dydis: 37 \u00d7 26 \u00d7 20 cm (stal\u010diaus auk\u0161tis: 9 cm) |Med\u017eiaga: Medis, Metalas |Spalva: \u0160viesiai ruda, Juoda<\/p>\n","protected":false},"featured_media":33902,"template":"","meta":[],"product_cat":[1594,1602],"product_tag":[1605],"acf":[],"_links":{"self":[{"href":"https:\/\/smania.store\/lt\/wp-json\/wp\/v2\/product\/33912"}],"collection":[{"href":"https:\/\/smania.store\/lt\/wp-json\/wp\/v2\/product"}],"about":[{"href":"https:\/\/smania.store\/lt\/wp-json\/wp\/v2\/types\/product"}],"wp:featuredmedia":[{"embeddable":true,"href":"https:\/\/smania.store\/lt\/wp-json\/wp\/v2\/media\/33902"}],"wp:attachment":[{"href":"https:\/\/smania.store\/lt\/wp-json\/wp\/v2\/media?parent=33912"}],"wp:term":[{"taxonomy":"product_cat","embeddable":true,"href":"https:\/\/smania.store\/lt\/wp-json\/wp\/v2\/product_cat?post=33912"},{"taxonomy":"product_tag","embeddable":true,"href":"https:\/\/smania.store\/lt\/wp-json\/wp\/v2\/product_tag?post=33912"}],"curies":[{"name":"wp","href":"https:\/\/api.w.org\/{rel}","templated":true}]}}