{"id":33806,"date":"2026-01-28T07:20:33","date_gmt":"2026-01-28T06:20:33","guid":{"rendered":"https:\/\/smania.store\/lt\/prekes\/flexguard-skystas-elektrinis-izoliatorius\/"},"modified":"2026-01-28T07:20:33","modified_gmt":"2026-01-28T06:20:33","slug":"flexguard-skystas-elektrinis-izoliatorius","status":"publish","type":"product","link":"https:\/\/smania.store\/lt\/prekes\/flexguard-skystas-elektrinis-izoliatorius\/","title":{"rendered":"FlexGuard\u2122 skystas elektrinis izoliatorius"},"content":{"rendered":"<div class=\"smania_landing_description_title\">NAUJA: U\u017etikrinkite saugum\u0105, izoliacij\u0105 ir sandarum\u0105 akimirksniu<\/div>\n<div class=\"smania_landing_description_txt\">Revoliucija elektros saugoje per kelias sekundes!<\/div>\n<div class=\"smania_landing_description_subtitle\"> Atraskite galutin\u0117s apsaugos gali\u0105 su FlexGuard\u2122. \u0160i skysta elektrin\u0117 juosta si\u016blo neprilygstam\u0105 izoliacij\u0105 ir vandeniui atspar\u0173 sandarinim\u0105, tod\u0117l ji yra b\u016btina kiekvienam, norin\u010diam apsaugoti savo elektros jungtis. Lengva naudoti ir labai universali, laikas atsisakyti pasenusi\u0173 sprendim\u0173 visam laikui!<\/div>\n<div class=\"smania_landing_description_list\">\n<ul>\n<li>Auk\u0161\u010diausia izoliacija ir sandarinimo na\u0161umas <\/li>\n<li>Atsparus vandeniui ir korozijai <\/li>\n<li>I\u0161laiko ekstremalius temperat\u016bros svyravimus <\/li>\n<li>Lanksti belaid\u0117 aplikacija, \u012ftr\u016bkim\u0173 niekada! <\/li>\n<li>Puikiai tinka vidaus ir lauko naudojimui <\/li>\n<li>Greitai d\u017ei\u016bsta: visi\u0161kas sukiet\u0117jimas per 24 valandas<\/li>\n<\/ul><\/div>\n","protected":false},"excerpt":{"rendered":"<p>Sukuria sandarias jungtis |Apsaugo nuo elektros gedim\u0173 |Lengvai sujungia elektroninius komponentus |Saugus ir paprastas naudoti|T\u016bris: 50 ml |Patikima nuot\u0117kio prevencija |Idealu automobili\u0173 laidams |Pailgina \u012frangos tarnavimo laik\u0105<\/p>\n","protected":false},"featured_media":33793,"template":"","meta":[],"product_cat":[2167],"product_tag":[2170],"acf":[],"_links":{"self":[{"href":"https:\/\/smania.store\/lt\/wp-json\/wp\/v2\/product\/33806"}],"collection":[{"href":"https:\/\/smania.store\/lt\/wp-json\/wp\/v2\/product"}],"about":[{"href":"https:\/\/smania.store\/lt\/wp-json\/wp\/v2\/types\/product"}],"wp:featuredmedia":[{"embeddable":true,"href":"https:\/\/smania.store\/lt\/wp-json\/wp\/v2\/media\/33793"}],"wp:attachment":[{"href":"https:\/\/smania.store\/lt\/wp-json\/wp\/v2\/media?parent=33806"}],"wp:term":[{"taxonomy":"product_cat","embeddable":true,"href":"https:\/\/smania.store\/lt\/wp-json\/wp\/v2\/product_cat?post=33806"},{"taxonomy":"product_tag","embeddable":true,"href":"https:\/\/smania.store\/lt\/wp-json\/wp\/v2\/product_tag?post=33806"}],"curies":[{"name":"wp","href":"https:\/\/api.w.org\/{rel}","templated":true}]}}