{"id":33786,"date":"2026-01-27T07:52:19","date_gmt":"2026-01-27T06:52:19","guid":{"rendered":"https:\/\/smania.store\/lt\/prekes\/reflectiva-3d-pvc-veidrodinis-sienos-panelis-50-x-50-cm-8-vnt\/"},"modified":"2026-01-27T07:52:23","modified_gmt":"2026-01-27T06:52:23","slug":"reflectiva-3d-pvc-veidrodinis-sienos-panelis-50-x-50-cm-8-vnt","status":"publish","type":"product","link":"https:\/\/smania.store\/lt\/prekes\/reflectiva-3d-pvc-veidrodinis-sienos-panelis-50-x-50-cm-8-vnt\/","title":{"rendered":"Reflectiva\u2122 3D PVC veidrodinis sienos panelis 50 x 50 cm &#8211; 8 vnt."},"content":{"rendered":"<div class=\"smania_landing_description_title\">NAUJA: Akimirksniu transformuokite bet kuri\u0105 sien\u0105 ar lubas<\/div>\n<div class=\"smania_landing_description_txt\">Paverskite kiekvien\u0105 sien\u0105 stiliaus pasakojimu!<\/div>\n<div class=\"smania_landing_description_subtitle\"> Transformuokite savo sienas su Reflectiva\u2122 \u2013 dr\u0105siais 3D veidrodiniais paneliais, kurie sujungia modern\u0173 dizain\u0105 su \u012fsp\u016bdingais atspind\u017eiais. Lengvi, patvar\u016bs ir lengvai montuojami, jie sukuria akimirksniu pastebim\u0105 akcent\u0105 bet kurioje patalpoje.<\/div>\n<div class=\"smania_landing_description_list\">\n<ul>\n<li>Stilingas veidrodinis efektas \u0161iuolaikiniams interjerams <\/li>\n<li>Puikiai tinka namams ar biurui <\/li>\n<li>Tvirtas ir lankstus PVC med\u017eiaga <\/li>\n<li>Pabr\u0117\u017eia \u0161vies\u0105, gyl\u012f ir kambario erdvum\u0105 <\/li>\n<li>Garso izoliacija ir difuzija<\/li>\n<\/ul><\/div>\n","protected":false},"excerpt":{"rendered":"<p>Atsparus \u012fbr\u0117\u017eimams pavir\u0161ius, u\u017etikrinantis ilgalaik\u012f blizges\u012f |UV apsaugota danga neleid\u017eia i\u0161blukti |Ekologi\u0161kas PVC \u2013 saugus bet kuriam namui |Ma\u017eai prie\u017ei\u016bros reikalaujantis pavir\u0161ius \u2013 lengva valyti|Variacijos: matin\u0117 pilka, matin\u0117 balta, med\u017eio ra\u0161tas |Vieno panelio matmenys: 50 x 50 cm |Vieno panelio padengimas: 0,25 m\u00b2 |8 pakuot\u0117s padengimas: 2 m\u00b2<\/p>\n","protected":false},"featured_media":33772,"template":"","meta":[],"product_cat":[1594],"product_tag":[1973],"acf":[],"_links":{"self":[{"href":"https:\/\/smania.store\/lt\/wp-json\/wp\/v2\/product\/33786"}],"collection":[{"href":"https:\/\/smania.store\/lt\/wp-json\/wp\/v2\/product"}],"about":[{"href":"https:\/\/smania.store\/lt\/wp-json\/wp\/v2\/types\/product"}],"wp:featuredmedia":[{"embeddable":true,"href":"https:\/\/smania.store\/lt\/wp-json\/wp\/v2\/media\/33772"}],"wp:attachment":[{"href":"https:\/\/smania.store\/lt\/wp-json\/wp\/v2\/media?parent=33786"}],"wp:term":[{"taxonomy":"product_cat","embeddable":true,"href":"https:\/\/smania.store\/lt\/wp-json\/wp\/v2\/product_cat?post=33786"},{"taxonomy":"product_tag","embeddable":true,"href":"https:\/\/smania.store\/lt\/wp-json\/wp\/v2\/product_tag?post=33786"}],"curies":[{"name":"wp","href":"https:\/\/api.w.org\/{rel}","templated":true}]}}