{"id":33755,"date":"2026-01-26T05:30:18","date_gmt":"2026-01-26T04:30:18","guid":{"rendered":"https:\/\/smania.store\/lt\/prekes\/motodoctor-labai-efektyvi-variklio-apsauga-325-ml\/"},"modified":"2026-01-26T05:30:18","modified_gmt":"2026-01-26T04:30:18","slug":"motodoctor-labai-efektyvi-variklio-apsauga-325-ml","status":"publish","type":"product","link":"https:\/\/smania.store\/lt\/prekes\/motodoctor-labai-efektyvi-variklio-apsauga-325-ml\/","title":{"rendered":"MotoDoctor\u2122 Labai efektyvi variklio apsauga (325 ml)"},"content":{"rendered":"<div class=\"smania_landing_description_title\">NAUJA: Apsaugokite savo variklio \u0161irdies plakim\u0105<\/div>\n<div class=\"smania_landing_description_txt\">Ilgalaik\u0117 apsauga svarbiems variklio komponentams<\/div>\n<div class=\"smania_landing_description_subtitle\">Atverkite tikr\u0105j\u012f savo transporto priemon\u0117s potencial\u0105 su Anti-WearAgent\u2122. Sukurtas apgaubti j\u016bs\u0173 variklio svarbiausias dalis, \u0161is sprendimas sukuria neprilygstam\u0105 barjer\u0105 prie\u0161 trint\u012f ir nusid\u0117v\u0117jim\u0105, u\u017etikrindamas, kad kiekviena kelion\u0117 b\u016bt\u0173 sklandesn\u0117 ir efektyvesn\u0117 nei ankstesn\u0117.<\/div>\n<div class=\"smania_landing_description_list\">\n<ul>\n<li>Atkuria skland\u0173 veikim\u0105 \u2013 Ma\u017eina trint\u012f ir variklio triuk\u0161m\u0105<\/li>\n<li>Paprastas naudojimas \u2013 Pilama tiesiai \u012f alyvos pylimo ang\u0105<\/li>\n<li>Apsaugo nuo nusid\u0117v\u0117jimo \u2013 Sudaro apsaugin\u0119 tepimo pl\u0117vel\u0119<\/li>\n<li>Ma\u017eina alyvos s\u0105naudas \u2013 Pagerina variklio komponent\u0173 sandarum\u0105<\/li>\n<li>Prailgina alyvos tarnavimo laik\u0105 \u2013 Ilgiau i\u0161laiko veiksmingum\u0105<\/li>\n<li>Dozavimo santykis \u2013 325 ml iki 6 L variklio alyvos<\/li>\n<\/ul><\/div>\n","protected":false},"excerpt":{"rendered":"<p>Apsaugo gyvybi\u0161kai svarbias variklio dalis|U\u017etikrina sklandesn\u012f va\u017eiavimo patirt\u012f|Suma\u017eina \u0161ilum\u0105, kad variklis tarnaut\u0173 ilgiau|I\u0161vaizda: skaidrus iki \u0161iek tiek gintarinis skystis|Skys\u010dio t\u016bris: 325 ml|Tankis: ~0,85 g\/cm\u00b3 esant 20 \u00b0C|Ugnies u\u017esidegimo temperat\u016bra: &gt;200 \u00b0C|Dozavimo santykis: 325 ml per 6 L aliejaus<\/p>\n","protected":false},"featured_media":33741,"template":"","meta":[],"product_cat":[1596,2167],"product_tag":[2171],"acf":[],"_links":{"self":[{"href":"https:\/\/smania.store\/lt\/wp-json\/wp\/v2\/product\/33755"}],"collection":[{"href":"https:\/\/smania.store\/lt\/wp-json\/wp\/v2\/product"}],"about":[{"href":"https:\/\/smania.store\/lt\/wp-json\/wp\/v2\/types\/product"}],"wp:featuredmedia":[{"embeddable":true,"href":"https:\/\/smania.store\/lt\/wp-json\/wp\/v2\/media\/33741"}],"wp:attachment":[{"href":"https:\/\/smania.store\/lt\/wp-json\/wp\/v2\/media?parent=33755"}],"wp:term":[{"taxonomy":"product_cat","embeddable":true,"href":"https:\/\/smania.store\/lt\/wp-json\/wp\/v2\/product_cat?post=33755"},{"taxonomy":"product_tag","embeddable":true,"href":"https:\/\/smania.store\/lt\/wp-json\/wp\/v2\/product_tag?post=33755"}],"curies":[{"name":"wp","href":"https:\/\/api.w.org\/{rel}","templated":true}]}}