{"id":33723,"date":"2026-01-23T07:38:38","date_gmt":"2026-01-23T06:38:38","guid":{"rendered":"https:\/\/smania.store\/lt\/prekes\/doorfit-traukimo-juosta-durims\/"},"modified":"2026-03-25T14:24:26","modified_gmt":"2026-03-25T13:24:26","slug":"doorfit-traukimo-juosta-durims","status":"publish","type":"product","link":"https:\/\/smania.store\/lt\/prekes\/doorfit-traukimo-juosta-durims\/","title":{"rendered":"DoorFit\u2122 traukimo juosta durims"},"content":{"rendered":"<div class=\"smania_landing_description_title\">NAUJA! Galutin\u0117 nam\u0173 sporto sal\u0117s sprendimas<\/div>\n<div class=\"smania_landing_description_txt\">Pasiekite raumen\u0173 mas\u0119 nei\u0161eidami i\u0161 nam\u0173<\/div>\n<div class=\"smania_landing_description_subtitle\">I\u0161laisvinkite savo piln\u0105 potencial\u0105 su DoorFit\u2122! Lengvai pagerinkite savo treniruo\u010di\u0173 rutin\u0105 ir pasiekite ne\u012ftik\u0117tin\u0105 j\u0117g\u0105 su paprastu priedu bet kuriam standartiniam dur\u0173 r\u0117mui. Joki\u0173 var\u017et\u0173, jokios \u017ealos, tik gryna galia\u2014nes j\u016bs\u0173 aistra sportui nusipelno tobulumo!<\/div>\n<div class=\"smania_landing_description_list\">\n<ul>\n<li>Palaiko intensyvius treniruotes <\/li>\n<li>Nereikia joki\u0173 \u012franki\u0173 montavimui <\/li>\n<li>Saug\u016bs, neslid\u016bs put\u0173 rankenai <\/li>\n<li>Pakelkite treniruotes su tvirtu dizainu <\/li>\n<li>Ne\u0161iojamas, skirtas \u012fvairioms pratyboms <\/li>\n<li>Greitas, be \u017ealos montavimas<\/li>\n<\/ul><\/div>\n","protected":false},"excerpt":{"rendered":"<p>Inovatyvi in\u017einerija be svyravim\u0173 |Profesionalus raumen\u0173 auginimas |Idealu traukimo ir st\u016bmimo pratimams |Patog\u016bs ekstra plat\u016bs rankenai|Reguliuojamas baro auk\u0161tis |Baro ilgis: 101,6 cm |Palaikymas: iki 300 kg |Tinka durims: plotis 70-90 cm, gylis 12-24 cm<\/p>\n","protected":false},"featured_media":33710,"template":"","meta":[],"product_cat":[1600],"product_tag":[],"acf":[],"_links":{"self":[{"href":"https:\/\/smania.store\/lt\/wp-json\/wp\/v2\/product\/33723"}],"collection":[{"href":"https:\/\/smania.store\/lt\/wp-json\/wp\/v2\/product"}],"about":[{"href":"https:\/\/smania.store\/lt\/wp-json\/wp\/v2\/types\/product"}],"wp:featuredmedia":[{"embeddable":true,"href":"https:\/\/smania.store\/lt\/wp-json\/wp\/v2\/media\/33710"}],"wp:attachment":[{"href":"https:\/\/smania.store\/lt\/wp-json\/wp\/v2\/media?parent=33723"}],"wp:term":[{"taxonomy":"product_cat","embeddable":true,"href":"https:\/\/smania.store\/lt\/wp-json\/wp\/v2\/product_cat?post=33723"},{"taxonomy":"product_tag","embeddable":true,"href":"https:\/\/smania.store\/lt\/wp-json\/wp\/v2\/product_tag?post=33723"}],"curies":[{"name":"wp","href":"https:\/\/api.w.org\/{rel}","templated":true}]}}