{"id":33688,"date":"2026-01-23T07:16:30","date_gmt":"2026-01-23T06:16:30","guid":{"rendered":"https:\/\/smania.store\/lt\/prekes\/catafix-katalizatoriu-valiklis-250-ml\/"},"modified":"2026-01-23T07:16:41","modified_gmt":"2026-01-23T06:16:41","slug":"catafix-katalizatoriu-valiklis-250-ml","status":"publish","type":"product","link":"https:\/\/smania.store\/lt\/prekes\/catafix-katalizatoriu-valiklis-250-ml\/","title":{"rendered":"CataFix\u2122 Katalizatori\u0173 valiklis (250 ml)"},"content":{"rendered":"<div class=\"smania_landing_description_title\">NAUJA: CataClean\u2122 \u2013 galingam varikliui<\/div>\n<div class=\"smania_landing_description_txt\">Atkurkite savo variklio efektyvum\u0105 ir na\u0161um\u0105 su 1 paprastu triuku<\/div>\n<div class=\"smania_landing_description_subtitle\">I\u0161valykite savo katalizin\u012f konverter\u012f kruop\u0161\u010diai su CataFix\u2122 \u2013 be joki\u0173 i\u0161ardym\u0173! Atsikratykite baisaus \u201evariklio aptarnavimo\u201c \u0161viesos, suma\u017einkite emisijas ir atkurkite prarast\u0105 gali\u0105 su vienu gydymu, prid\u0117tu prie j\u016bs\u0173 degal\u0173 bako.<\/div>\n<div class=\"smania_landing_description_list\">\n<ul>\n<li>Pagerina variklio na\u0161um\u0105 ir kuro efektyvum\u0105 <\/li>\n<li>Efektyviai valo katalizin\u012f konverter\u012f be i\u0161ardymo <\/li>\n<li>Tiesiog supilkite \u012f kuro bak\u0105 ir va\u017eiuokite, kol jis veikia savo stebuklus <\/li>\n<li>Padeda pa\u0161alinti \u201epatikrinkite varikl\u012f\u201c \u0161vies\u0105, sukelt\u0105 u\u017esikim\u0161imo <\/li>\n<li>Suma\u017eina kenksmingas emisijas ir nemalon\u0173 i\u0161metam\u0173j\u0173 duj\u0173 kvap\u0105<\/li>\n<\/ul><\/div>\n","protected":false},"excerpt":{"rendered":"<p>Teikia i\u0161sam\u0173 valymo veiksm\u0105 |Pa\u0161alina nuos\u0117das i\u0161 deguonies jutikli\u0173 ir kuro purk\u0161tuk\u0173 |Skaido alyvos ir sudegusi\u0173 kuro daleles |Palaiko sklandesn\u012f, stabilesn\u012f variklio veikim\u0105 |Padeda u\u017ekirsti keli\u0105 b\u016bsimam nuos\u0117d\u0173 ir u\u017esikim\u0161im\u0173 susidarymui|Program\u0117l\u0117: Prid\u0117ti tiesiai \u012f degal\u0173 bak\u0105 prie\u0161 deginim\u0105 |Dozavimas: Viena buteliukas (250 ml) apdoroja 50\u201360 litr\u0173 degal\u0173 |Rekomenduojamas naudojimas: Kas 5,000 km arba kai kyla purk\u0161tuk\u0173 problem\u0173 |Pakuot\u0117s t\u016bris: 250 ml<\/p>\n","protected":false},"featured_media":33677,"template":"","meta":[],"product_cat":[1596,2167],"product_tag":[1703],"acf":[],"_links":{"self":[{"href":"https:\/\/smania.store\/lt\/wp-json\/wp\/v2\/product\/33688"}],"collection":[{"href":"https:\/\/smania.store\/lt\/wp-json\/wp\/v2\/product"}],"about":[{"href":"https:\/\/smania.store\/lt\/wp-json\/wp\/v2\/types\/product"}],"wp:featuredmedia":[{"embeddable":true,"href":"https:\/\/smania.store\/lt\/wp-json\/wp\/v2\/media\/33677"}],"wp:attachment":[{"href":"https:\/\/smania.store\/lt\/wp-json\/wp\/v2\/media?parent=33688"}],"wp:term":[{"taxonomy":"product_cat","embeddable":true,"href":"https:\/\/smania.store\/lt\/wp-json\/wp\/v2\/product_cat?post=33688"},{"taxonomy":"product_tag","embeddable":true,"href":"https:\/\/smania.store\/lt\/wp-json\/wp\/v2\/product_tag?post=33688"}],"curies":[{"name":"wp","href":"https:\/\/api.w.org\/{rel}","templated":true}]}}