{"id":33671,"date":"2026-01-20T12:12:36","date_gmt":"2026-01-20T11:12:36","guid":{"rendered":"https:\/\/smania.store\/lt\/prekes\/barmaster-duru-remo-reguliuojama-traukimo-juosta\/"},"modified":"2026-03-04T08:35:09","modified_gmt":"2026-03-04T07:35:09","slug":"barmaster-duru-remo-reguliuojama-traukimo-juosta","status":"publish","type":"product","link":"https:\/\/smania.store\/lt\/prekes\/barmaster-duru-remo-reguliuojama-traukimo-juosta\/","title":{"rendered":"BarMaster\u2122 dur\u0173 r\u0117mo reguliuojama traukimo juosta"},"content":{"rendered":"<div class=\"smania_landing_description_title\">NAUJA: Pakelkite savo nam\u0173 treniruot\u0119<\/div>\n<div class=\"smania_landing_description_txt\">J\u016bs\u0173 Durys, J\u016bs\u0173 Sporto Sal\u0117 \u2013 Be Var\u017et\u0173, Be Rib\u0173<\/div>\n<div class=\"smania_landing_description_subtitle\"> Susipa\u017einkite su BarMaster\u2122 \u2014 revoliuciniu fitneso \u012frankiu, kuris sujungia pa\u017eangiausi\u0105 stabilum\u0105 su eleganti\u0161ku, lengvai naudojamu dizainu. Su tvirta trikampio 4 ta\u0161k\u0173 strukt\u016bra ir patogia daugiafunkcine u\u017erakinimo sistema, \u0161i juosta suteikia neprilygstam\u0105 palaikym\u0105 j\u016bs\u0173 intensyviausiems treniruot\u0117ms. Joki\u0173 \u012franki\u0173 ar gr\u0119\u017eimo nereikia!<\/div>\n<div class=\"smania_landing_description_list\">\n<ul>\n<li>Neprilygstama 180 kg stabilumas saugiam naudojimui <\/li>\n<li>Greitas montavimas, nereikia \u012franki\u0173 <\/li>\n<li>Priklausomai nuo dyd\u017eio: 70-100 cm arba 100-135 cm <\/li>\n<li>Ekologi\u0161ka put\u0173 med\u017eiaga komfortui <\/li>\n<li>Daugiapakop\u0117 u\u017erakinimo sistema maksimaliai sukibimui <\/li>\n<li>Puikiai tinka \u012fvairiems fitneso lygiams<\/li>\n<\/ul><\/div>\n","protected":false},"excerpt":{"rendered":"<p>Triangulinis dizainas stabilumui |Greitas surinkimas per kelias sekundes |Be var\u017et\u0173, be gr\u0119\u017eimo, be r\u016bpes\u010di\u0173 |Pasi\u017eymintys prakaito sug\u0117rimu, nuovarg\u012f ma\u017einantys ranken\u0117l\u0117s|Variacija 1: Ilgis: 70-100 cm |Variacija 2: Ilgis: 100-135 cm |Maksimalus svoris (sulankstyto ilgio): Iki 180 kg |Maksimalus svoris (i\u0161tempto ilgio): Iki 100 kg<\/p>\n","protected":false},"featured_media":33660,"template":"","meta":[],"product_cat":[1600],"product_tag":[1677],"acf":[],"_links":{"self":[{"href":"https:\/\/smania.store\/lt\/wp-json\/wp\/v2\/product\/33671"}],"collection":[{"href":"https:\/\/smania.store\/lt\/wp-json\/wp\/v2\/product"}],"about":[{"href":"https:\/\/smania.store\/lt\/wp-json\/wp\/v2\/types\/product"}],"wp:featuredmedia":[{"embeddable":true,"href":"https:\/\/smania.store\/lt\/wp-json\/wp\/v2\/media\/33660"}],"wp:attachment":[{"href":"https:\/\/smania.store\/lt\/wp-json\/wp\/v2\/media?parent=33671"}],"wp:term":[{"taxonomy":"product_cat","embeddable":true,"href":"https:\/\/smania.store\/lt\/wp-json\/wp\/v2\/product_cat?post=33671"},{"taxonomy":"product_tag","embeddable":true,"href":"https:\/\/smania.store\/lt\/wp-json\/wp\/v2\/product_tag?post=33671"}],"curies":[{"name":"wp","href":"https:\/\/api.w.org\/{rel}","templated":true}]}}