{"id":33607,"date":"2026-01-20T08:44:17","date_gmt":"2026-01-20T07:44:17","guid":{"rendered":"https:\/\/smania.store\/lt\/prekes\/abforge-reguliuojama-pilvo-raumenu-treniruoklis-su-atsokimu\/"},"modified":"2026-01-20T08:44:17","modified_gmt":"2026-01-20T07:44:17","slug":"abforge-reguliuojama-pilvo-raumenu-treniruoklis-su-atsokimu","status":"publish","type":"product","link":"https:\/\/smania.store\/lt\/prekes\/abforge-reguliuojama-pilvo-raumenu-treniruoklis-su-atsokimu\/","title":{"rendered":"AbForge\u2122 reguliuojama pilvo raumen\u0173 treniruoklis su at\u0161okimu"},"content":{"rendered":"<div class=\"smania_landing_description_title\">NAUJA: Paverskite savo nam\u0173 treniruotes vienu prisilietimu<\/div>\n<div class=\"smania_landing_description_txt\">Sustiprinkite savo pilvo raumenis su protinga at\u0161okimo galia!<\/div>\n<div class=\"smania_landing_description_subtitle\">Pristatome AbForge\u2122, b\u016btinas priedas j\u016bs\u0173 nam\u0173 sporto sal\u0117je. Sukurtas efektyviam pilvo raumen\u0173 treniravimui, jis suteikia tikslinius core treniruotes su automatin\u0117mis at\u0161okimo pagalbos funkcijomis ir reguliuojamais pasiprie\u0161inimo lygiais. Stiprinkite j\u0117g\u0105, formuokite pilv\u0105 ir didinkite i\u0161tverm\u0119 \u2013 visk\u0105 patogiai savo namuose!<\/div>\n<div class=\"smania_landing_description_list\">\n<ul>\n<li>3 reguliuojami pasiprie\u0161inimo lygiai progresyviam treniravimuisi <\/li>\n<li>Automatin\u0117 at\u0161okimo sistema suma\u017eina apkrov\u0105, maksimaliai padidina pakartojim\u0173 skai\u010di\u0173 <\/li>\n<li>Ergonomi\u0161kas dizainas palaiko saugius atsilenkimus ir pilvo raumen\u0173 treniruotes <\/li>\n<li>Efektyviai stiprina k\u016bno centr\u0105, pilvo raumenis ir \u0161oninius raumenis <\/li>\n<li>Tinka tiek pradedantiesiems, tiek profesionalams<\/li>\n<\/ul><\/div>\n","protected":false},"excerpt":{"rendered":"<p>Kompakti\u0161kas ir sulankstomas \u2013 lengva laikyti |Neslystantis konstrukcija u\u017etikrina stabilum\u0105 |Palaiko atsilenkimus, pilvo raumen\u0173 treniruotes ir k\u016bno stiprinim\u0105 |Idealiai tinka nam\u0173 sporto salei, biurui ar treniruot\u0117ms kelyje|I\u0161matavimai: 510 x 400 mm |\u012etempimo lygis: 150 kg |Pasiprie\u0161inimo lygiai: 3 reguliuojami nustatymai |Tikslingos raumen\u0173 grup\u0117s: Pilvo raumenys, \u0160onin\u0117s raumen\u0173 grup\u0117s, Centriniai raumenys, Apatin\u0117 nugaros dalis<\/p>\n","protected":false},"featured_media":33595,"template":"","meta":[],"product_cat":[1600],"product_tag":[1677],"acf":[],"_links":{"self":[{"href":"https:\/\/smania.store\/lt\/wp-json\/wp\/v2\/product\/33607"}],"collection":[{"href":"https:\/\/smania.store\/lt\/wp-json\/wp\/v2\/product"}],"about":[{"href":"https:\/\/smania.store\/lt\/wp-json\/wp\/v2\/types\/product"}],"wp:featuredmedia":[{"embeddable":true,"href":"https:\/\/smania.store\/lt\/wp-json\/wp\/v2\/media\/33595"}],"wp:attachment":[{"href":"https:\/\/smania.store\/lt\/wp-json\/wp\/v2\/media?parent=33607"}],"wp:term":[{"taxonomy":"product_cat","embeddable":true,"href":"https:\/\/smania.store\/lt\/wp-json\/wp\/v2\/product_cat?post=33607"},{"taxonomy":"product_tag","embeddable":true,"href":"https:\/\/smania.store\/lt\/wp-json\/wp\/v2\/product_tag?post=33607"}],"curies":[{"name":"wp","href":"https:\/\/api.w.org\/{rel}","templated":true}]}}