{"id":33593,"date":"2026-01-19T10:37:52","date_gmt":"2026-01-19T09:37:52","guid":{"rendered":"https:\/\/smania.store\/lt\/prekes\/pandatime-sokantis-panda-led-sieninis-laikrodis\/"},"modified":"2026-01-19T10:37:52","modified_gmt":"2026-01-19T09:37:52","slug":"pandatime-sokantis-panda-led-sieninis-laikrodis","status":"publish","type":"product","link":"https:\/\/smania.store\/lt\/prekes\/pandatime-sokantis-panda-led-sieninis-laikrodis\/","title":{"rendered":"PandaTime\u2122 \u0161okantis panda LED sieninis laikrodis"},"content":{"rendered":"<div class=\"smania_landing_description_title\">NAUJA: K\u016brybi\u0161kai ap\u0161vie\u010dia j\u016bs\u0173 erdv\u0119<\/div>\n<div class=\"smania_landing_description_txt\">Paverskite savo kambar\u012f ap\u0161viesta mielumu<\/div>\n<div class=\"smania_landing_description_subtitle\"> Priimkite elegancij\u0105 su PandaTime\u2122 laikrod\u017eiu. \u0160is unikalus laikrodis su pandos tema ir \u0161velniu LED ap\u0161vietimu akimirksniu pagerina bet kuri\u0105 patalp\u0105, suteikdamas \u017eavesio ir rafinuotumo, si\u016blydamas nuostab\u0173 nam\u0173 transformavim\u0105. <\/div>\n<div class=\"smania_landing_description_list\">\n<ul>\n<li>\u017davingas pand\u0173 tema paremtas dizainas suteikia \u017eavesio ir mielumo<\/li>\n<li>\u0160velni LED ap\u0161vietimas ramiai atmosferai<\/li>\n<li>Puikiai pritaikytas bet kokiai erdvei<\/li>\n<li>Modernumas susitinka su paprastumu, sukuriant laikui nepavaldi patrauklum\u0105<\/li>\n<li>Dinami\u0161ki koj\u0173 judesiai suteikia papildomo linksmyb\u0117s<\/li>\n<li>Tyli veikla u\u017etikrina ram\u0173 aplink\u0105<\/li>\n<\/ul><\/div>\n","protected":false},"excerpt":{"rendered":"<p>Patraukite sve\u010di\u0173 d\u0117mes\u012f|Tvirtas, patikimas meistri\u0161kumas|Puiki dovana vaikams ir pand\u0173 myl\u0117tojams|Lengvai derinasi su bet kokiu interjero stiliumi|Produkto matmenys: 50 cm x 36 cm x 5 cm|Pakuot\u0117s turinys: 1\u00d7 sieninis laikrodis, 1\u00d7 nuotolinio valdymo pultas (baterija \u012ftraukta)|Energijos reikalavimai: 5x AA baterijos (1x laikrodis, 1x s\u016bpuojan\u010dios kojos, 3x \u0161viesos juosta (baterijos nepridedamos))|Atsparus vandeniui ir apna\u0161oms, tinkamas valymui.<\/p>\n","protected":false},"featured_media":33583,"template":"","meta":[],"product_cat":[1595,1594],"product_tag":[1973,1880],"acf":[],"_links":{"self":[{"href":"https:\/\/smania.store\/lt\/wp-json\/wp\/v2\/product\/33593"}],"collection":[{"href":"https:\/\/smania.store\/lt\/wp-json\/wp\/v2\/product"}],"about":[{"href":"https:\/\/smania.store\/lt\/wp-json\/wp\/v2\/types\/product"}],"wp:featuredmedia":[{"embeddable":true,"href":"https:\/\/smania.store\/lt\/wp-json\/wp\/v2\/media\/33583"}],"wp:attachment":[{"href":"https:\/\/smania.store\/lt\/wp-json\/wp\/v2\/media?parent=33593"}],"wp:term":[{"taxonomy":"product_cat","embeddable":true,"href":"https:\/\/smania.store\/lt\/wp-json\/wp\/v2\/product_cat?post=33593"},{"taxonomy":"product_tag","embeddable":true,"href":"https:\/\/smania.store\/lt\/wp-json\/wp\/v2\/product_tag?post=33593"}],"curies":[{"name":"wp","href":"https:\/\/api.w.org\/{rel}","templated":true}]}}