{"id":33559,"date":"2026-01-12T10:32:32","date_gmt":"2026-01-12T09:32:32","guid":{"rendered":"https:\/\/smania.store\/lt\/prekes\/racermaze-labirinto-automobiliu-lenktyniu-trasa-zaislas\/"},"modified":"2026-01-12T10:32:32","modified_gmt":"2026-01-12T09:32:32","slug":"racermaze-labirinto-automobiliu-lenktyniu-trasa-zaislas","status":"publish","type":"product","link":"https:\/\/smania.store\/lt\/prekes\/racermaze-labirinto-automobiliu-lenktyniu-trasa-zaislas\/","title":{"rendered":"RacerMaze\u2122 labirinto automobili\u0173 lenktyni\u0173 trasa \u017eaislas"},"content":{"rendered":"<div class=\"smania_landing_description_title\">NAUJA, Atverkite Begalin\u012f Linksmybi\u0173 Kiek\u012f Dabar!<\/div>\n<div class=\"smania_landing_description_txt\">Paversti \u017eaidim\u0173 laik\u0105 \u012f jaudinant\u012f nuotyk\u012f!<\/div>\n<div class=\"smania_landing_description_subtitle\"> I\u0161laisvinkite savo vaiko vaizduot\u0119 su RacerMaze\u2122! \u0160i \u017eavi 2-in-1 \u017eaislas yra unikalus, sujungiantis jaudinan\u010dias automobili\u0173 lenktynes su smagiais problem\u0173 sprendimo i\u0161\u0161\u016bkiais. Pagamintas i\u0161 auk\u0161tos kokyb\u0117s, netoksi\u0161k\u0173 med\u017eiag\u0173, jis sukurtas nesibaigian\u010diam smagumui ir saugiam \u017eaidimui. Pakelkite savo vaiko \u017eaidimo laik\u0105 ir steb\u0117kite, kaip j\u0173 \u012fg\u016bd\u017eiai auga!<\/div>\n<div class=\"smania_landing_description_list\">\n<ul>\n<li>Pagerina motorinius \u012fg\u016bd\u017eius su smagiais i\u0161\u0161\u016bkiais <\/li>\n<li>Skatina problem\u0173 sprendimo geb\u0117jimus <\/li>\n<li>Stiprina rank\u0173 ir aki\u0173 koordinacij\u0105 <\/li>\n<li>Pridedama 5 jaudinantys mini automobiliai + l\u0117ktuvas <\/li>\n<li>\u012etraukti dinami\u0161ki valdymo mygtukai <\/li>\n<li>Saugus \u017eaidimas su apvalintais kra\u0161tais<\/li>\n<\/ul><\/div>\n","protected":false},"excerpt":{"rendered":"<p>Interaktyvus t\u0117v\u0173 ir vaik\u0173 ry\u0161io \u017eaislas |Skatina smalsum\u0105 ir k\u016brybi\u0161kum\u0105 |Daugyb\u0117 ry\u0161ki\u0173 spalv\u0173 spalv\u0173 atpa\u017einimui|I\u0161matavimai: 24 x 25 x 17 cm |Rekomenduojamas am\u017eius: 3+ met\u0173 |Pakuot\u0117je yra: Automobili\u0173 trasa, 5 automobiliai, 1 l\u0117ktuvas<\/p>\n","protected":false},"featured_media":33545,"template":"","meta":[],"product_cat":[1595],"product_tag":[1621,1613],"acf":[],"_links":{"self":[{"href":"https:\/\/smania.store\/lt\/wp-json\/wp\/v2\/product\/33559"}],"collection":[{"href":"https:\/\/smania.store\/lt\/wp-json\/wp\/v2\/product"}],"about":[{"href":"https:\/\/smania.store\/lt\/wp-json\/wp\/v2\/types\/product"}],"wp:featuredmedia":[{"embeddable":true,"href":"https:\/\/smania.store\/lt\/wp-json\/wp\/v2\/media\/33545"}],"wp:attachment":[{"href":"https:\/\/smania.store\/lt\/wp-json\/wp\/v2\/media?parent=33559"}],"wp:term":[{"taxonomy":"product_cat","embeddable":true,"href":"https:\/\/smania.store\/lt\/wp-json\/wp\/v2\/product_cat?post=33559"},{"taxonomy":"product_tag","embeddable":true,"href":"https:\/\/smania.store\/lt\/wp-json\/wp\/v2\/product_tag?post=33559"}],"curies":[{"name":"wp","href":"https:\/\/api.w.org\/{rel}","templated":true}]}}