{"id":33544,"date":"2026-01-12T10:31:42","date_gmt":"2026-01-12T09:31:42","guid":{"rendered":"https:\/\/smania.store\/lt\/prekes\/pedalflex-mini-sulankstomas-pedalu-dviratis-su-skaitikliu\/"},"modified":"2026-01-12T10:31:42","modified_gmt":"2026-01-12T09:31:42","slug":"pedalflex-mini-sulankstomas-pedalu-dviratis-su-skaitikliu","status":"publish","type":"product","link":"https:\/\/smania.store\/lt\/prekes\/pedalflex-mini-sulankstomas-pedalu-dviratis-su-skaitikliu\/","title":{"rendered":"PedalFlex\u2122 mini sulankstomas pedal\u0173 dviratis su skaitikliu"},"content":{"rendered":"<div class=\"smania_landing_description_title\">NAUJA: Fitnesas tiesiai j\u016bs\u0173 s\u0117dyn\u0117je!<\/div>\n<div class=\"smania_landing_description_txt\">I\u0161laikykite aktyvum\u0105 be \u012ftampos, tiesiai i\u0161 savo k\u0117d\u0117s!<\/div>\n<div class=\"smania_landing_description_subtitle\"> Sakykite sudie sporto salei ir labas laisvei! PedalFlex\u2122 yra j\u016bs\u0173 ne\u0161iojamas energijos \u0161altinis viso k\u016bno treniruot\u0117ms. Pakelkite savo fitneso kelion\u0119 su kiekvienu pedal\u0173 paspaudimu ir atne\u0161kite mank\u0161tos paprastum\u0105 \u012f savo namus ar biur\u0105, su neprilygstamu lengvumu ir patogumu.<\/div>\n<div class=\"smania_landing_description_list\">\n<ul>\n<li>Tikslingi rank\u0173 ir koj\u0173 treniruot\u0117s <\/li>\n<li>Idealiai tinka vyresnio am\u017eiaus \u017emon\u0117ms ir reabilitacijai <\/li>\n<li>Lengvai pritaikykite pasiprie\u0161inimo lygius <\/li>\n<li>Sekite pa\u017eang\u0105 su LCD ekranu <\/li>\n<li>Skatina kraujotak\u0105 ir energij\u0105 <\/li>\n<li>Pagerina judrum\u0105 ir lankstum\u0105<\/li>\n<\/ul><\/div>\n","protected":false},"excerpt":{"rendered":"<p>Pratimai namuose arba biure |Pritaikoma visiems fitneso lygiams |Neslystan\u010dios pagalv\u0117l\u0117s u\u017etikrina stabilum\u0105 |Kompakti\u0161kas dizainas &#8211; lengva laikyti|Maksimalus svoris: 110 kg |Med\u017eiaga: Plienin\u0117 vamzdyn\u0117, Plastikas |I\u0161matavimai: 37 x 49,5 x 23,5 cm |Energijos \u0161altinis: 150 mAh akumuliatorius (baterija \u012ftraukta)<\/p>\n","protected":false},"featured_media":33532,"template":"","meta":[],"product_cat":[1600],"product_tag":[1677],"acf":[],"_links":{"self":[{"href":"https:\/\/smania.store\/lt\/wp-json\/wp\/v2\/product\/33544"}],"collection":[{"href":"https:\/\/smania.store\/lt\/wp-json\/wp\/v2\/product"}],"about":[{"href":"https:\/\/smania.store\/lt\/wp-json\/wp\/v2\/types\/product"}],"wp:featuredmedia":[{"embeddable":true,"href":"https:\/\/smania.store\/lt\/wp-json\/wp\/v2\/media\/33532"}],"wp:attachment":[{"href":"https:\/\/smania.store\/lt\/wp-json\/wp\/v2\/media?parent=33544"}],"wp:term":[{"taxonomy":"product_cat","embeddable":true,"href":"https:\/\/smania.store\/lt\/wp-json\/wp\/v2\/product_cat?post=33544"},{"taxonomy":"product_tag","embeddable":true,"href":"https:\/\/smania.store\/lt\/wp-json\/wp\/v2\/product_tag?post=33544"}],"curies":[{"name":"wp","href":"https:\/\/api.w.org\/{rel}","templated":true}]}}