{"id":33432,"date":"2025-12-17T13:45:16","date_gmt":"2025-12-17T12:45:16","guid":{"rendered":"https:\/\/smania.store\/lt\/prekes\/sinkslide-2-pakopu-stumdomu-stalciu-saugykla\/"},"modified":"2025-12-17T13:45:23","modified_gmt":"2025-12-17T12:45:23","slug":"sinkslide-2-pakopu-stumdomu-stalciu-saugykla","status":"publish","type":"product","link":"https:\/\/smania.store\/lt\/prekes\/sinkslide-2-pakopu-stumdomu-stalciu-saugykla\/","title":{"rendered":"SinkSlide\u2122 2 pakop\u0173 stumdom\u0173 stal\u010di\u0173 saugykla"},"content":{"rendered":"<div class=\"smania_landing_description_title\">NAUJIENA: i\u0161manus kriaukl\u0117s organizavimas<\/div>\n<div class=\"smania_landing_description_txt\">Did\u017eiausias patogumas virtuv\u0117je be joki\u0173 pastang\u0173!<\/div>\n<div class=\"smania_landing_description_subtitle\"> Atraskite efektyvum\u0105 ir stili\u0173 su SinkSlide\u2122, kuri maksimaliai padidina erdv\u0119 po kriaukle. Sukurtas siekiantiems tvarkos ir prieinamumo, \u0161is organizatorius leid\u017eia patogiai laikyti valiklius, kempin\u0117les ir priedus, kurie visada lengvai pasiekiami. Tvirtas, modernus dizainas puikiai tinka bet kurioje virtuv\u0117je, nereikia sud\u0117tingo montavimo ar maitinimo \u0161altinio.<\/div>\n<div class=\"smania_landing_description_list\">\n<ul>\n<li>Puiki tvarka &#8211; ma\u017eoje erdv\u0117je sutvarko valiklius ir priedus<\/li>\n<li>Idealiai tinka ma\u017eoms virtuv\u0117ms &#8211; optimizuoja erdv\u0119 po kriaukle<\/li>\n<li>Erdv\u0119 taupantis dizainas &#8211; 2 lygi\u0173 strukt\u016bra, u\u017etikrinanti papildom\u0105 talp\u0105<\/li>\n<li>Lengva sumontuoti &#8211; nereikia joki\u0173 \u012franki\u0173 ar gr\u0119\u017eimo<\/li>\n<li>Sklandus slydimas &#8211; i\u0161traukiami stal\u010diai greitam pri\u0117jimui<\/li>\n<li>Tvirtas ir ilgaam\u017eis &#8211; auk\u0161tos kokyb\u0117s med\u017eiagos<\/li>\n<li>Modernus stilius &#8211; tinka bet kurioje virtuv\u0117je<\/li>\n<li>Lengva valyti &#8211; d\u0117m\u0117ms ir dr\u0117gmei atspar\u016bs pavir\u0161iai<\/li>\n<\/ul><\/div>\n","protected":false},"excerpt":{"rendered":"<p>Tvirta ir ilgaam\u017e\u0117 konstrukcija|Auk\u0161tos kokyb\u0117s med\u017eiagos|Tinka bet kuriai virtuvei|Skland\u017eiai stumdomi stal\u010diai|Ma\u017eas plotas, did\u017eiausia talpa|Spalva: juoda arba balta|Med\u017eiaga: Sud\u0117tis: plastikas ir patvarus metalas|Matmenys: Reguliuojamas nuo 41 iki 48,5 cm x 26,5 cm x 38 cm<\/p>\n","protected":false},"featured_media":33423,"template":"","meta":[],"product_cat":[1602],"product_tag":[1605],"acf":[],"_links":{"self":[{"href":"https:\/\/smania.store\/lt\/wp-json\/wp\/v2\/product\/33432"}],"collection":[{"href":"https:\/\/smania.store\/lt\/wp-json\/wp\/v2\/product"}],"about":[{"href":"https:\/\/smania.store\/lt\/wp-json\/wp\/v2\/types\/product"}],"wp:featuredmedia":[{"embeddable":true,"href":"https:\/\/smania.store\/lt\/wp-json\/wp\/v2\/media\/33423"}],"wp:attachment":[{"href":"https:\/\/smania.store\/lt\/wp-json\/wp\/v2\/media?parent=33432"}],"wp:term":[{"taxonomy":"product_cat","embeddable":true,"href":"https:\/\/smania.store\/lt\/wp-json\/wp\/v2\/product_cat?post=33432"},{"taxonomy":"product_tag","embeddable":true,"href":"https:\/\/smania.store\/lt\/wp-json\/wp\/v2\/product_tag?post=33432"}],"curies":[{"name":"wp","href":"https:\/\/api.w.org\/{rel}","templated":true}]}}