{"id":33406,"date":"2025-12-16T12:49:53","date_gmt":"2025-12-16T11:49:53","guid":{"rendered":"https:\/\/smania.store\/lt\/prekes\/skihip-daugiafunkcine-slidinejimo-treniruociu-lenta\/"},"modified":"2025-12-16T12:49:53","modified_gmt":"2025-12-16T11:49:53","slug":"skihip-daugiafunkcine-slidinejimo-treniruociu-lenta","status":"publish","type":"product","link":"https:\/\/smania.store\/lt\/prekes\/skihip-daugiafunkcine-slidinejimo-treniruociu-lenta\/","title":{"rendered":"SkiHip\u2122 daugiafunkcin\u0117 slidin\u0117jimo treniruo\u010di\u0173 lenta"},"content":{"rendered":"<div class=\"smania_landing_description_title\">NAUJA: Patirkite slidin\u0117jim\u0105 patalpose<\/div>\n<div class=\"smania_landing_description_txt\">Simuliuokite ir tobulinkite slidin\u0117jimo men\u0105 namuose!<\/div>\n<div class=\"smania_landing_description_subtitle\">Atne\u0161kite slidin\u0117jimo linksmybes ir fizin\u012f aktyvum\u0105 \u012f savo namus su SkiHip\u2122 daugiafunkciniu treniruokliu. Lengvas ir lengvai laikomas, \u0161is prietaisas yra j\u016bs\u0173 raktas \u012f jaudinant\u012f treniruot\u0119 ir stipresn\u012f k\u016bn\u0105.<\/div>\n<div class=\"smania_landing_description_list\">\n<ul>\n<li>Simuliuoja tikr\u0105 slidin\u0117jim\u0105, kad pagerint\u0173 \u0161irdies ir kraujagysli\u0173 sistem\u0105 <\/li>\n<li>Didina koj\u0173 ir klub\u0173 j\u0117g\u0105 <\/li>\n<li>Skatina po gimdymo atsigavim\u0105 <\/li>\n<li>Stiprina dubens dugno raumenis <\/li>\n<li>Neslystan\u010dios pedalai ir sklandus skyri\u0173 jud\u0117jimas <\/li>\n<li>Kompakti\u0161kas ir lengvai laikomas<\/li>\n<\/ul><\/div>\n","protected":false},"excerpt":{"rendered":"<p>Treniruokite bet kada, bet kur: lengvas paruo\u0161imas ir saugojimas |Saugus naudoti namuose ar bendrabutyje, tvirtai laikosi pavir\u0161iaus |Tyli naudojimo metu, kad netrukdyt\u0173 kitiems |Gerina pusiausvyr\u0105 ir koordinacij\u0105|I\u0161skleisti matmenys: 124 x 27 x 8 cm |Sulankstyti matmenys: 63 x 27 x 16 cm |Porankio auk\u0161tis: 61 cm |Maksimalus svoris: 150 kg<\/p>\n","protected":false},"featured_media":33382,"template":"","meta":[],"product_cat":[1594,1600],"product_tag":[1677],"acf":[],"_links":{"self":[{"href":"https:\/\/smania.store\/lt\/wp-json\/wp\/v2\/product\/33406"}],"collection":[{"href":"https:\/\/smania.store\/lt\/wp-json\/wp\/v2\/product"}],"about":[{"href":"https:\/\/smania.store\/lt\/wp-json\/wp\/v2\/types\/product"}],"wp:featuredmedia":[{"embeddable":true,"href":"https:\/\/smania.store\/lt\/wp-json\/wp\/v2\/media\/33382"}],"wp:attachment":[{"href":"https:\/\/smania.store\/lt\/wp-json\/wp\/v2\/media?parent=33406"}],"wp:term":[{"taxonomy":"product_cat","embeddable":true,"href":"https:\/\/smania.store\/lt\/wp-json\/wp\/v2\/product_cat?post=33406"},{"taxonomy":"product_tag","embeddable":true,"href":"https:\/\/smania.store\/lt\/wp-json\/wp\/v2\/product_tag?post=33406"}],"curies":[{"name":"wp","href":"https:\/\/api.w.org\/{rel}","templated":true}]}}