{"id":33381,"date":"2025-12-16T12:47:20","date_gmt":"2025-12-16T11:47:20","guid":{"rendered":"https:\/\/smania.store\/lt\/prekes\/starlume-led-juros-zvaigzdziu-projektorius-su-nuotolinio-valdymo-pultu\/"},"modified":"2025-12-16T12:47:20","modified_gmt":"2025-12-16T11:47:20","slug":"starlume-led-juros-zvaigzdziu-projektorius-su-nuotolinio-valdymo-pultu","status":"publish","type":"product","link":"https:\/\/smania.store\/lt\/prekes\/starlume-led-juros-zvaigzdziu-projektorius-su-nuotolinio-valdymo-pultu\/","title":{"rendered":"StarLume\u2122 LED j\u016bros \u017evaig\u017ed\u017ei\u0173 projektorius su nuotolinio valdymo pultu"},"content":{"rendered":"<div class=\"smania_landing_description_title\">NAUJA: Ap\u0161vieskite savo erdv\u0119<\/div>\n<div class=\"smania_landing_description_txt\">Paverskite bet kuri\u0105 patalp\u0105 \u012f svajing\u0105 po vandeniu esan\u010di\u0105 galaktik\u0105!<\/div>\n<div class=\"smania_landing_description_subtitle\">StarLume\u2122 LED j\u016bros \u017evaig\u017ed\u0117s projektorius su nuotolinio valdymo pultu sukuria magi\u0161k\u0105 auroros dang\u0173 su 7 ap\u0161vietimo re\u017eimais, kurie nuramina j\u016bs\u0173 poj\u016b\u010dius ir ap\u0161vie\u010dia j\u016bs\u0173 erdv\u0119. Puikiai tinka tiek vaikams, tiek suaugusiems, jis paver\u010dia bet kuri\u0105 patalp\u0105 ramia oaze miegui, poilsiui ar tiesiog vizualiniam malonumui.<\/div>\n<div class=\"smania_landing_description_list\">\n<ul>\n<li>Paver\u010dia bet kuri\u0105 patalp\u0105 raminan\u010dia \u017evaig\u017ed\u0117ta dangaus skliautu <\/li>\n<li>7 ap\u0161vietimo re\u017eimai su reguliuojamu ry\u0161kumu <\/li>\n<li>Ilgas baterijos veikimo laikas \u2013 iki 80 valand\u0173 \u017eemo re\u017eimo <\/li>\n<li>Greitas USB-C \u012fkrovimas <\/li>\n<li>Puiki dovana tiek vaikams, tiek suaugusiems<\/li>\n<\/ul><\/div>\n","protected":false},"excerpt":{"rendered":"<p>Momentinis atmosferos pagerinimas |Puikiai tinka vidaus ir lauko naudojimui |Reguliuojamas ry\u0161kumo lygis |Kompakti\u0161kas dydis patogiam saugojimui |7 spalv\u0173 keitimas|Baterija: integruota 1200mAh baterija |\u012ekrovimo laikas: apie 2,5 valandos |Auk\u0161to ry\u0161kumo veikimo laikas: 7\u20138 valandos |\u017demo ry\u0161kumo veikimo laikas: iki 80 valand\u0173 |\u012ekrovimas: USB Type-C (kabelis \u012ftrauktas)<\/p>\n","protected":false},"featured_media":33370,"template":"","meta":[],"product_cat":[1594],"product_tag":[1612,1973],"acf":[],"_links":{"self":[{"href":"https:\/\/smania.store\/lt\/wp-json\/wp\/v2\/product\/33381"}],"collection":[{"href":"https:\/\/smania.store\/lt\/wp-json\/wp\/v2\/product"}],"about":[{"href":"https:\/\/smania.store\/lt\/wp-json\/wp\/v2\/types\/product"}],"wp:featuredmedia":[{"embeddable":true,"href":"https:\/\/smania.store\/lt\/wp-json\/wp\/v2\/media\/33370"}],"wp:attachment":[{"href":"https:\/\/smania.store\/lt\/wp-json\/wp\/v2\/media?parent=33381"}],"wp:term":[{"taxonomy":"product_cat","embeddable":true,"href":"https:\/\/smania.store\/lt\/wp-json\/wp\/v2\/product_cat?post=33381"},{"taxonomy":"product_tag","embeddable":true,"href":"https:\/\/smania.store\/lt\/wp-json\/wp\/v2\/product_tag?post=33381"}],"curies":[{"name":"wp","href":"https:\/\/api.w.org\/{rel}","templated":true}]}}