{"id":33369,"date":"2025-12-16T12:45:15","date_gmt":"2025-12-16T11:45:15","guid":{"rendered":"https:\/\/smania.store\/lt\/prekes\/torsomax-ranku-ir-krutines-jegos-sukimo-prietaisas\/"},"modified":"2026-03-23T13:50:30","modified_gmt":"2026-03-23T12:50:30","slug":"torsomax-ranku-ir-krutines-jegos-sukimo-prietaisas","status":"publish","type":"product","link":"https:\/\/smania.store\/lt\/prekes\/torsomax-ranku-ir-krutines-jegos-sukimo-prietaisas\/","title":{"rendered":"TorsoMax\u2122 rank\u0173 ir kr\u016btin\u0117s j\u0117gos sukimo prietaisas"},"content":{"rendered":"<div class=\"smania_landing_description_title\">NAUJA: Greitai Transformuokite Savo K\u016bn\u0105<\/div>\n<div class=\"smania_landing_description_txt\">Kr\u016btin\u0117s, Nugaros ir Koj\u0173 Treniruoklis Visada Po Rank\u0105<\/div>\n<div class=\"smania_landing_description_subtitle\"> Patobulinkite savo treniruot\u0119 su TorsoMax\u2122 j\u0117gos sukimo \u012frenginiu! \u0160is kompakti\u0161kas ir ne\u0161iojamas prietaisas si\u016blo reguliuojam\u0105 pasiprie\u0161inim\u0105 nuo 27 iki 45 kg, tod\u0117l galite i\u0161bandyti savo rank\u0173, kr\u016btin\u0117s ir koj\u0173 raumenis bet kur ir bet kada. Gaukite galing\u0105 treniruot\u0119, kuri atitinka j\u016bs\u0173 gyvenimo b\u016bd\u0105 ir fizin\u012f pasirengim\u0105.<\/div>\n<div class=\"smania_landing_description_list\">\n<ul>\n<li>Reguliuojamas pasiprie\u0161inimas nuo 27 iki 45 kg <\/li>\n<li>Saugus, neslystantis ergonomi\u0161kas rankenos dizainas maksimaliai komfortui <\/li>\n<li>Tinka kelioms raumen\u0173 grup\u0117ms ir si\u016blo \u012fvairius pratimus <\/li>\n<li>Kompakti\u0161kas, 3,5 kg svoris, 25 cm dydis (sulankstytas) <\/li>\n<li>Greitas, 30 sekund\u017ei\u0173 paruo\u0161imas <\/li>\n<li>I\u0161bandyti i\u0161tverm\u0117s, auk\u0161tos anglies plieno spyruokl\u0117s<\/li>\n<\/ul><\/div>\n","protected":false},"excerpt":{"rendered":"<p>Idealiai tinka visiems fizinio pasirengimo lygiams: si\u016blo reguliuojam\u0105 intensyvum\u0105 |Kokybi\u0161kas dizainas su lengvais, skland\u017eiais pavasario judesiais |Sporto sal\u0117s lygio treniruot\u0117s bet kur: susilanksto lengvam saugojimui |Puikiai tinka namuose, lauke ir kelion\u0117se|Produkto matmenys: 67 cm x 17 cm (surenktas) |Med\u017eiaga: Lydinio plienas |Auk\u0161tos kokyb\u0117s plienas ir stabilizuojantys spyruokl\u0117s |I\u0161traukiamas, kad b\u016bt\u0173 lengviau laikyti<\/p>\n","protected":false},"featured_media":33356,"template":"","meta":[],"product_cat":[1594,1600],"product_tag":[1677],"acf":[],"_links":{"self":[{"href":"https:\/\/smania.store\/lt\/wp-json\/wp\/v2\/product\/33369"}],"collection":[{"href":"https:\/\/smania.store\/lt\/wp-json\/wp\/v2\/product"}],"about":[{"href":"https:\/\/smania.store\/lt\/wp-json\/wp\/v2\/types\/product"}],"wp:featuredmedia":[{"embeddable":true,"href":"https:\/\/smania.store\/lt\/wp-json\/wp\/v2\/media\/33356"}],"wp:attachment":[{"href":"https:\/\/smania.store\/lt\/wp-json\/wp\/v2\/media?parent=33369"}],"wp:term":[{"taxonomy":"product_cat","embeddable":true,"href":"https:\/\/smania.store\/lt\/wp-json\/wp\/v2\/product_cat?post=33369"},{"taxonomy":"product_tag","embeddable":true,"href":"https:\/\/smania.store\/lt\/wp-json\/wp\/v2\/product_tag?post=33369"}],"curies":[{"name":"wp","href":"https:\/\/api.w.org\/{rel}","templated":true}]}}