{"id":33306,"date":"2025-12-10T07:21:20","date_gmt":"2025-12-10T06:21:20","guid":{"rendered":"https:\/\/smania.store\/lt\/prekes\/floravine-geliu-vynmedzio-sieniniai-sviestuvai-144-led\/"},"modified":"2025-12-10T07:21:20","modified_gmt":"2025-12-10T06:21:20","slug":"floravine-geliu-vynmedzio-sieniniai-sviestuvai-144-led","status":"publish","type":"product","link":"https:\/\/smania.store\/lt\/prekes\/floravine-geliu-vynmedzio-sieniniai-sviestuvai-144-led\/","title":{"rendered":"FloraVine\u2122 g\u0117li\u0173 vynmed\u017eio sieniniai \u0161viestuvai &#8211; 144 LED"},"content":{"rendered":"<div class=\"smania_landing_description_title\">NAUJA, Sukurkite \u017eaving\u0105 sienin\u0119 ap\u0161vietim\u0105<\/div>\n<div class=\"smania_landing_description_txt\">Puo\u0161kite savo erdv\u0119 magi\u0161ka \u0161viesa!<\/div>\n<div class=\"smania_landing_description_subtitle\"> Atne\u0161kite magij\u0105 \u012f bet kuri\u0105 patalp\u0105 su FloraVine\u2122 g\u0117li\u0173 vynmed\u017eio \u0161viesomis. 144 LED vy\u0161ni\u0173 \u017eied\u0173 \u012fkv\u0117ptos \u0161viesos sukuria jauki\u0105, \u0161ventin\u0119 atmosfer\u0105. Lankstus dizainas ir 8 ap\u0161vietimo re\u017eimai leid\u017eia jums formuoti ir pritaikyti tobul\u0105 nuotaik\u0105 \u2013 puikiai tinka \u0161vent\u0117ms, vakar\u0117liams ar kasdieniam \u017eavesiui.<\/div>\n<div class=\"smania_landing_description_list\">\n<ul>\n<li>144 LED \u0161viesos diod\u0173, suteikian\u010di\u0173 \u0161velni\u0105, \u0161ilt\u0105 \u0161vies\u0105 <\/li>\n<li>8 dinami\u0161ki ap\u0161vietimo re\u017eimai + reguliuojamas ry\u0161kumas <\/li>\n<li>Nuotolinio valdymo pultas patogiam pritaikymui <\/li>\n<li>Lankst\u016bs \u0161akos k\u016brybi\u0161kiems DIY formoms <\/li>\n<li>Puikiai tinka Kal\u0117doms, vakar\u0117liams, vestuv\u0117ms ar kasdieniam dekorui<\/li>\n<\/ul><\/div>\n","protected":false},"excerpt":{"rendered":"<p>Jauki \u0161ilta ap\u0161vietimas |Lengva formuoti ir kabinti |Nuotolinio valdymo patogumas |Idealu \u0161vent\u0117ms ir kasdieniam naudojimui|Ilgis: 230 cm |LED skai\u010dius: 144 |Med\u017eiaga: Lankstus laidas + plastikiniai \u017eiedai |Galia: USB<\/p>\n","protected":false},"featured_media":33295,"template":"","meta":[],"product_cat":[1594],"product_tag":[1612,1688],"acf":[],"_links":{"self":[{"href":"https:\/\/smania.store\/lt\/wp-json\/wp\/v2\/product\/33306"}],"collection":[{"href":"https:\/\/smania.store\/lt\/wp-json\/wp\/v2\/product"}],"about":[{"href":"https:\/\/smania.store\/lt\/wp-json\/wp\/v2\/types\/product"}],"wp:featuredmedia":[{"embeddable":true,"href":"https:\/\/smania.store\/lt\/wp-json\/wp\/v2\/media\/33295"}],"wp:attachment":[{"href":"https:\/\/smania.store\/lt\/wp-json\/wp\/v2\/media?parent=33306"}],"wp:term":[{"taxonomy":"product_cat","embeddable":true,"href":"https:\/\/smania.store\/lt\/wp-json\/wp\/v2\/product_cat?post=33306"},{"taxonomy":"product_tag","embeddable":true,"href":"https:\/\/smania.store\/lt\/wp-json\/wp\/v2\/product_tag?post=33306"}],"curies":[{"name":"wp","href":"https:\/\/api.w.org\/{rel}","templated":true}]}}