{"id":33277,"date":"2025-12-09T07:47:19","date_gmt":"2025-12-09T06:47:19","guid":{"rendered":"https:\/\/smania.store\/lt\/prekes\/littlefarmer-vaiku-montessori-ukio-knyga\/"},"modified":"2025-12-09T07:47:19","modified_gmt":"2025-12-09T06:47:19","slug":"littlefarmer-vaiku-montessori-ukio-knyga","status":"publish","type":"product","link":"https:\/\/smania.store\/lt\/prekes\/littlefarmer-vaiku-montessori-ukio-knyga\/","title":{"rendered":"LittleFarmer\u2122 vaik\u0173 montessori \u016bkio knyga"},"content":{"rendered":"<div class=\"smania_landing_description_title\">NAUJA: \u012e\u017eiebkite vaizduot\u0119 ir k\u016brybi\u0161kum\u0105<\/div>\n<div class=\"smania_landing_description_txt\">Mokymasis, pramogos ir nuotykiai kiekviename puslapyje!<\/div>\n<div class=\"smania_landing_description_subtitle\"> Atraskite \u016bkininkavimo magij\u0105 su LittleFarmer\u2122 vaik\u0173 montessori \u016bkio knyga. Su 20 \u012ftraukian\u010di\u0173 veikl\u0173, \u0161is Montessori \u012fkv\u0117ptas \u017eaislas skatina k\u016brybi\u0161kum\u0105, motorinius \u012fg\u016bd\u017eius ir mokym\u0105si per interaktyvias \u016bkio tematikos scenas. Puikiai tinka vaikams nuo 1 met\u0173, tai linksmas b\u016bdas ugdyti svarbius ankstyvojo mokymosi \u012fg\u016bd\u017eius!<\/div>\n<div class=\"smania_landing_description_list\">\n<ul>\n<li>Interaktyvus smagumas: 20 \u016bkininkavimo tematikos veikl\u0173 k\u016brybiniam mokymuisi <\/li>\n<li>Montessori \u012fkv\u0117ptas: Gerina motorinius \u012fg\u016bd\u017eius ir koordinacij\u0105 <\/li>\n<li>Ne\u0161iojamas: Kompakti\u0161kas ir puikus kelion\u0117ms <\/li>\n<li>Saugus ir patvarus: Ne toksinis audinys su dviguba si\u016ble <\/li>\n<li>\u012etraukiantis: Laiko vaikus u\u017eimtus valand\u0173 valandas su praktiniu \u017eaidimu<\/li>\n<\/ul><\/div>\n","protected":false},"excerpt":{"rendered":"<p>Dvigubai siuvama, kad b\u016bt\u0173 u\u017etikrintas didesnis patvarumas |Netoksi\u0161ki, bekvapiai med\u017eiagos |Skatina vaizduot\u0119 ir smalsum\u0105 |U\u017eima vaikus valand\u0173 valandas|Am\u017eius: Vaikams nuo 1 iki 3 met\u0173 |Knygoje yra: 10 puslapi\u0173, 20 veikl\u0173 |Dydis: 23,5 cm x 18,5 cm |Med\u017eiaga: Netoksi\u0161ka med\u017eiaga, dvigubai siuvin\u0117ta<\/p>\n","protected":false},"featured_media":33265,"template":"","meta":[],"product_cat":[1595],"product_tag":[1636,1621],"acf":[],"_links":{"self":[{"href":"https:\/\/smania.store\/lt\/wp-json\/wp\/v2\/product\/33277"}],"collection":[{"href":"https:\/\/smania.store\/lt\/wp-json\/wp\/v2\/product"}],"about":[{"href":"https:\/\/smania.store\/lt\/wp-json\/wp\/v2\/types\/product"}],"wp:featuredmedia":[{"embeddable":true,"href":"https:\/\/smania.store\/lt\/wp-json\/wp\/v2\/media\/33265"}],"wp:attachment":[{"href":"https:\/\/smania.store\/lt\/wp-json\/wp\/v2\/media?parent=33277"}],"wp:term":[{"taxonomy":"product_cat","embeddable":true,"href":"https:\/\/smania.store\/lt\/wp-json\/wp\/v2\/product_cat?post=33277"},{"taxonomy":"product_tag","embeddable":true,"href":"https:\/\/smania.store\/lt\/wp-json\/wp\/v2\/product_tag?post=33277"}],"curies":[{"name":"wp","href":"https:\/\/api.w.org\/{rel}","templated":true}]}}