{"id":33264,"date":"2025-12-08T09:29:10","date_gmt":"2025-12-08T08:29:10","guid":{"rendered":"https:\/\/smania.store\/lt\/prekes\/clipmunch-klijuojama-kudikiu-valgymo-kedute-su-padeklu\/"},"modified":"2025-12-08T09:29:10","modified_gmt":"2025-12-08T08:29:10","slug":"clipmunch-klijuojama-kudikiu-valgymo-kedute-su-padeklu","status":"publish","type":"product","link":"https:\/\/smania.store\/lt\/prekes\/clipmunch-klijuojama-kudikiu-valgymo-kedute-su-padeklu\/","title":{"rendered":"ClipMunch\u2122 klijuojama k\u016bdiki\u0173 valgymo k\u0117dut\u0117 su pad\u0117klu"},"content":{"rendered":"<div class=\"smania_landing_description_title\">NAUJA: Dine Ease ma\u017eyliams<\/div>\n<div class=\"smania_landing_description_txt\">Valgio laikai tapo lengvi, kur beb\u016btum!<\/div>\n<div class=\"smania_landing_description_subtitle\"> ClipMunch\u2122 prisukamas k\u016bdiki\u0173 valgymo k\u0117dut\u0117 yra puiki pasirinkimas maitinimui namuose ar kelion\u0117je. Ji tvirtai prisitvirtina prie stal\u0173, turi saugos dir\u017e\u0105 ir yra komplektuojama su ne\u0161imo krep\u0161iu patogiam saugojimui. Neslystan\u010dios rankenos apsaugo stalus, o ekologi\u0161ka med\u017eiaga, i\u0161 kurios pagaminta s\u0117dyn\u0117, lengvai valoma. <\/div>\n<div class=\"smania_landing_description_list\">\n<ul>\n<li>Be vargo sumontuojama per 20 sekund\u017ei\u0173 <\/li>\n<li>Tvirtas 3 ta\u0161k\u0173 saugos dir\u017eas \u012ftrauktas <\/li>\n<li>Tinka stalams, kuri\u0173 storis 20\u201380 mm <\/li>\n<li>Lengvas ne\u0161iojimas patogiam naudojimui kelyje <\/li>\n<li>Nuimamas u\u017evalkalas lengvai valomas <\/li>\n<li>Kompakti\u0161kai sulankstomas ir lengvai saugomas<\/li>\n<\/ul><\/div>\n","protected":false},"excerpt":{"rendered":"<p>Puikiai tinka 6-36 m\u0117nesi\u0173 k\u016bdikiams |Neslystan\u010dios rankenos apsaugo pavir\u0161ius |Patogumui pridedama transportavimo mai\u0161elis |Auk\u0161tos kokyb\u0117s poliesteris ilgaam\u017ei\u0161kumui|Pad\u0117klo dydis: 25,5 x 37 cm |Tinka stalams: 20 mm iki 80 mm storio |Maksimali apkrova: 20 kg |Med\u017eiaga: Ekologi\u0161ka 600D med\u017eiaga, lengva valyti<\/p>\n","protected":false},"featured_media":33252,"template":"","meta":[],"product_cat":[1595],"product_tag":[1632,1621],"acf":[],"_links":{"self":[{"href":"https:\/\/smania.store\/lt\/wp-json\/wp\/v2\/product\/33264"}],"collection":[{"href":"https:\/\/smania.store\/lt\/wp-json\/wp\/v2\/product"}],"about":[{"href":"https:\/\/smania.store\/lt\/wp-json\/wp\/v2\/types\/product"}],"wp:featuredmedia":[{"embeddable":true,"href":"https:\/\/smania.store\/lt\/wp-json\/wp\/v2\/media\/33252"}],"wp:attachment":[{"href":"https:\/\/smania.store\/lt\/wp-json\/wp\/v2\/media?parent=33264"}],"wp:term":[{"taxonomy":"product_cat","embeddable":true,"href":"https:\/\/smania.store\/lt\/wp-json\/wp\/v2\/product_cat?post=33264"},{"taxonomy":"product_tag","embeddable":true,"href":"https:\/\/smania.store\/lt\/wp-json\/wp\/v2\/product_tag?post=33264"}],"curies":[{"name":"wp","href":"https:\/\/api.w.org\/{rel}","templated":true}]}}