{"id":33217,"date":"2025-12-03T12:41:14","date_gmt":"2025-12-03T11:41:14","guid":{"rendered":"https:\/\/smania.store\/lt\/prekes\/spintower-daugiaaukste-medine-sukamoji-lentyna\/"},"modified":"2026-04-01T14:04:52","modified_gmt":"2026-04-01T12:04:52","slug":"spintower-daugiaaukste-medine-sukamoji-lentyna","status":"publish","type":"product","link":"https:\/\/smania.store\/lt\/prekes\/spintower-daugiaaukste-medine-sukamoji-lentyna\/","title":{"rendered":"SpinTower\u2122 daugiaauk\u0161t\u0117 medin\u0117 sukamoji lentyna"},"content":{"rendered":"<div class=\"smania_landing_description_title\">NAUJA: I\u0161laisvinkite daugiau saugojimo galios<\/div>\n<div class=\"smania_landing_description_txt\">Pakeiskite savo erdv\u0119 per kelias minutes!<\/div>\n<div class=\"smania_landing_description_subtitle\">Pavargote nuo netvarkos, u\u017eiman\u010dios j\u016bs\u0173 erdv\u0119? Susipa\u017einkite su SpinTower\u2122\u2014j\u016bs\u0173 patikimu sprendimu, leid\u017eian\u010diu stilingai maksimaliai i\u0161naudoti saugojimo galimybes! \u0160is universalus stebuklas lengvai prisitaiko prie j\u016bs\u0173 poreiki\u0173, si\u016blydamas erdv\u0173 5-auk\u0161t\u012f dizain\u0105, kuris ple\u010dia j\u016bs\u0173 erdv\u0119 be jokio vargo. Investuokite \u012f tvarking\u0105 gyvenimo b\u016bd\u0105 jau \u0161iandien!<\/div>\n<div class=\"smania_landing_description_list\">\n<ul>\n<li>Be pastang\u0173 organizuokite be chaoti\u0161ko netvarkos <\/li>\n<li>Momentinis surinkimas be \u012franki\u0173 <\/li>\n<li>Pritaikomi, sudedami lentynos <\/li>\n<li>Viet\u0105 taupantis dizainas maksimaliai i\u0161naudoja j\u016bs\u0173 erdv\u0119 <\/li>\n<li>Tvirtas ir eleganti\u0161kas, tinka bet kokiam interjerui <\/li>\n<li>Didel\u0117 talpa: 46 x 160 cm<\/li>\n<\/ul><\/div>\n","protected":false},"excerpt":{"rendered":"<p>Be vargo nustatymas: nereikia joki\u0173 \u012franki\u0173 |Puikiai tinka ma\u017eiems butams |Puikus bet kuriai patalpai ar biurui |Greitai prid\u0117kite arba pa\u0161alinkite sluoksnius |Tvirtas, patikimas ir ilgaam\u017eis|Lentyn\u0173 skai\u010dius: 5 |Lentynos auk\u0161tis: 30 cm |Lentynos storis: 1,2 cm |I\u0161matavimai: 160 x 46 cm |Med\u017eiaga: Kietas medis<\/p>\n","protected":false},"featured_media":33205,"template":"","meta":[],"product_cat":[1594],"product_tag":[1612],"acf":[],"_links":{"self":[{"href":"https:\/\/smania.store\/lt\/wp-json\/wp\/v2\/product\/33217"}],"collection":[{"href":"https:\/\/smania.store\/lt\/wp-json\/wp\/v2\/product"}],"about":[{"href":"https:\/\/smania.store\/lt\/wp-json\/wp\/v2\/types\/product"}],"wp:featuredmedia":[{"embeddable":true,"href":"https:\/\/smania.store\/lt\/wp-json\/wp\/v2\/media\/33205"}],"wp:attachment":[{"href":"https:\/\/smania.store\/lt\/wp-json\/wp\/v2\/media?parent=33217"}],"wp:term":[{"taxonomy":"product_cat","embeddable":true,"href":"https:\/\/smania.store\/lt\/wp-json\/wp\/v2\/product_cat?post=33217"},{"taxonomy":"product_tag","embeddable":true,"href":"https:\/\/smania.store\/lt\/wp-json\/wp\/v2\/product_tag?post=33217"}],"curies":[{"name":"wp","href":"https:\/\/api.w.org\/{rel}","templated":true}]}}