{"id":33149,"date":"2025-11-21T10:14:31","date_gmt":"2025-11-21T09:14:31","guid":{"rendered":"https:\/\/smania.store\/lt\/prekes\/mistscape-led-drekintuvas-ir-difuzorius-su-mini-krastovaizdziu\/"},"modified":"2025-11-21T10:14:31","modified_gmt":"2025-11-21T09:14:31","slug":"mistscape-led-drekintuvas-ir-difuzorius-su-mini-krastovaizdziu","status":"publish","type":"product","link":"https:\/\/smania.store\/lt\/prekes\/mistscape-led-drekintuvas-ir-difuzorius-su-mini-krastovaizdziu\/","title":{"rendered":"MistScape\u2122 LED dr\u0117kintuvas ir difuzorius su mini kra\u0161tovaizd\u017eiu"},"content":{"rendered":"<div class=\"smania_landing_description_title\">NAUJIENA: pakelkite nuotaik\u0105 su \u0161velniu lietumi<\/div>\n<div class=\"smania_landing_description_txt\">Miniati\u016brin\u0117 oaz\u0117, didelis poilsis<\/div>\n<div class=\"smania_landing_description_subtitle\"> Su &#8222;MistScape\u2122&#8221; \u012fne\u0161kite ramyb\u0119 ir gamt\u0105 \u012f patalpas. \u0160velnus r\u016bkas ir \u0161velnus LED \u0161vyt\u0117jimas sukuria raminan\u010di\u0105 atmosfer\u0105, puikiai tinkan\u010di\u0105 miegamiesiems, biurams ar meditacijos kampeliams. Prid\u0117kite eterini\u0173 aliej\u0173 aromaterapijai ir m\u0117gaukit\u0117s ramia, gaivia erdve. <\/div>\n<div class=\"smania_landing_description_list\">\n<ul>\n<li>Sukuria raminan\u010di\u0105 atmosfer\u0105 su \u0161velniomis LED \u0161viesomis<\/li>\n<li>Sausam orui suteikia dr\u0117gm\u0117s, kad aplinka b\u016bt\u0173 sveikesn\u0117<\/li>\n<li>Galima naudoti su eteriniais aliejais atpalaiduojan\u010diai aromaterapijai<\/li>\n<li>Kompakti\u0161kas dizainas tinka ant bet kokio stalo, naktinio staliuko ar lentynos<\/li>\n<li>\u0160nab\u017edesys ir tylus veikimas idealiai tinka miegui ar darbui<\/li>\n<\/ul><\/div>\n","protected":false},"excerpt":{"rendered":"<p>Imituoja krintan\u010di\u0173 lietaus la\u0161\u0173 gars\u0105|\u0160velnus aplinkos ap\u0161vietimas|Automatinis i\u0161sijungimas d\u0117l saugumo|Puikiai tinka namams ar biurui|Lengva pripildyti ir i\u0161valyti|Matmenys: 21 \u00d7 16 \u00d7 12 cm|Med\u017eiaga: Akrilas|Vandens rezervuaro talpa: 250 ml|\u012e komplekt\u0105 \u012feina LED aplinkos ap\u0161vietimas|Pridedamas maitinimo kabelis<\/p>\n","protected":false},"featured_media":33145,"template":"","meta":[],"product_cat":[1594],"product_tag":[1973],"acf":[],"_links":{"self":[{"href":"https:\/\/smania.store\/lt\/wp-json\/wp\/v2\/product\/33149"}],"collection":[{"href":"https:\/\/smania.store\/lt\/wp-json\/wp\/v2\/product"}],"about":[{"href":"https:\/\/smania.store\/lt\/wp-json\/wp\/v2\/types\/product"}],"wp:featuredmedia":[{"embeddable":true,"href":"https:\/\/smania.store\/lt\/wp-json\/wp\/v2\/media\/33145"}],"wp:attachment":[{"href":"https:\/\/smania.store\/lt\/wp-json\/wp\/v2\/media?parent=33149"}],"wp:term":[{"taxonomy":"product_cat","embeddable":true,"href":"https:\/\/smania.store\/lt\/wp-json\/wp\/v2\/product_cat?post=33149"},{"taxonomy":"product_tag","embeddable":true,"href":"https:\/\/smania.store\/lt\/wp-json\/wp\/v2\/product_tag?post=33149"}],"curies":[{"name":"wp","href":"https:\/\/api.w.org\/{rel}","templated":true}]}}