{"id":33135,"date":"2025-11-21T10:02:09","date_gmt":"2025-11-21T09:02:09","guid":{"rendered":"https:\/\/smania.store\/lt\/prekes\/driftracer-mini-nuotolinio-valdymo-drift-automobilis-zaislas\/"},"modified":"2025-12-16T07:55:38","modified_gmt":"2025-12-16T06:55:38","slug":"driftracer-mini-nuotolinio-valdymo-drift-automobilis-zaislas","status":"publish","type":"product","link":"https:\/\/smania.store\/lt\/prekes\/driftracer-mini-nuotolinio-valdymo-drift-automobilis-zaislas\/","title":{"rendered":"DriftRacer\u2122 mini nuotolinio valdymo drift automobilis \u017eaislas"},"content":{"rendered":"<div class=\"smania_landing_description_title\">NAUJA: Su\u017eav\u0117kite miniati\u016brine greitaveika<\/div>\n<div class=\"smania_landing_description_txt\">I\u0161laisvinkite savo vidin\u012f grei\u010dio demon\u0105 i\u0161 karto<\/div>\n<div class=\"smania_landing_description_subtitle\">Susipa\u017einkite su DriftRacer\u2122, j\u016bs\u0173 ki\u0161eniniu galingu automobiliu, sukurtu grynam adrenalino jausmui! Su eleganti\u0161ku korpusu ir novatori\u0161komis driftavimo galimyb\u0117mis, \u0161is mini monstras puikiai tinka tiek lenktyniaujant ant j\u016bs\u0173 stalo, tiek lauke. Veikite dabar, kad tur\u0117tum\u0117te galutin\u0119 lenktyni\u0173 patirt\u012f, kuri telpa j\u016bs\u0173 delne!<\/div>\n<div class=\"smania_landing_description_list\">\n<ul>\n<li>Mikro Dydis, Makro Jaudulys: Tik 7.8cm!<\/li>\n<li>\u017daibi\u0161kai Greitas: Greitis iki 15km\/h<\/li>\n<li>Magnetinis Variklis: Sklandus Pagreitis<\/li>\n<li>Belaid\u0117 Kontrol\u0117: 2.4GHz Kontrol\u0117s Diapazonas<\/li>\n<li>Greitas \u012ekrovimas: 20 Minu\u010di\u0173 \u017daidimo Laikas<\/li>\n<li>Pilnas Rinkinys: \u012etraukti Visi Priedai<\/li>\n<\/ul><\/div>\n","protected":false},"excerpt":{"rendered":"<p>Kompakti\u0161kas, bet galingas dizainas|I\u0161skirtinis driftavimo na\u0161umas|Dinami\u0161ki LED ap\u0161vietimo efektai|Paprastas USB greitas \u012fkrovimas|Du pasirinkimai: M\u0117lyna arba balta|Nuotolinio valdymo atstumas: 20-30 metr\u0173|Veikimo trukm\u0117: apie 25 minutes|Automobilio matmenys: 3.5 x 7.8 x 2.5 cm|\u012ekrovimo metodas: Type-C \u012fkrovimo prievadas|Pakuot\u0117je yra: 1x automobilis, 1x 2.4G nuotolinio valdymo pultas, 1x \u012fkrovimo laidas, 4x kli\u016btys, 1x atsuktuvas<\/p>\n","protected":false},"featured_media":33124,"template":"","meta":[],"product_cat":[1595],"product_tag":[1621,1613],"acf":[],"_links":{"self":[{"href":"https:\/\/smania.store\/lt\/wp-json\/wp\/v2\/product\/33135"}],"collection":[{"href":"https:\/\/smania.store\/lt\/wp-json\/wp\/v2\/product"}],"about":[{"href":"https:\/\/smania.store\/lt\/wp-json\/wp\/v2\/types\/product"}],"wp:featuredmedia":[{"embeddable":true,"href":"https:\/\/smania.store\/lt\/wp-json\/wp\/v2\/media\/33124"}],"wp:attachment":[{"href":"https:\/\/smania.store\/lt\/wp-json\/wp\/v2\/media?parent=33135"}],"wp:term":[{"taxonomy":"product_cat","embeddable":true,"href":"https:\/\/smania.store\/lt\/wp-json\/wp\/v2\/product_cat?post=33135"},{"taxonomy":"product_tag","embeddable":true,"href":"https:\/\/smania.store\/lt\/wp-json\/wp\/v2\/product_tag?post=33135"}],"curies":[{"name":"wp","href":"https:\/\/api.w.org\/{rel}","templated":true}]}}