{"id":33106,"date":"2025-11-17T07:55:27","date_gmt":"2025-11-17T06:55:27","guid":{"rendered":"https:\/\/smania.store\/lt\/prekes\/merryrail-kaledinis-deliones-begis-su-elektriniu-traukiniu-25-vnt\/"},"modified":"2025-11-17T07:55:27","modified_gmt":"2025-11-17T06:55:27","slug":"merryrail-kaledinis-deliones-begis-su-elektriniu-traukiniu-25-vnt","status":"publish","type":"product","link":"https:\/\/smania.store\/lt\/prekes\/merryrail-kaledinis-deliones-begis-su-elektriniu-traukiniu-25-vnt\/","title":{"rendered":"MerryRail\u2122 kal\u0117dinis d\u0117lion\u0117s b\u0117gis su elektriniu traukiniu \u2013 25 vnt"},"content":{"rendered":"<div class=\"smania_landing_description_title\"> NAUJIENA: i\u0161laisvinkite k\u016brybi\u0161kum\u0105 \u017eaisdami! <\/div>\n<div class=\"smania_landing_description_txt\"> I\u0161laisvinkite \u0161ventin\u012f k\u016brybi\u0161kum\u0105, pritaikyt\u0105 sezonui! <\/div>\n<div class=\"smania_landing_description_subtitle\"> Pasiruo\u0161kite \u0161ventin\u0117ms linksmyb\u0117ms su MerryRail\u2122 25 dali\u0173 Kal\u0117d\u0173 traukinio rinkiniu! \u0160is interaktyvus \u017eaislas leid\u017eia vaikams patiems susikurti \u0161ventinio elektrinio traukinio b\u0117gius. Tai puikus b\u016bdas ma\u017eiesiems in\u017einieriams lavinti savo k\u016brybi\u0161kum\u0105 ir loginius \u012fg\u016bd\u017eius, o kartu m\u0117gautis nesibaigian\u010diais \u017eaidimais. <\/div>\n<div class=\"smania_landing_description_list\">\n<ul>\n<li>Su kiekvienu surinkimu surinkite skirtingus traukini\u0173 b\u0117gius<\/li>\n<li>Elektrinio traukinio \u017eaislas, kuris va\u017eiuoja pats<\/li>\n<li>Skatina k\u016brybi\u0161kum\u0105 ir vaizduot\u0119<\/li>\n<li>Lavina loginio m\u0105stymo \u012fg\u016bd\u017eius ir skatina motorikos vystym\u0105si<\/li>\n<li>Puikus \u0161ventinis dizainas<\/li>\n<li>Kompakti\u0161kas ir lengvai laikomas<\/li>\n<\/ul><\/div>\n","protected":false},"excerpt":{"rendered":"<p>Pramogos 3 met\u0173 ir vyresniems vaikams|Vienu metu \u012ftraukia kelis vaikus ir suteikia galimyb\u0119 suart\u0117ti su \u0161eima|Lengvai surenkamos d\u0117lion\u0117s dalys|Tikrovi\u0161kos transporto priemoni\u0173 formos|\u012eeina 1\u00d7 elektrinis traukinukas su AAA baterija (baterija nepridedama)|Sud\u0117tyje yra 25 detal\u0117s (12 b\u0117gi\u0173 dali\u0173 + 12 kelio \u017eenkl\u0173 + \u017eaislinis traukinys)|Produkto matmenys: 49,6 \u00d7 37,7 cm|B\u0117gi\u0173 dalis galima surinkti \u012fvairiais b\u016bdais<\/p>\n","protected":false},"featured_media":33094,"template":"","meta":[],"product_cat":[1595],"product_tag":[1636,1613],"acf":[],"_links":{"self":[{"href":"https:\/\/smania.store\/lt\/wp-json\/wp\/v2\/product\/33106"}],"collection":[{"href":"https:\/\/smania.store\/lt\/wp-json\/wp\/v2\/product"}],"about":[{"href":"https:\/\/smania.store\/lt\/wp-json\/wp\/v2\/types\/product"}],"wp:featuredmedia":[{"embeddable":true,"href":"https:\/\/smania.store\/lt\/wp-json\/wp\/v2\/media\/33094"}],"wp:attachment":[{"href":"https:\/\/smania.store\/lt\/wp-json\/wp\/v2\/media?parent=33106"}],"wp:term":[{"taxonomy":"product_cat","embeddable":true,"href":"https:\/\/smania.store\/lt\/wp-json\/wp\/v2\/product_cat?post=33106"},{"taxonomy":"product_tag","embeddable":true,"href":"https:\/\/smania.store\/lt\/wp-json\/wp\/v2\/product_tag?post=33106"}],"curies":[{"name":"wp","href":"https:\/\/api.w.org\/{rel}","templated":true}]}}