{"id":33087,"date":"2025-11-17T07:33:32","date_gmt":"2025-11-17T06:33:32","guid":{"rendered":"https:\/\/smania.store\/lt\/prekes\/powercrew-elektrine-nuotoliniu-budu-valdoma-statybos-masina\/"},"modified":"2026-04-25T12:38:37","modified_gmt":"2026-04-25T10:38:37","slug":"powercrew-elektrine-nuotoliniu-budu-valdoma-statybos-masina","status":"publish","type":"product","link":"https:\/\/smania.store\/lt\/prekes\/powercrew-elektrine-nuotoliniu-budu-valdoma-statybos-masina\/","title":{"rendered":"PowerCrew\u2122 elektrin\u0117 nuotoliniu b\u016bdu valdoma statybos ma\u0161ina"},"content":{"rendered":"<div class=\"smania_landing_description_title\">NAUJIENA: \u012fveikite vietov\u0119 bet kur<\/div>\n<div class=\"smania_landing_description_txt\">Savivartis sunkve\u017eimis. Buldozeris. Ekskavatorius. Sukurkite pramog\u0105!<\/div>\n<div class=\"smania_landing_description_subtitle\">Valdykite veiksm\u0105 su &#8222;PowerCrew\u2122&#8221; &#8211; geriausiu nuotoliniu b\u016bdu valdomu statyb\u0173 laivynu! Pasirinkite galing\u0105 savivart\u012f, nesustabdom\u0105 buldozer\u012f ar galing\u0105 ekskavatori\u0173 ir \u012f \u017eaidim\u0105 \u012ftraukite tikr\u0105 statyb\u0173 aik\u0161tel\u0117s energij\u0105. Puikiai tinka sm\u0117lio, purvo ar kiemo nuotykiams.<\/div>\n<div class=\"smania_landing_description_list\">\n<ul>\n<li>Visureigis Sunkiasvor\u0117 konstrukcija<\/li>\n<li>Itin jautrus nuotolinio valdymo pultas<\/li>\n<li>3 unikal\u016bs modeliai, kuriuos galima rinkti<\/li>\n<li>\u012ekraunamas ilgai veikiantis maitinimas<\/li>\n<li>Skatina k\u016brybi\u0161kum\u0105 ir koordinacij\u0105<\/li>\n<\/ul><\/div>\n","protected":false},"excerpt":{"rendered":"<p>Sukurta veikti su sm\u0117liu ir dirvo\u017eemiu|Detalus tikrovi\u0161kumas kiekviename modelyje|Saugus ir patvarus, kad b\u016bt\u0173 galima \u017eaisti be galo|Idealus dydis nuotykiams patalpose|Baterijos keitimas be r\u016bpes\u010di\u0173|Tinka \u012fvairaus am\u017eiaus \u017emon\u0117ms: 3+|\u012ekrovimo laikas: 1-2 val|Nuotolinio valdymo atstumas: apie 30-40 metr\u0173|Transporto priemon\u0117s akumuliatorius: 3,7 V, 500 mAh \u012fkraunamas li\u010dio akumuliatorius|Pakuot\u0119 sudaro: 1 \u00d7 RC transporto priemon\u0117, 1 \u00d7 2,4 GHz nuotolinio valdymo pultas (reikalingos 2 AA baterijos), 1 \u00d7 3,7 V USB \u012fkrovimo laidas, 1 \u00d7 500 mAh akumuliatorius, 1 \u00d7 naudotojo vadovas, 1 \u00d7 atsuktuvas<\/p>\n","protected":false},"featured_media":33076,"template":"","meta":[],"product_cat":[1595],"product_tag":[1621,1613],"acf":[],"_links":{"self":[{"href":"https:\/\/smania.store\/lt\/wp-json\/wp\/v2\/product\/33087"}],"collection":[{"href":"https:\/\/smania.store\/lt\/wp-json\/wp\/v2\/product"}],"about":[{"href":"https:\/\/smania.store\/lt\/wp-json\/wp\/v2\/types\/product"}],"wp:featuredmedia":[{"embeddable":true,"href":"https:\/\/smania.store\/lt\/wp-json\/wp\/v2\/media\/33076"}],"wp:attachment":[{"href":"https:\/\/smania.store\/lt\/wp-json\/wp\/v2\/media?parent=33087"}],"wp:term":[{"taxonomy":"product_cat","embeddable":true,"href":"https:\/\/smania.store\/lt\/wp-json\/wp\/v2\/product_cat?post=33087"},{"taxonomy":"product_tag","embeddable":true,"href":"https:\/\/smania.store\/lt\/wp-json\/wp\/v2\/product_tag?post=33087"}],"curies":[{"name":"wp","href":"https:\/\/api.w.org\/{rel}","templated":true}]}}