{"id":33051,"date":"2025-11-11T14:10:05","date_gmt":"2025-11-11T13:10:05","guid":{"rendered":"https:\/\/smania.store\/lt\/prekes\/cornerpantry-dvieju-sluoksniu-kampine-duonos-deze\/"},"modified":"2025-11-11T14:10:05","modified_gmt":"2025-11-11T13:10:05","slug":"cornerpantry-dvieju-sluoksniu-kampine-duonos-deze","status":"publish","type":"product","link":"https:\/\/smania.store\/lt\/prekes\/cornerpantry-dvieju-sluoksniu-kampine-duonos-deze\/","title":{"rendered":"CornerPantry\u2122 dviej\u0173 sluoksni\u0173 kampin\u0117 duonos d\u0117\u017e\u0117"},"content":{"rendered":"<div class=\"smania_landing_description_title\">NAUJIENA: &#8222;CornerPantry\u2122&#8221; dviej\u0173 sluoksni\u0173 duonos d\u0117\u017e\u0117<\/div>\n<div class=\"smania_landing_description_txt\">\u0160vie\u017eumas, tinkantis j\u016bs\u0173 virtuv\u0117s kampui<\/div>\n<div class=\"smania_landing_description_subtitle\">Pavargote nuo saus\u0173, sutr\u016bkin\u0117jusi\u0173 kepini\u0173? &#8222;CornerPantry\u2122&#8221; sukurta taip, kad j\u016bs\u0173 duona i\u0161likt\u0173 \u0161vie\u017eia kelias dienas &#8211; ir nereik\u0117t\u0173 \u0161vaistyti vietos ant prekystalio. I\u0161manus kampinis dizainas, orui pralaidus vidus ir skaidrus langelis leid\u017eia laikyti kelis kepalus, apsaugant juos nuo oro ir netvarkos.<\/div>\n<div class=\"smania_landing_description_list\">\n<ul>\n<li>Duona i\u0161lieka \u0161vie\u017eia iki 4 dien\u0173<\/li>\n<li>I\u0161manus kampinis dizainas taupo viet\u0105 ant prekystalio<\/li>\n<li>Dvigubo sluoksnio laikymo talpa tinka 2 ir daugiau kepal\u0173<\/li>\n<li>Skaidrus langelis, per kur\u012f galima patikrinti turin\u012f neatidarant<\/li>\n<li>Stilinga, patvari apdaila, deranti prie bet kokios virtuv\u0117s<\/li>\n<\/ul><\/div>\n","protected":false},"excerpt":{"rendered":"<p>Vir\u0161utinis pavir\u0161ius gali b\u016bti naudojamas papildomai saugoti|Galin\u0117 oro ventiliacijos anga tinkamam oro srautui u\u017etikrinti|Tinka vis\u0173 r\u016b\u0161i\u0173 kepiniams|Pridedamas \u012frankis, kad b\u016bt\u0173 lengva surinkti|Matmenys: 32 \u00d7 34 \u00d7 34 cm|Med\u017eiaga: paulovnijos mediena + pleksiklas|Spalva: matin\u0117 juoda|Talpa: 2 dideli kepiniai<\/p>\n","protected":false},"featured_media":33040,"template":"","meta":[],"product_cat":[1594,1602],"product_tag":[1654],"acf":[],"_links":{"self":[{"href":"https:\/\/smania.store\/lt\/wp-json\/wp\/v2\/product\/33051"}],"collection":[{"href":"https:\/\/smania.store\/lt\/wp-json\/wp\/v2\/product"}],"about":[{"href":"https:\/\/smania.store\/lt\/wp-json\/wp\/v2\/types\/product"}],"wp:featuredmedia":[{"embeddable":true,"href":"https:\/\/smania.store\/lt\/wp-json\/wp\/v2\/media\/33040"}],"wp:attachment":[{"href":"https:\/\/smania.store\/lt\/wp-json\/wp\/v2\/media?parent=33051"}],"wp:term":[{"taxonomy":"product_cat","embeddable":true,"href":"https:\/\/smania.store\/lt\/wp-json\/wp\/v2\/product_cat?post=33051"},{"taxonomy":"product_tag","embeddable":true,"href":"https:\/\/smania.store\/lt\/wp-json\/wp\/v2\/product_tag?post=33051"}],"curies":[{"name":"wp","href":"https:\/\/api.w.org\/{rel}","templated":true}]}}